{"id":1172,"date":"2023-06-20T11:42:43","date_gmt":"2023-06-20T09:42:43","guid":{"rendered":"https:\/\/johann-strauss-apotheke.at\/?page_id=1172"},"modified":"2026-01-15T12:20:55","modified_gmt":"2026-01-15T11:20:55","slug":"product-enquiry","status":"publish","type":"page","link":"https:\/\/johann-strauss-apotheke.at\/en\/produkte-services\/produktanfrage\/","title":{"rendered":"Product enquiry"},"content":{"rendered":"<div class=\"wpb-content-wrapper\"><div class=\"vc_row wpb_row vc_row-fluid vc_custom_1754756519191 bg-image-ps-inherit\"><div class=\"wpb_column vc_column_container vc_col-sm-12 vc_col-lg-8 vc_col-md-8\"><div class=\"vc_column-inner vc_custom_1754755963965\"><div class=\"wpb_wrapper\">\n\t<div class=\"wpb_text_column wpb_content_element\" >\n\t\t<div class=\"wpb_wrapper\">\n\t\t\t<h1>Product enquiry at your Johann Strauss Pharmacy in Vienna<\/h1>\n<p>Would you like to reserve a specific medication, an over-the-counter preparation or a health product? With our <strong data-start=\"307\" data-end=\"332\">Online product enquiry<\/strong> you can send your enquiry to the Johann Strauss Pharmacy in Vienna from the comfort of your own home. Our experienced pharmaceutical team will personally check your enquiry and give you feedback as quickly as possible on <strong data-start=\"551\" data-end=\"575\">Availability, price<\/strong> and <strong data-start=\"580\" data-end=\"602\">Pick-up options<\/strong>.<\/p>\n<h2>How the product enquiry works<\/h2>\n<ul>\n<li><strong data-start=\"648\" data-end=\"670\">Fill in the form<\/strong> - Enter the product name, desired quantity and your contact details.<\/li>\n<li><strong data-start=\"744\" data-end=\"764\">Send enquiry<\/strong> - Your data is encrypted and transmitted securely.<\/li>\n<li><strong data-start=\"827\" data-end=\"851\">Receive feedback<\/strong> - We will usually inform you by e-mail or telephone on the same working day.<\/li>\n<\/ul>\n<h2>Advantages of our online product enquiry<\/h2>\n<ul>\n<li data-start=\"965\" data-end=\"1014\">Quick feedback on availability and price<\/li>\n<li data-start=\"1017\" data-end=\"1050\">Convenient enquiry around the clock<\/li>\n<li data-start=\"1053\" data-end=\"1100\">Personalised advice from our specialist staff<\/li>\n<li data-start=\"1103\" data-end=\"1148\">Safely reserved medicines and products<\/li>\n<li data-start=\"1151\" data-end=\"1199\">No waiting time for collection from our pharmacy<\/li>\n<\/ul>\n\n\t\t<\/div>\n\t<\/div>\n<\/div><\/div><\/div><div class=\"wpb_column vc_column_container vc_col-sm-12 vc_col-lg-4 vc_col-md-4 rm-padding-lg\"><div class=\"vc_column-inner vc_custom_1754755955500\"><div class=\"wpb_wrapper\">\n\t<div  class=\"wpb_single_image wpb_content_element vc_align_right wpb_content_element vc_custom_1754755844896 image_align_xs_center inherit\">\n\t\t\n\t\t<figure class=\"wpb_wrapper vc_figure\">\n\t\t\t<div class=\"vc_single_image-wrapper default  vc_box_border_grey\"><img decoding=\"async\" class=\"vc_single_image-img\" src=\"https:\/\/johann-strauss-apotheke.at\/wp-content\/uploads\/2025\/08\/Produkt.jpg\" width=\"600\" height=\"706\" alt=\"The picture shows various medicines and a large brown paper bag.\" title=\"\u00a9 Canva\" \/><\/div>\n\t\t<\/figure>\n\t<\/div>\n<\/div><\/div><\/div><\/div><div data-vc-full-width=\"true\" data-vc-full-width-temp=\"true\" data-vc-full-width-init=\"false\" class=\"vc_row wpb_row vc_row-fluid vc_custom_1754756529919 vc_row-has-fill bg-image-ps-inherit\"><div class=\"wpb_column vc_column_container vc_col-sm-12 vc_col-lg-4 vc_col-md-4 rm-padding-lg\"><div class=\"vc_column-inner vc_custom_1754755955500\"><div class=\"wpb_wrapper\">\n\t<div  class=\"wpb_single_image wpb_content_element vc_align_right wpb_content_element vc_custom_1754756416378 image_align_xs_center inherit\">\n\t\t\n\t\t<figure class=\"wpb_wrapper vc_figure\">\n\t\t\t<div class=\"vc_single_image-wrapper default  vc_box_border_grey\"><img decoding=\"async\" class=\"vc_single_image-img\" src=\"https:\/\/johann-strauss-apotheke.at\/wp-content\/uploads\/2025\/08\/Info.jpg\" width=\"600\" height=\"706\" alt=\"The picture shows stacked cubes with the term Info.\" title=\"\u00a9 Canva\" \/><\/div>\n\t\t<\/figure>\n\t<\/div>\n<\/div><\/div><\/div><div class=\"wpb_column vc_column_container vc_col-sm-12 vc_col-lg-8 vc_col-md-8\"><div class=\"vc_column-inner vc_custom_1754755963965\"><div class=\"wpb_wrapper\">\n\t<div class=\"wpb_text_column wpb_content_element\" >\n\t\t<div class=\"wpb_wrapper\">\n\t\t\t<h2 data-start=\"1206\" data-end=\"1231\">Important notes<\/h2>\n<p>For prescription medication, we require a valid prescription, which you must bring with you when you collect your order. Your enquiry is <strong data-start=\"1375\" data-end=\"1392\">non-binding<\/strong> - There are no costs until you actually collect the product from us. If we do not have your desired product in stock, we will be happy to order it for you.<\/p>\n<h2 data-start=\"1573\" data-end=\"1592\">Data protection<\/h2>\n<p data-start=\"1593\" data-end=\"1793\">Your personal data will only be used to process your product enquiry and will not be passed on to third parties. Further information can be found in our <a class=\"\" href=\"https:\/\/johann-strauss-apotheke.at\/en\/data-protection\/\" rel=\"noopener\" data-start=\"1767\" data-end=\"1792\">Privacy policy<\/a>.<\/p>\n\n\t\t<\/div>\n\t<\/div>\n<\/div><\/div><\/div><\/div><div class=\"vc_row-full-width vc_clearfix\"><\/div><div data-vc-full-width=\"true\" data-vc-full-width-temp=\"true\" data-vc-full-width-init=\"false\" class=\"vc_row wpb_row vc_row-fluid vc_custom_1754756459135 bg-image-ps-inherit\"><div class=\"wpb_column vc_column_container vc_col-sm-12 vc_col-lg-8 vc_col-md-8\"><div class=\"vc_column-inner vc_custom_1754755979079\"><div class=\"wpb_wrapper\">\n\t<div class=\"wpb_text_column wpb_content_element\" >\n\t\t<div class=\"wpb_wrapper\">\n\t\t\t<h2>Product enquiry<\/h2>\n<p>Send us your details and we will be happy to let you know whether your desired product is available.<\/p>\n<p><strong>Start your product enquiry now - we look forward to hearing from you!<\/strong><\/p>\n\n\t\t<\/div>\n\t<\/div>\n    <div class=\"ct-contact-form-default   form-style1\">\n        <div class=\"ct-contact-form-inner\">\n            \n<div class=\"wpcf7 no-js\" id=\"wpcf7-f873-o1\" lang=\"en-US\" dir=\"ltr\" data-wpcf7-id=\"873\">\n<div class=\"screen-reader-response\"><p role=\"status\" aria-live=\"polite\" aria-atomic=\"true\"><\/p> <ul><\/ul><\/div>\n<form action=\"\/en\/wp-json\/wp\/v2\/pages\/1172#wpcf7-f873-o1\" method=\"post\" class=\"wpcf7-form init\" aria-label=\"Contact form\" enctype=\"multipart\/form-data\" novalidate=\"novalidate\" data-status=\"init\" data-trp-original-action=\"\/en\/wp-json\/wp\/v2\/pages\/1172#wpcf7-f873-o1\">\n<fieldset class=\"hidden-fields-container\"><input type=\"hidden\" name=\"_wpcf7\" value=\"873\" \/><input type=\"hidden\" name=\"_wpcf7_version\" value=\"6.1.5\" \/><input type=\"hidden\" name=\"_wpcf7_locale\" value=\"en_US\" \/><input type=\"hidden\" name=\"_wpcf7_unit_tag\" value=\"wpcf7-f873-o1\" \/><input type=\"hidden\" name=\"_wpcf7_container_post\" value=\"0\" \/><input type=\"hidden\" name=\"_wpcf7_posted_data_hash\" value=\"\" \/>\n<\/fieldset>\n<div class=\"row\">\n\t<div class=\"col-sm-12 col-md-6 col-lg-6\">\n\t\t<div class=\"input-filled\">\n\t\t\t<p><span class=\"wpcf7-form-control-wrap\" data-name=\"firstname\"><input size=\"40\" maxlength=\"400\" class=\"wpcf7-form-control wpcf7-text wpcf7-validates-as-required\" aria-required=\"true\" aria-invalid=\"false\" placeholder=\"First name*\" value=\"\" type=\"text\" name=\"firstname\" \/><\/span>\n\t\t\t<\/p>\n\t\t<\/div>\n\t<\/div>\n\t<div class=\"col-sm-12 col-md-6 col-lg-6\">\n\t\t<div class=\"input-filled\">\n\t\t\t<p><span class=\"wpcf7-form-control-wrap\" data-name=\"lastname\"><input size=\"40\" maxlength=\"400\" class=\"wpcf7-form-control wpcf7-text wpcf7-validates-as-required\" aria-required=\"true\" aria-invalid=\"false\" placeholder=\"Surname*\" value=\"\" type=\"text\" name=\"lastname\" \/><\/span>\n\t\t\t<\/p>\n\t\t<\/div>\n\t<\/div>\n<\/div>\n<div class=\"row\">\n\t<div class=\"col-sm-12 col-md-6 col-lg-6\">\n\t\t<div class=\"input-filled\">\n\t\t\t<p><span class=\"wpcf7-form-control-wrap\" data-name=\"email\"><input size=\"40\" maxlength=\"400\" class=\"wpcf7-form-control wpcf7-email wpcf7-validates-as-required wpcf7-text wpcf7-validates-as-email\" aria-required=\"true\" aria-invalid=\"false\" placeholder=\"E-mail address*\" value=\"\" type=\"email\" name=\"email\" \/><\/span>\n\t\t\t<\/p>\n\t\t<\/div>\n\t<\/div>\n\t<div class=\"col-sm-12 col-md-6 col-lg-6\">\n\t\t<div class=\"input-filled\">\n\t\t\t<p><span class=\"wpcf7-form-control-wrap\" data-name=\"phone\"><input size=\"40\" maxlength=\"400\" class=\"wpcf7-form-control wpcf7-tel wpcf7-validates-as-required wpcf7-text wpcf7-validates-as-tel\" aria-required=\"true\" aria-invalid=\"false\" placeholder=\"Telephone number*\" value=\"\" type=\"tel\" name=\"phone\" \/><\/span>\n\t\t\t<\/p>\n\t\t<\/div>\n\t<\/div>\n<\/div>\n<div class=\"row\">\n\t<div class=\"col-12\">\n\t\t<div class=\"input-filled\">\n\t\t\t<p><span class=\"wpcf7-form-control-wrap\" data-name=\"product\"><input size=\"40\" maxlength=\"400\" class=\"wpcf7-form-control wpcf7-text wpcf7-validates-as-required\" aria-required=\"true\" aria-invalid=\"false\" placeholder=\"Product name*\" value=\"\" type=\"text\" name=\"product\" \/><\/span>\n\t\t\t<\/p>\n\t\t<\/div>\n\t<\/div>\n<\/div>\n<div class=\"row\">\n\t<div class=\"col-12\">\n\t\t<p>Photo of packaging or recipe (max. 2MB, jpg or png)\n\t\t<\/p>\n\t\t<div class=\"input-filled\">\n\t\t\t<p><span class=\"wpcf7-form-control-wrap\" data-name=\"image\"><input size=\"40\" class=\"wpcf7-form-control wpcf7-file\" accept=\".jpg,.jpeg,.png,.gif\" aria-invalid=\"false\" type=\"file\" name=\"image\" \/><\/span>\n\t\t\t<\/p>\n\t\t<\/div>\n\t<\/div>\n<\/div>\n<div class=\"row\">\n\t<div class=\"col-12\">\n\t\t<div class=\"input-filled\">\n\t\t\t<p><span class=\"wpcf7-form-control-wrap\" data-name=\"message\"><textarea cols=\"40\" rows=\"10\" maxlength=\"2000\" class=\"wpcf7-form-control wpcf7-textarea wpcf7-validates-as-required\" aria-required=\"true\" aria-invalid=\"false\" placeholder=\"Message*\" name=\"message\"><\/textarea><\/span>\n\t\t\t<\/p>\n\t\t<\/div>\n\t<\/div>\n<\/div>\n<div class=\"row\">\n\t<div class=\"col-12\">\n\t\t<div class=\"\">\n\t\t\t<p><span class=\"wpcf7-form-control-wrap\" data-name=\"priacy\"><span class=\"wpcf7-form-control wpcf7-checkbox wpcf7-validates-as-required\"><span class=\"wpcf7-list-item first last\"><label><input type=\"checkbox\" name=\"priacy[]\" value=\"Ich erkl\u00e4re mich mit dem Datenschutz einverstanden*.\" \/><span class=\"wpcf7-list-item-label\">I agree to the privacy policy*.<\/span><\/label><\/span><\/span><\/span>\n\t\t\t<\/p>\n\t\t<\/div>\n\t<\/div>\n<\/div>\n<div class=\"row\">\n\t<div class=\"cf7-cf-turnstile\" style=\"margin-top: 0px; margin-bottom: -15px;\"> <div id=\"cf-turnstile-cf7-2530510053\" class=\"cf-turnstile\" data-sitekey=\"0x4AAAAAAAVmoJqBun6Tj3PG\" data-theme=\"light\" data-language=\"auto\" data-size=\"\" data-retry=\"auto\" data-retry-interval=\"1000\" data-refresh-expired=\"auto\" data-refresh-timeout=\"auto\" data-action=\"contact-form-7\" data-callback=\"turnstileCF7Callback\" data-appearance=\"interaction-only\"><\/div> <script>document.addEventListener(\"DOMContentLoaded\", function() { setTimeout(function(){ var e=document.getElementById(\"cf-turnstile-cf7-2530510053\"); if(e&&!e.innerHTML.trim()){turnstile.render(e, {sitekey:\"0x4AAAAAAAVmoJqBun6Tj3PG\"});} }, 200); });<\/script> <style>#cf-turnstile-cf7-2530510053 iframe { margin-bottom: 15px; }<\/style> <style>#cf-turnstile-cf7-2530510053 { margin-left: -15px; }<\/style> <script>document.addEventListener(\"DOMContentLoaded\",function(){document.querySelectorAll('.wpcf7-form').forEach(function(e){e.addEventListener('submit',function(){if(document.getElementById('cf-turnstile-cf7-2530510053')){setTimeout(function(){turnstile.reset('#cf-turnstile-cf7-2530510053');},1000)}})})});<\/script> <\/div>\n\t<div class=\"col-12 rm-margin\">\n\t\t<p><input class=\"wpcf7-form-control wpcf7-submit has-spinner btn\" type=\"submit\" value=\"Send\" \/>\n\t\t<\/p>\n\t<\/div>\n<\/div><div class=\"wpcf7-response-output\" aria-hidden=\"true\"><\/div>\n<input type=\"hidden\" name=\"trp-form-language\" value=\"en\"\/><\/form>\n<\/div>\n        <\/div>\n    <\/div>\n<\/div><\/div><\/div><div class=\"wpb_column vc_column_container vc_col-sm-12 vc_col-lg-4 vc_col-md-4 rm-padding-lg\"><div class=\"vc_column-inner vc_custom_1754755987743\"><div class=\"wpb_wrapper\">\n\t<div  class=\"wpb_single_image wpb_content_element vc_align_right wpb_content_element vc_custom_1754755904606 image_align_xs_center inherit\">\n\t\t\n\t\t<figure class=\"wpb_wrapper vc_figure\">\n\t\t\t<div class=\"vc_single_image-wrapper default  vc_box_border_grey\"><img decoding=\"async\" class=\"vc_single_image-img\" src=\"https:\/\/johann-strauss-apotheke.at\/wp-content\/uploads\/2025\/08\/JS_A.jpg\" width=\"600\" height=\"706\" alt=\"The picture shows the Johann Strauss Pharmacy Vienna 1040 Wieden from the outside on a sunny day.\" title=\"\u00a9 Zweiconcept\" \/><\/div>\n\t\t<\/figure>\n\t<\/div>\n<\/div><\/div><\/div><\/div><div class=\"vc_row-full-width vc_clearfix\"><\/div><div id=\"contact\" data-vc-full-width=\"true\" data-vc-full-width-temp=\"true\" data-vc-full-width-init=\"false\" data-vc-parallax=\"1.8\" class=\"vc_row wpb_row vc_row-fluid vc_custom_1687439461465 vc_row-has-fill vc_general vc_parallax vc_parallax-content-moving row-overlay bg-image-ps-inherit\"><div class=\"wpb_column vc_column_container vc_col-sm-6\"><div class=\"vc_column-inner vc_custom_1533033549183\"><div class=\"wpb_wrapper\"><div class=\"wpb_gmaps_widget wpb_content_element\"><div class=\"wpb_wrapper\"><div class=\"wpb_map_wraper\"> <div class=\"brlbs-cmpnt-container brlbs-cmpnt-content-blocker brlbs-cmpnt-with-individual-styles\" data-borlabs-cookie-content-blocker-id=\"google-maps\" data-borlabs-cookie-content=\"PGlmcmFtZSBzcmM9Imh0dHBzOi8vd3d3Lmdvb2dsZS5jb20vbWFwcy9lbWJlZD9wYj0hMW0xOCExbTEyITFtMyExZDI2NjAuMDI5ODgxNzQ2MzAzNSEyZDE2LjM2NjE4MzY3Njc5NjQwMyEzZDQ4LjE4Njc3NTc0NzczNDIhMm0zITFmMCEyZjAhM2YwITNtMiExaTEwMjQhMmk3NjghNGYxMy4xITNtMyExbTIhMXMweDQ3NmRhOWQ0ZjNjYmVjMTclM0EweDkyYTQ2ZjQ1ZmRmYTlhM2IhMnNKb2hhbm4tU3RyYXUlQzMlOUYtR2Fzc2UlMjAzMiUyQyUyMDEwNDAlMjBXaWVuITVlMCEzbTIhMXNkZSEyc2F0ITR2MTY4NjEzODA4OTExNyE1bTIhMXNkZSEyc2F0IiB3aWR0aD0iNjAwIiBoZWlnaHQ9IjU1MCIgc3R5bGU9ImJvcmRlcjowOyIgYWxsb3dmdWxsc2NyZWVuPSIiIGxvYWRpbmc9ImxhenkiIHJlZmVycmVycG9saWN5PSJuby1yZWZlcnJlci13aGVuLWRvd25ncmFkZSI+PC9pZnJhbWU+\"><div class=\"brlbs-cmpnt-cb-preset-b brlbs-cmpnt-cb-google-maps\"> <div class=\"brlbs-cmpnt-cb-thumbnail\" style=\"background-image: url('https:\/\/johann-strauss-apotheke.at\/wp-content\/uploads\/borlabs-cookie\/1\/brlbs-cb-google-maps-main.png')\"><\/div> <div class=\"brlbs-cmpnt-cb-main\"> <div class=\"brlbs-cmpnt-cb-content\"> <p class=\"brlbs-cmpnt-cb-description\">You are currently viewing a placeholder content from <strong>Google Maps<\/strong>. To access the actual content, click the button below. Please note that doing so will share data with third-party providers.<\/p> <a class=\"brlbs-cmpnt-cb-provider-toggle\" href=\"#\" data-borlabs-cookie-show-provider-information role=\"button\">More Information<\/a> <\/div> <div class=\"brlbs-cmpnt-cb-buttons\"> <a class=\"brlbs-cmpnt-cb-btn\" href=\"#\" data-borlabs-cookie-unblock role=\"button\">Unblock content<\/a> <a class=\"brlbs-cmpnt-cb-btn\" href=\"#\" data-borlabs-cookie-accept-service role=\"button\" style=\"display: inherit\">Accept required service and unblock content<\/a> <\/div> <\/div> <\/div><\/div><\/div><\/div><\/div><\/div><\/div><\/div><div class=\"wpb_column vc_column_container vc_col-sm-6\"><div class=\"vc_column-inner vc_custom_1533033599033\"><div class=\"wpb_wrapper\"><div class=\"vc_empty_space\"   style=\"height: 10px\"><span class=\"vc_empty_space_inner\"><\/span><\/div><div id=\"ct-heading\" class=\"ct-heading align-left align-left-md align-left-sm align-left-xs\">\n            <style type=\"text\/css\">\n            @media (min-width: 991px) and (max-width: 1200px) {\n                #ct-heading .ct-heading-tag {\n                                            font-size: 30px !important;\n                                                        }\n            }\n        <\/style>\n    \n            <style type=\"text\/css\">\n            @media (min-width: 768px) and (max-width: 991px) {\n                #ct-heading .ct-heading-tag {\n                                            font-size: 30px !important;\n                                                        }\n            }\n        <\/style>\n    \n            <style type=\"text\/css\">\n            @media screen and (max-width: 767px) {\n                #ct-heading .ct-heading-tag {\n                                            font-size: 30px !important;\n                                                        }\n            }\n        <\/style>\n        \n        \n    <h3 class=\"ct-heading-tag\" style=\"margin-bottom:12px;font-size:30px;font-weight:600; \">\n                                    Contact us                                    <\/h3>\n\n    \n    <\/div><div class=\"vc_empty_space\"   style=\"height: 26px\"><span class=\"vc_empty_space_inner\"><\/span><\/div>    <div class=\"ct-contact-form-default   form-style1\">\n        <div class=\"ct-contact-form-inner\">\n            \n<div class=\"wpcf7 no-js\" id=\"wpcf7-f819-o2\" lang=\"en-US\" dir=\"ltr\" data-wpcf7-id=\"819\">\n<div class=\"screen-reader-response\"><p role=\"status\" aria-live=\"polite\" aria-atomic=\"true\"><\/p> <ul><\/ul><\/div>\n<form action=\"\/en\/wp-json\/wp\/v2\/pages\/1172#wpcf7-f819-o2\" method=\"post\" class=\"wpcf7-form init\" aria-label=\"Contact form\" novalidate=\"novalidate\" data-status=\"init\" data-trp-original-action=\"\/en\/wp-json\/wp\/v2\/pages\/1172#wpcf7-f819-o2\">\n<fieldset class=\"hidden-fields-container\"><input type=\"hidden\" name=\"_wpcf7\" value=\"819\" \/><input type=\"hidden\" name=\"_wpcf7_version\" value=\"6.1.5\" \/><input type=\"hidden\" name=\"_wpcf7_locale\" value=\"en_US\" \/><input type=\"hidden\" name=\"_wpcf7_unit_tag\" value=\"wpcf7-f819-o2\" \/><input type=\"hidden\" name=\"_wpcf7_container_post\" value=\"0\" \/><input type=\"hidden\" name=\"_wpcf7_posted_data_hash\" value=\"\" \/>\n<\/fieldset>\n<div class=\"row\">\n\t<div class=\"col-sm-12 col-md-6 col-lg-6\">\n\t\t<div class=\"input-filled\">\n\t\t\t<p><span class=\"wpcf7-form-control-wrap\" data-name=\"firstname\"><input size=\"40\" maxlength=\"400\" class=\"wpcf7-form-control wpcf7-text wpcf7-validates-as-required\" aria-required=\"true\" aria-invalid=\"false\" placeholder=\"First name*\" value=\"\" type=\"text\" name=\"firstname\" \/><\/span>\n\t\t\t<\/p>\n\t\t<\/div>\n\t<\/div>\n\t<div class=\"col-sm-12 col-md-6 col-lg-6\">\n\t\t<div class=\"input-filled\">\n\t\t\t<p><span class=\"wpcf7-form-control-wrap\" data-name=\"lastname\"><input size=\"40\" maxlength=\"400\" class=\"wpcf7-form-control wpcf7-text wpcf7-validates-as-required\" aria-required=\"true\" aria-invalid=\"false\" placeholder=\"Surname*\" value=\"\" type=\"text\" name=\"lastname\" \/><\/span>\n\t\t\t<\/p>\n\t\t<\/div>\n\t<\/div>\n<\/div>\n<div class=\"row\">\n\t<div class=\"col-sm-12 col-md-6 col-lg-6\">\n\t\t<div class=\"input-filled\">\n\t\t\t<p><span class=\"wpcf7-form-control-wrap\" data-name=\"email\"><input size=\"40\" maxlength=\"400\" class=\"wpcf7-form-control wpcf7-email wpcf7-validates-as-required wpcf7-text wpcf7-validates-as-email\" aria-required=\"true\" aria-invalid=\"false\" placeholder=\"E-mail address*\" value=\"\" type=\"email\" name=\"email\" \/><\/span>\n\t\t\t<\/p>\n\t\t<\/div>\n\t<\/div>\n\t<div class=\"col-sm-12 col-md-6 col-lg-6\">\n\t\t<div class=\"input-filled\">\n\t\t\t<p><span class=\"wpcf7-form-control-wrap\" data-name=\"phone\"><input size=\"40\" maxlength=\"400\" class=\"wpcf7-form-control wpcf7-tel wpcf7-validates-as-required wpcf7-text wpcf7-validates-as-tel\" aria-required=\"true\" aria-invalid=\"false\" placeholder=\"Telephone number*\" value=\"\" type=\"tel\" name=\"phone\" \/><\/span>\n\t\t\t<\/p>\n\t\t<\/div>\n\t<\/div>\n<\/div>\n<div class=\"row\">\n\t<div class=\"col-12\">\n\t\t<div class=\"input-filled\">\n\t\t\t<p><span class=\"wpcf7-form-control-wrap\" data-name=\"message\"><textarea cols=\"40\" rows=\"10\" maxlength=\"2000\" class=\"wpcf7-form-control wpcf7-textarea wpcf7-validates-as-required\" aria-required=\"true\" aria-invalid=\"false\" placeholder=\"Message*\" name=\"message\"><\/textarea><\/span>\n\t\t\t<\/p>\n\t\t<\/div>\n\t<\/div>\n<\/div>\n<div class=\"row\">\n\t<div class=\"col-12\">\n\t\t<div class=\"\">\n\t\t\t<p><span class=\"wpcf7-form-control-wrap\" data-name=\"call\"><span class=\"wpcf7-form-control wpcf7-checkbox\"><span class=\"wpcf7-list-item first last\"><label><input type=\"checkbox\" name=\"call[]\" value=\"Ich bitte um einen R\u00fcckruf.\" \/><span class=\"wpcf7-list-item-label\">Please call me back.<\/span><\/label><\/span><\/span><\/span>\n\t\t\t<\/p>\n\t\t<\/div>\n\t<\/div>\n\t<div class=\"col-12\">\n\t\t<div class=\"\">\n\t\t\t<p><span class=\"wpcf7-form-control-wrap\" data-name=\"priacy\"><span class=\"wpcf7-form-control wpcf7-checkbox wpcf7-validates-as-required\"><span class=\"wpcf7-list-item first last\"><label><input type=\"checkbox\" name=\"priacy[]\" value=\"Ich erkl\u00e4re mich mit dem Datenschutz einverstanden*.\" \/><span class=\"wpcf7-list-item-label\">I agree to the privacy policy*.<\/span><\/label><\/span><\/span><\/span>\n\t\t\t<\/p>\n\t\t<\/div>\n\t<\/div>\n<\/div>\n<div class=\"cf7-cf-turnstile\" style=\"margin-top: 0px; margin-bottom: -15px;\"> <div id=\"cf-turnstile-cf7-357180753\" class=\"cf-turnstile\" data-sitekey=\"0x4AAAAAAAVmoJqBun6Tj3PG\" data-theme=\"light\" data-language=\"auto\" data-size=\"\" data-retry=\"auto\" data-retry-interval=\"1000\" data-refresh-expired=\"auto\" data-refresh-timeout=\"auto\" data-action=\"contact-form-7\" data-callback=\"turnstileCF7Callback\" data-appearance=\"interaction-only\"><\/div> <script>document.addEventListener(\"DOMContentLoaded\", function() { setTimeout(function(){ var e=document.getElementById(\"cf-turnstile-cf7-357180753\"); if(e&&!e.innerHTML.trim()){turnstile.render(e, {sitekey:\"0x4AAAAAAAVmoJqBun6Tj3PG\"});} }, 200); });<\/script> <style>#cf-turnstile-cf7-357180753 iframe { margin-bottom: 15px; }<\/style> <style>#cf-turnstile-cf7-357180753 { margin-left: -15px; }<\/style> <script>document.addEventListener(\"DOMContentLoaded\",function(){document.querySelectorAll('.wpcf7-form').forEach(function(e){e.addEventListener('submit',function(){if(document.getElementById('cf-turnstile-cf7-357180753')){setTimeout(function(){turnstile.reset('#cf-turnstile-cf7-357180753');},1000)}})})});<\/script> <\/div>\n<div class=\"row\">\n\t<div class=\"col-12 rm-margin\">\n\t\t<p><input class=\"wpcf7-form-control wpcf7-submit has-spinner btn\" type=\"submit\" value=\"Send\" \/>\n\t\t<\/p>\n\t<\/div>\n<\/div><div class=\"wpcf7-response-output\" aria-hidden=\"true\"><\/div>\n<input type=\"hidden\" name=\"trp-form-language\" value=\"en\"\/><\/form>\n<\/div>\n        <\/div>\n    <\/div>\n<\/div><\/div><\/div><\/div><div class=\"vc_row-full-width vc_clearfix\"><\/div>\n<\/div>","protected":false},"excerpt":{"rendered":"Produktanfrage bei Ihrer Johann-Strauss-Apotheke in Wien Sie m\u00f6chten ein bestimmtes Medikament, ein rezeptfreies Pr\u00e4parat oder ein Gesundheitsprodukt reservieren? Mit unserer Online-Produktanfrage k\u00f6nnen Sie Ihre W\u00fcnsche bequem von zu Hause aus [...]","protected":false},"author":1,"featured_media":0,"parent":3173,"menu_order":2,"comment_status":"closed","ping_status":"closed","template":"","meta":{"inline_featured_image":false,"_price":"","_stock":"","_tribe_ticket_header":"","_tribe_default_ticket_provider":"","_tribe_ticket_capacity":"0","_ticket_start_date":"","_ticket_end_date":"","_tribe_ticket_show_description":"","_tribe_ticket_show_not_going":false,"_tribe_ticket_use_global_stock":"","_tribe_ticket_global_stock_level":"","_global_stock_mode":"","_global_stock_cap":"","_tribe_rsvp_for_event":"","_tribe_ticket_going_count":"","_tribe_ticket_not_going_count":"","_tribe_tickets_list":"[]","_tribe_ticket_has_attendee_info_fields":false,"footnotes":"","_tec_slr_enabled":"","_tec_slr_layout":""},"class_list":["post-1172","page","type-page","status-publish","hentry"],"rttpg_featured_image_url":null,"rttpg_author":{"display_name":"admin","author_link":"https:\/\/johann-strauss-apotheke.at\/en\/author\/b-boehmbwit-at\/"},"rttpg_comment":0,"rttpg_category":null,"rttpg_excerpt":null,"ticketed":false,"_links":{"self":[{"href":"https:\/\/johann-strauss-apotheke.at\/en\/wp-json\/wp\/v2\/pages\/1172","targetHints":{"allow":["GET"]}}],"collection":[{"href":"https:\/\/johann-strauss-apotheke.at\/en\/wp-json\/wp\/v2\/pages"}],"about":[{"href":"https:\/\/johann-strauss-apotheke.at\/en\/wp-json\/wp\/v2\/types\/page"}],"author":[{"embeddable":true,"href":"https:\/\/johann-strauss-apotheke.at\/en\/wp-json\/wp\/v2\/users\/1"}],"replies":[{"embeddable":true,"href":"https:\/\/johann-strauss-apotheke.at\/en\/wp-json\/wp\/v2\/comments?post=1172"}],"version-history":[{"count":12,"href":"https:\/\/johann-strauss-apotheke.at\/en\/wp-json\/wp\/v2\/pages\/1172\/revisions"}],"predecessor-version":[{"id":6784,"href":"https:\/\/johann-strauss-apotheke.at\/en\/wp-json\/wp\/v2\/pages\/1172\/revisions\/6784"}],"up":[{"embeddable":true,"href":"https:\/\/johann-strauss-apotheke.at\/en\/wp-json\/wp\/v2\/pages\/3173"}],"wp:attachment":[{"href":"https:\/\/johann-strauss-apotheke.at\/en\/wp-json\/wp\/v2\/media?parent=1172"}],"curies":[{"name":"wp","href":"https:\/\/api.w.org\/{rel}","templated":true}]}}