{"id":2377,"date":"2023-11-10T09:55:17","date_gmt":"2023-11-10T08:55:17","guid":{"rendered":"https:\/\/johann-strauss-apotheke.at\/?page_id=2377"},"modified":"2026-01-15T12:22:02","modified_gmt":"2026-01-15T11:22:02","slug":"cbd-products","status":"publish","type":"page","link":"https:\/\/johann-strauss-apotheke.at\/en\/produkte-services\/cbd-produkte\/","title":{"rendered":"CBD oils"},"content":{"rendered":"<div class=\"wpb-content-wrapper\"><div data-vc-full-width=\"true\" data-vc-full-width-temp=\"true\" data-vc-full-width-init=\"false\" class=\"vc_row wpb_row vc_row-fluid box-center vc_custom_1689743136579 bg-image-ps-inherit\"><div class=\"wpb_column vc_column_container vc_col-sm-12 vc_col-lg-8 vc_col-md-8\"><div class=\"vc_column-inner\"><div class=\"wpb_wrapper\">\n\t<div class=\"wpb_text_column wpb_content_element text-center\" >\n\t\t<div class=\"wpb_wrapper\">\n\t\t\t<h1 style=\"text-align: center;\">CBD oil from Sonn'Werk<\/h1>\n<p style=\"text-align: center;\">The effect of <strong data-start=\"112\" data-end=\"119\">CBD<\/strong> (cannabidiol) is being intensively researched and appreciated by many users. With <a href=\"https:\/\/sonn-werk.at\/\" target=\"_blank\" rel=\"noopener nofollow\">Sonn'Werk<\/a> you will find <strong data-start=\"222\" data-end=\"237\">high quality<\/strong> products. Cannabidiol is legal and offers a natural alternative. Place your trust in <a href=\"https:\/\/sonn-werk.at\/\" target=\"_blank\" rel=\"noopener nofollow\">Sonn'Werk<\/a> for quality and reliability.<\/p>\n\n\t\t<\/div>\n\t<\/div>\n\n\t<div  class=\"wpb_single_image wpb_content_element vc_align_center wpb_content_element  svg-blatt inherit inherit\">\n\t\t\n\t\t<figure class=\"wpb_wrapper vc_figure\">\n\t\t\t<div class=\"vc_single_image-wrapper default  vc_box_border_grey\"><img decoding=\"async\" width=\"1\" height=\"1\" src=\"https:\/\/johann-strauss-apotheke.at\/wp-content\/uploads\/2023\/06\/kreuz.svg\" class=\"vc_single_image-img attachment-full\" alt=\"\" title=\"cross svg\" \/><\/div>\n\t\t<\/figure>\n\t<\/div>\n<\/div><\/div><\/div><\/div><div class=\"vc_row-full-width vc_clearfix\"><\/div><div data-vc-full-width=\"true\" data-vc-full-width-temp=\"true\" data-vc-full-width-init=\"false\" class=\"vc_row wpb_row vc_row-fluid vc_custom_1749661847295 vc_row-has-fill bg-image-ps-inherit\"><div class=\"wpb_column vc_column_container vc_col-sm-12 vc_col-lg-8 vc_col-md-8\"><div class=\"vc_column-inner vc_custom_1689742555186\"><div class=\"wpb_wrapper\">\n\t<div class=\"wpb_text_column wpb_content_element\" >\n\t\t<div class=\"wpb_wrapper\">\n\t\t\t<h2>The effects of cannabidiol: benefits and applications<\/h2>\n<p>CBD, short for cannabidiol, is a chemical compound from the cannabis plant and one of over 100 identified cannabinoids. Unlike THC, cannabidiol has no psychoactive properties and therefore does not cause a \u201chigh\u201d. The effect results from the interaction with the endocannabinoid system, which regulates important processes such as sleep, mood, appetite, immune system and pain perception.<\/p>\n<p>Cannabidiol is legal and is often researched for its potential health benefits. Cannabidiol is particularly well known for its pain-relieving properties and anti-anxiety effects. Many users report positive experiences with drops for pain and anxiety.<\/p>\n<p>There are also suitable solutions for pets: CBD for dogs can support their well-being and is becoming increasingly popular. The versatile application options and positive effects make cannabidiol a valuable addition to everyday life.<\/p>\n\n\t\t<\/div>\n\t<\/div>\n<\/div><\/div><\/div><div class=\"wpb_column vc_column_container vc_col-sm-12 vc_col-lg-4 vc_col-md-4 vc_col-has-fill\"><div class=\"vc_column-inner vc_custom_1718186087475\"><div class=\"wpb_wrapper\">\n\t<div  class=\"wpb_single_image wpb_content_element vc_align_right wpb_content_element vc_custom_1718215333715 image_align_xs_center inherit\">\n\t\t\n\t\t<figure class=\"wpb_wrapper vc_figure\">\n\t\t\t<div class=\"vc_single_image-wrapper default  vc_box_border_grey\"><img decoding=\"async\" class=\"vc_single_image-img\" src=\"https:\/\/johann-strauss-apotheke.at\/wp-content\/uploads\/2024\/06\/Design-ohne-T567itel.jpg\" width=\"600\" height=\"706\" alt=\"CBD\" title=\"\u00a9 Canva\" \/><\/div>\n\t\t<\/figure>\n\t<\/div>\n<\/div><\/div><\/div><\/div><div class=\"vc_row-full-width vc_clearfix\"><\/div><div data-vc-full-width=\"true\" data-vc-full-width-temp=\"true\" data-vc-full-width-init=\"false\" class=\"vc_row wpb_row vc_row-fluid vc_custom_1692087847793 bg-image-ps-inherit\"><div class=\"wpb_column vc_column_container vc_col-sm-12 vc_col-lg-4 vc_col-md-4 vc_col-has-fill\"><div class=\"vc_column-inner vc_custom_1718215456744\"><div class=\"wpb_wrapper\">\n\t<div  class=\"wpb_single_image wpb_content_element vc_align_left wpb_content_element vc_custom_1718215263923 image_align_xs_center inherit\">\n\t\t\n\t\t<figure class=\"wpb_wrapper vc_figure\">\n\t\t\t<div class=\"vc_single_image-wrapper default  vc_box_border_grey\"><img decoding=\"async\" class=\"vc_single_image-img\" src=\"https:\/\/johann-strauss-apotheke.at\/wp-content\/uploads\/2024\/06\/Design-ohnefas-Titel.jpg\" width=\"600\" height=\"706\" alt=\"CBD\" title=\"\u00a9 Canva\" \/><\/div>\n\t\t<\/figure>\n\t<\/div>\n<\/div><\/div><\/div><div class=\"wpb_column vc_column_container vc_col-sm-12 vc_col-lg-8 vc_col-md-8\"><div class=\"vc_column-inner vc_custom_1689742555186\"><div class=\"wpb_wrapper\">\n\t<div class=\"wpb_text_column wpb_content_element\" >\n\t\t<div class=\"wpb_wrapper\">\n\t\t\t<h2 data-start=\"124\" data-end=\"170\">Application and legal aspects of CBD oil<\/h2>\n<p data-start=\"172\" data-end=\"547\">Cannabidiol oil is a non-psychoactive substance from the hemp plant and, unlike THC, is not associated with a \u201ehigh\u201c. Obtained from varieties with a low THC content, it is often offered as a dietary supplement - for example in the form of tinctures, capsules, gummies or vapes. Specialised varieties are also available for pets.<\/p>\n<p data-start=\"549\" data-end=\"815\">Many users turn to the oil for its potentially positive effects on pain, inflammation, anxiety and sleep problems. Although testimonials are promising, scientific research into the exact effects is still in its infancy.<\/p>\n<h3 data-start=\"817\" data-end=\"836\">Legal situation<\/h3>\n<p data-start=\"838\" data-end=\"1186\">The legislation surrounding cannabidiol is not standardised. In some countries, use is permitted, in others strict regulations apply. Before use, you should inform yourself about the respective legal situation and, if in doubt, seek medical advice - especially if you have existing health problems or are taking medication.<\/p>\n\n\t\t<\/div>\n\t<\/div>\n<\/div><\/div><\/div><\/div><div class=\"vc_row-full-width vc_clearfix\"><\/div><div id=\"faq\" data-vc-full-width=\"true\" data-vc-full-width-temp=\"true\" data-vc-full-width-init=\"false\" class=\"vc_row wpb_row vc_row-fluid vc_custom_1749661903783 vc_row-has-fill bg-image-ps-inherit\"><div class=\"wpb_column vc_column_container vc_col-sm-12\"><div class=\"vc_column-inner\"><div class=\"wpb_wrapper\">\n\t<div class=\"wpb_text_column wpb_content_element\" >\n\t\t<div class=\"wpb_wrapper\">\n\t\t\t<h2>Questions &amp; answers about CBD<\/h2>\n\n\t\t<\/div>\n\t<\/div>\n<div  class=\"vc_do_toggle vc_toggle vc_toggle_default vc_toggle_color_default  vc_toggle_size_md\"><div class=\"vc_toggle_title\"><h4>Is CBD oil safe?<\/h4><i class=\"vc_toggle_icon\"><\/i><\/div><div class=\"vc_toggle_content\"><p>Yes, CBD oil is generally considered to be well tolerated. If you are unsure, you should seek medical advice.<\/p>\n<\/div><\/div><div  class=\"vc_do_toggle vc_toggle vc_toggle_default vc_toggle_color_default  vc_toggle_size_md\"><div class=\"vc_toggle_title\"><h4>Does CBD oil have side effects?<\/h4><i class=\"vc_toggle_icon\"><\/i><\/div><div class=\"vc_toggle_content\"><p>Possible side effects include tiredness, dry mouth or stomach problems - usually only at higher doses.<\/p>\n<\/div><\/div><div  class=\"vc_do_toggle vc_toggle vc_toggle_default vc_toggle_color_default  vc_toggle_size_md\"><div class=\"vc_toggle_title\"><h4>Does CBD oil show up in drug tests?<\/h4><i class=\"vc_toggle_icon\"><\/i><\/div><div class=\"vc_toggle_content\"><p>Generally not, as long as the oil is below the legal THC limit.<\/p>\n<\/div><\/div><div  class=\"vc_do_toggle vc_toggle vc_toggle_default vc_toggle_color_default  vc_toggle_size_md\"><div class=\"vc_toggle_title\"><h4>Is CBD oil legal in Austria?<\/h4><i class=\"vc_toggle_icon\"><\/i><\/div><div class=\"vc_toggle_content\"><p>Yes - CBD oil is legal in Austria as long as the THC content is below 0.3 %. It does not fall under the Narcotic Drugs Act.<\/p>\n<\/div><\/div><div  class=\"vc_do_toggle vc_toggle vc_toggle_default vc_toggle_color_default  vc_toggle_size_md\"><div class=\"vc_toggle_title\"><h4>How do I dose CBD oil correctly?<\/h4><i class=\"vc_toggle_icon\"><\/i><\/div><div class=\"vc_toggle_content\"><p>It is best to start with a low dose and increase slowly - depending on your needs and tolerance.<\/p>\n<\/div><\/div><\/div><\/div><\/div><\/div><div class=\"vc_row-full-width vc_clearfix\"><\/div><div id=\"contact\" data-vc-full-width=\"true\" data-vc-full-width-temp=\"true\" data-vc-full-width-init=\"false\" data-vc-parallax=\"1.8\" class=\"vc_row wpb_row vc_row-fluid vc_custom_1687439461465 vc_row-has-fill vc_general vc_parallax vc_parallax-content-moving row-overlay bg-image-ps-inherit\"><div class=\"wpb_column vc_column_container vc_col-sm-6\"><div class=\"vc_column-inner vc_custom_1533033549183\"><div class=\"wpb_wrapper\"><div class=\"wpb_gmaps_widget wpb_content_element\"><div class=\"wpb_wrapper\"><div class=\"wpb_map_wraper\"> <div class=\"brlbs-cmpnt-container brlbs-cmpnt-content-blocker brlbs-cmpnt-with-individual-styles\" data-borlabs-cookie-content-blocker-id=\"google-maps\" data-borlabs-cookie-content=\"PGlmcmFtZSBzcmM9Imh0dHBzOi8vd3d3Lmdvb2dsZS5jb20vbWFwcy9lbWJlZD9wYj0hMW0xOCExbTEyITFtMyExZDI2NjAuMDI5ODgxNzQ2MzAzNSEyZDE2LjM2NjE4MzY3Njc5NjQwMyEzZDQ4LjE4Njc3NTc0NzczNDIhMm0zITFmMCEyZjAhM2YwITNtMiExaTEwMjQhMmk3NjghNGYxMy4xITNtMyExbTIhMXMweDQ3NmRhOWQ0ZjNjYmVjMTclM0EweDkyYTQ2ZjQ1ZmRmYTlhM2IhMnNKb2hhbm4tU3RyYXUlQzMlOUYtR2Fzc2UlMjAzMiUyQyUyMDEwNDAlMjBXaWVuITVlMCEzbTIhMXNkZSEyc2F0ITR2MTY4NjEzODA4OTExNyE1bTIhMXNkZSEyc2F0IiB3aWR0aD0iNjAwIiBoZWlnaHQ9IjU1MCIgc3R5bGU9ImJvcmRlcjowOyIgYWxsb3dmdWxsc2NyZWVuPSIiIGxvYWRpbmc9ImxhenkiIHJlZmVycmVycG9saWN5PSJuby1yZWZlcnJlci13aGVuLWRvd25ncmFkZSI+PC9pZnJhbWU+\"><div class=\"brlbs-cmpnt-cb-preset-b brlbs-cmpnt-cb-google-maps\"> <div class=\"brlbs-cmpnt-cb-thumbnail\" style=\"background-image: url('https:\/\/johann-strauss-apotheke.at\/wp-content\/uploads\/borlabs-cookie\/1\/brlbs-cb-google-maps-main.png')\"><\/div> <div class=\"brlbs-cmpnt-cb-main\"> <div class=\"brlbs-cmpnt-cb-content\"> <p class=\"brlbs-cmpnt-cb-description\">You are currently viewing a placeholder content from <strong>Google Maps<\/strong>. To access the actual content, click the button below. Please note that doing so will share data with third-party providers.<\/p> <a class=\"brlbs-cmpnt-cb-provider-toggle\" href=\"#\" data-borlabs-cookie-show-provider-information role=\"button\">More Information<\/a> <\/div> <div class=\"brlbs-cmpnt-cb-buttons\"> <a class=\"brlbs-cmpnt-cb-btn\" href=\"#\" data-borlabs-cookie-unblock role=\"button\">Unblock content<\/a> <a class=\"brlbs-cmpnt-cb-btn\" href=\"#\" data-borlabs-cookie-accept-service role=\"button\" style=\"display: inherit\">Accept required service and unblock content<\/a> <\/div> <\/div> <\/div><\/div><\/div><\/div><\/div><\/div><\/div><\/div><div class=\"wpb_column vc_column_container vc_col-sm-6\"><div class=\"vc_column-inner vc_custom_1533033599033\"><div class=\"wpb_wrapper\"><div class=\"vc_empty_space\"   style=\"height: 10px\"><span class=\"vc_empty_space_inner\"><\/span><\/div><div id=\"ct-heading\" class=\"ct-heading align-left align-left-md align-left-sm align-left-xs\">\n            <style type=\"text\/css\">\n            @media (min-width: 991px) and (max-width: 1200px) {\n                #ct-heading .ct-heading-tag {\n                                            font-size: 30px !important;\n                                                        }\n            }\n        <\/style>\n    \n            <style type=\"text\/css\">\n            @media (min-width: 768px) and (max-width: 991px) {\n                #ct-heading .ct-heading-tag {\n                                            font-size: 30px !important;\n                                                        }\n            }\n        <\/style>\n    \n            <style type=\"text\/css\">\n            @media screen and (max-width: 767px) {\n                #ct-heading .ct-heading-tag {\n                                            font-size: 30px !important;\n                                                        }\n            }\n        <\/style>\n        \n        \n    <h3 class=\"ct-heading-tag\" style=\"margin-bottom:12px;font-size:30px;font-weight:600; \">\n                                    Contact us                                    <\/h3>\n\n    \n    <\/div><div class=\"vc_empty_space\"   style=\"height: 26px\"><span class=\"vc_empty_space_inner\"><\/span><\/div>    <div class=\"ct-contact-form-default   form-style1\">\n        <div class=\"ct-contact-form-inner\">\n            \n<div class=\"wpcf7 no-js\" id=\"wpcf7-f819-o1\" lang=\"en-US\" dir=\"ltr\" data-wpcf7-id=\"819\">\n<div class=\"screen-reader-response\"><p role=\"status\" aria-live=\"polite\" aria-atomic=\"true\"><\/p> <ul><\/ul><\/div>\n<form action=\"\/en\/wp-json\/wp\/v2\/pages\/2377#wpcf7-f819-o1\" method=\"post\" class=\"wpcf7-form init\" aria-label=\"Contact form\" novalidate=\"novalidate\" data-status=\"init\" data-trp-original-action=\"\/en\/wp-json\/wp\/v2\/pages\/2377#wpcf7-f819-o1\">\n<fieldset class=\"hidden-fields-container\"><input type=\"hidden\" name=\"_wpcf7\" value=\"819\" \/><input type=\"hidden\" name=\"_wpcf7_version\" value=\"6.1.5\" \/><input type=\"hidden\" name=\"_wpcf7_locale\" value=\"en_US\" \/><input type=\"hidden\" name=\"_wpcf7_unit_tag\" value=\"wpcf7-f819-o1\" \/><input type=\"hidden\" name=\"_wpcf7_container_post\" value=\"0\" \/><input type=\"hidden\" name=\"_wpcf7_posted_data_hash\" value=\"\" \/>\n<\/fieldset>\n<div class=\"row\">\n\t<div class=\"col-sm-12 col-md-6 col-lg-6\">\n\t\t<div class=\"input-filled\">\n\t\t\t<p><span class=\"wpcf7-form-control-wrap\" data-name=\"firstname\"><input size=\"40\" maxlength=\"400\" class=\"wpcf7-form-control wpcf7-text wpcf7-validates-as-required\" aria-required=\"true\" aria-invalid=\"false\" placeholder=\"First name*\" value=\"\" type=\"text\" name=\"firstname\" \/><\/span>\n\t\t\t<\/p>\n\t\t<\/div>\n\t<\/div>\n\t<div class=\"col-sm-12 col-md-6 col-lg-6\">\n\t\t<div class=\"input-filled\">\n\t\t\t<p><span class=\"wpcf7-form-control-wrap\" data-name=\"lastname\"><input size=\"40\" maxlength=\"400\" class=\"wpcf7-form-control wpcf7-text wpcf7-validates-as-required\" aria-required=\"true\" aria-invalid=\"false\" placeholder=\"Surname*\" value=\"\" type=\"text\" name=\"lastname\" \/><\/span>\n\t\t\t<\/p>\n\t\t<\/div>\n\t<\/div>\n<\/div>\n<div class=\"row\">\n\t<div class=\"col-sm-12 col-md-6 col-lg-6\">\n\t\t<div class=\"input-filled\">\n\t\t\t<p><span class=\"wpcf7-form-control-wrap\" data-name=\"email\"><input size=\"40\" maxlength=\"400\" class=\"wpcf7-form-control wpcf7-email wpcf7-validates-as-required wpcf7-text wpcf7-validates-as-email\" aria-required=\"true\" aria-invalid=\"false\" placeholder=\"E-mail address*\" value=\"\" type=\"email\" name=\"email\" \/><\/span>\n\t\t\t<\/p>\n\t\t<\/div>\n\t<\/div>\n\t<div class=\"col-sm-12 col-md-6 col-lg-6\">\n\t\t<div class=\"input-filled\">\n\t\t\t<p><span class=\"wpcf7-form-control-wrap\" data-name=\"phone\"><input size=\"40\" maxlength=\"400\" class=\"wpcf7-form-control wpcf7-tel wpcf7-validates-as-required wpcf7-text wpcf7-validates-as-tel\" aria-required=\"true\" aria-invalid=\"false\" placeholder=\"Telephone number*\" value=\"\" type=\"tel\" name=\"phone\" \/><\/span>\n\t\t\t<\/p>\n\t\t<\/div>\n\t<\/div>\n<\/div>\n<div class=\"row\">\n\t<div class=\"col-12\">\n\t\t<div class=\"input-filled\">\n\t\t\t<p><span class=\"wpcf7-form-control-wrap\" data-name=\"message\"><textarea cols=\"40\" rows=\"10\" maxlength=\"2000\" class=\"wpcf7-form-control wpcf7-textarea wpcf7-validates-as-required\" aria-required=\"true\" aria-invalid=\"false\" placeholder=\"Message*\" name=\"message\"><\/textarea><\/span>\n\t\t\t<\/p>\n\t\t<\/div>\n\t<\/div>\n<\/div>\n<div class=\"row\">\n\t<div class=\"col-12\">\n\t\t<div class=\"\">\n\t\t\t<p><span class=\"wpcf7-form-control-wrap\" data-name=\"call\"><span class=\"wpcf7-form-control wpcf7-checkbox\"><span class=\"wpcf7-list-item first last\"><label><input type=\"checkbox\" name=\"call[]\" value=\"Ich bitte um einen R\u00fcckruf.\" \/><span class=\"wpcf7-list-item-label\">Please call me back.<\/span><\/label><\/span><\/span><\/span>\n\t\t\t<\/p>\n\t\t<\/div>\n\t<\/div>\n\t<div class=\"col-12\">\n\t\t<div class=\"\">\n\t\t\t<p><span class=\"wpcf7-form-control-wrap\" data-name=\"priacy\"><span class=\"wpcf7-form-control wpcf7-checkbox wpcf7-validates-as-required\"><span class=\"wpcf7-list-item first last\"><label><input type=\"checkbox\" name=\"priacy[]\" value=\"Ich erkl\u00e4re mich mit dem Datenschutz einverstanden*.\" \/><span class=\"wpcf7-list-item-label\">I agree to the privacy policy*.<\/span><\/label><\/span><\/span><\/span>\n\t\t\t<\/p>\n\t\t<\/div>\n\t<\/div>\n<\/div>\n<div class=\"cf7-cf-turnstile\" style=\"margin-top: 0px; margin-bottom: -15px;\"> <div id=\"cf-turnstile-cf7-568160147\" class=\"cf-turnstile\" data-sitekey=\"0x4AAAAAAAVmoJqBun6Tj3PG\" data-theme=\"light\" data-language=\"auto\" data-size=\"\" data-retry=\"auto\" data-retry-interval=\"1000\" data-refresh-expired=\"auto\" data-refresh-timeout=\"auto\" data-action=\"contact-form-7\" data-callback=\"turnstileCF7Callback\" data-appearance=\"interaction-only\"><\/div> <script>document.addEventListener(\"DOMContentLoaded\", function() { setTimeout(function(){ var e=document.getElementById(\"cf-turnstile-cf7-568160147\"); if(e&&!e.innerHTML.trim()){turnstile.render(e, {sitekey:\"0x4AAAAAAAVmoJqBun6Tj3PG\"});} }, 200); });<\/script> <style>#cf-turnstile-cf7-568160147 iframe { margin-bottom: 15px; }<\/style> <style>#cf-turnstile-cf7-568160147 { margin-left: -15px; }<\/style> <script>document.addEventListener(\"DOMContentLoaded\",function(){document.querySelectorAll('.wpcf7-form').forEach(function(e){e.addEventListener('submit',function(){if(document.getElementById('cf-turnstile-cf7-568160147')){setTimeout(function(){turnstile.reset('#cf-turnstile-cf7-568160147');},1000)}})})});<\/script> <\/div>\n<div class=\"row\">\n\t<div class=\"col-12 rm-margin\">\n\t\t<p><input class=\"wpcf7-form-control wpcf7-submit has-spinner btn\" type=\"submit\" value=\"Send\" \/>\n\t\t<\/p>\n\t<\/div>\n<\/div><div class=\"wpcf7-response-output\" aria-hidden=\"true\"><\/div>\n<input type=\"hidden\" name=\"trp-form-language\" value=\"en\"\/><\/form>\n<\/div>\n        <\/div>\n    <\/div>\n<\/div><\/div><\/div><\/div><div class=\"vc_row-full-width vc_clearfix\"><\/div>\n<\/div>","protected":false},"excerpt":{"rendered":"CBD \u00d6l von Sonn'Werk Die Wirkung von CBD (Cannabidiol) wird intensiv erforscht und von vielen Nutzer*innen gesch\u00e4tzt. Bei Sonn'Werk finden Sie hochwertige Produkte. Cannabidiol ist legal und bietet eine nat\u00fcrliche [...]","protected":false},"author":4,"featured_media":4216,"parent":3173,"menu_order":5,"comment_status":"closed","ping_status":"closed","template":"","meta":{"inline_featured_image":false,"_price":"","_stock":"","_tribe_ticket_header":"","_tribe_default_ticket_provider":"","_tribe_ticket_capacity":"0","_ticket_start_date":"","_ticket_end_date":"","_tribe_ticket_show_description":"","_tribe_ticket_show_not_going":false,"_tribe_ticket_use_global_stock":"","_tribe_ticket_global_stock_level":"","_global_stock_mode":"","_global_stock_cap":"","_tribe_rsvp_for_event":"","_tribe_ticket_going_count":"","_tribe_ticket_not_going_count":"","_tribe_tickets_list":"[]","_tribe_ticket_has_attendee_info_fields":false,"footnotes":"","_tec_slr_enabled":"","_tec_slr_layout":""},"class_list":["post-2377","page","type-page","status-publish","has-post-thumbnail","hentry"],"rttpg_featured_image_url":{"full":["https:\/\/johann-strauss-apotheke.at\/wp-content\/uploads\/2024\/06\/Design-ohne-Titel-20.png",980,980,false],"landscape":["https:\/\/johann-strauss-apotheke.at\/wp-content\/uploads\/2024\/06\/Design-ohne-Titel-20.png",980,980,false],"portraits":["https:\/\/johann-strauss-apotheke.at\/wp-content\/uploads\/2024\/06\/Design-ohne-Titel-20.png",980,980,false],"thumbnail":["https:\/\/johann-strauss-apotheke.at\/wp-content\/uploads\/2024\/06\/Design-ohne-Titel-20-300x300.png",300,300,true],"medium":["https:\/\/johann-strauss-apotheke.at\/wp-content\/uploads\/2024\/06\/Design-ohne-Titel-20-680x440.png",680,440,true],"large":["https:\/\/johann-strauss-apotheke.at\/wp-content\/uploads\/2024\/06\/Design-ohne-Titel-20-980x525.png",640,343,true],"1536x1536":["https:\/\/johann-strauss-apotheke.at\/wp-content\/uploads\/2024\/06\/Design-ohne-Titel-20.png",980,980,false],"2048x2048":["https:\/\/johann-strauss-apotheke.at\/wp-content\/uploads\/2024\/06\/Design-ohne-Titel-20.png",980,980,false],"trp-custom-language-flag":["https:\/\/johann-strauss-apotheke.at\/wp-content\/uploads\/2024\/06\/Design-ohne-Titel-20.png",12,12,false],"unfinityplus-screenshot":["https:\/\/johann-strauss-apotheke.at\/wp-content\/uploads\/2024\/06\/Design-ohne-Titel-20-260x465.png",260,465,true]},"rttpg_author":{"display_name":"marketing@johann-strauss-apotheke.at","author_link":"https:\/\/johann-strauss-apotheke.at\/en\/author\/marketingjohann-strauss-apotheke-at\/"},"rttpg_comment":0,"rttpg_category":null,"rttpg_excerpt":null,"ticketed":false,"_links":{"self":[{"href":"https:\/\/johann-strauss-apotheke.at\/en\/wp-json\/wp\/v2\/pages\/2377","targetHints":{"allow":["GET"]}}],"collection":[{"href":"https:\/\/johann-strauss-apotheke.at\/en\/wp-json\/wp\/v2\/pages"}],"about":[{"href":"https:\/\/johann-strauss-apotheke.at\/en\/wp-json\/wp\/v2\/types\/page"}],"author":[{"embeddable":true,"href":"https:\/\/johann-strauss-apotheke.at\/en\/wp-json\/wp\/v2\/users\/4"}],"replies":[{"embeddable":true,"href":"https:\/\/johann-strauss-apotheke.at\/en\/wp-json\/wp\/v2\/comments?post=2377"}],"version-history":[{"count":14,"href":"https:\/\/johann-strauss-apotheke.at\/en\/wp-json\/wp\/v2\/pages\/2377\/revisions"}],"predecessor-version":[{"id":6787,"href":"https:\/\/johann-strauss-apotheke.at\/en\/wp-json\/wp\/v2\/pages\/2377\/revisions\/6787"}],"up":[{"embeddable":true,"href":"https:\/\/johann-strauss-apotheke.at\/en\/wp-json\/wp\/v2\/pages\/3173"}],"wp:featuredmedia":[{"embeddable":true,"href":"https:\/\/johann-strauss-apotheke.at\/en\/wp-json\/wp\/v2\/media\/4216"}],"wp:attachment":[{"href":"https:\/\/johann-strauss-apotheke.at\/en\/wp-json\/wp\/v2\/media?parent=2377"}],"curies":[{"name":"wp","href":"https:\/\/api.w.org\/{rel}","templated":true}]}}