{"id":1141,"date":"2023-06-19T11:53:04","date_gmt":"2023-06-19T09:53:04","guid":{"rendered":"https:\/\/johann-strauss-apotheke.at\/?page_id=1141"},"modified":"2026-01-15T12:27:17","modified_gmt":"2026-01-15T11:27:17","slug":"bagirsak-urunleri","status":"publish","type":"page","link":"https:\/\/johann-strauss-apotheke.at\/tr\/darmgesundheit\/darm-produkte\/","title":{"rendered":"Ba\u011f\u0131rsak \u00fcr\u00fcnleri"},"content":{"rendered":"<div class=\"wpb-content-wrapper\"><div data-vc-full-width=\"true\" data-vc-full-width-temp=\"true\" data-vc-full-width-init=\"false\" class=\"vc_row wpb_row vc_row-fluid box-center vc_custom_1713276410802 bg-image-ps-inherit\"><div class=\"wpb_column vc_column_container vc_col-sm-12 vc_col-lg-8 vc_col-md-8\"><div class=\"vc_column-inner\"><div class=\"wpb_wrapper\">\n\t<div class=\"wpb_text_column wpb_content_element text-center\" >\n\t\t<div class=\"wpb_wrapper\">\n\t\t\t<h1 style=\"text-align: center;\" data-start=\"323\" data-end=\"384\">Refah\u0131n anahtar\u0131 olarak ba\u011f\u0131rsak sa\u011fl\u0131\u011f\u0131<\/h1>\n<p style=\"text-align: center;\" data-start=\"385\" data-end=\"836\">Sa\u011fl\u0131kl\u0131 bir ba\u011f\u0131rsak; canl\u0131l\u0131k, enerji ve g\u00fc\u00e7l\u00fc bir ba\u011f\u0131\u015f\u0131kl\u0131k sisteminin temelidir. Ba\u011f\u0131rsak <a href=\"https:\/\/johann-strauss-apotheke.at\/tr\/\">Johann Strauss Eczanesi<\/a> ba\u011f\u0131rsak sa\u011fl\u0131\u011f\u0131n\u0131 desteklemek i\u00e7in \u00f6zel olarak geli\u015ftirilmi\u015f bilimsel temelli preparatlarla size e\u015flik eder. Bu \u00fcr\u00fcnlerin her biri, ba\u011f\u0131rsak floran\u0131z\u0131n dengesini yeniden sa\u011flamak ve uzun vadede korumak i\u00e7in benzersiz bir yakla\u015f\u0131ma sahiptir.<\/p>\n\n\t\t<\/div>\n\t<\/div>\n\n\t<div  class=\"wpb_single_image wpb_content_element vc_align_center wpb_content_element  svg-blatt inherit inherit\">\n\t\t\n\t\t<figure class=\"wpb_wrapper vc_figure\">\n\t\t\t<div class=\"vc_single_image-wrapper default  vc_box_border_grey\"><img decoding=\"async\" width=\"1\" height=\"1\" src=\"https:\/\/johann-strauss-apotheke.at\/wp-content\/uploads\/2023\/06\/blatt.svg\" class=\"vc_single_image-img attachment-full\" alt=\"\" title=\"sayfa svg\" \/><\/div>\n\t\t<\/figure>\n\t<\/div>\n<\/div><\/div><\/div><\/div><div class=\"vc_row-full-width vc_clearfix\"><\/div><div data-vc-full-width=\"true\" data-vc-full-width-temp=\"true\" data-vc-full-width-init=\"false\" class=\"vc_row wpb_row vc_row-fluid vc_custom_1698856070436 vc_row-has-fill bg-image-ps-inherit\"><div class=\"wpb_column vc_column_container vc_col-sm-12 vc_col-lg-8 vc_col-md-8\"><div class=\"vc_column-inner vc_custom_1689745051602\"><div class=\"wpb_wrapper\">\n\t<div class=\"wpb_text_column wpb_content_element\" >\n\t\t<div class=\"wpb_wrapper\">\n\t\t\t<h2>OMNi BiOTiC \u00ae - Probiyotik \u00e7e\u015fitlili\u011fi<\/h2>\n<p><a href=\"https:\/\/www.omni-biotic.com\/de-at\/\" target=\"_blank\" rel=\"noopener nofollow\">OMNi BiOTiC \u00ae<\/a> kan\u0131tlanm\u0131\u015f bir probiyotiktir. \u00d6zenle se\u00e7ilmi\u015f bakteri t\u00fcrlerinin kombinasyonu v\u00fccuttaki dengeyi destekler. Bir\u00e7ok insan sindirim ritmi bozuldu\u011funda veya ba\u011f\u0131\u015f\u0131kl\u0131k sistemini g\u00fc\u00e7lendirmeye ihtiya\u00e7 duydu\u011funda bu \u00fcr\u00fcne ba\u015fvurur. Dengeli bir ba\u011f\u0131rsak, besinlerin daha iyi emilmesini sa\u011flamaya yard\u0131mc\u0131 olur. \u00c7al\u0131\u015fmalar, preparat\u0131n etkinli\u011fini ve g\u00fcvenli\u011fini kan\u0131tlam\u0131\u015ft\u0131r. Sa\u011fl\u0131\u011f\u0131n\u0131z\u0131 aktif olarak geli\u015ftirmek istiyorsan\u0131z, bu \u00fcr\u00fcn mikrobiyomu desteklemenin basit bir yoludur. Esnek uygulamas\u0131 sayesinde, preparat g\u00fcnl\u00fck ya\u015fama kolayca entegre edilebilir, refah\u0131 ve canl\u0131l\u0131\u011f\u0131 s\u00fcrd\u00fcr\u00fclebilir bir \u015fekilde g\u00fc\u00e7lendirir.<\/p>\n\n\t\t<\/div>\n\t<\/div>\n<\/div><\/div><\/div><div class=\"wpb_column vc_column_container vc_col-sm-12 vc_col-lg-4 vc_col-md-4 vc_col-has-fill\"><div class=\"vc_column-inner vc_custom_1718188835936\"><div class=\"wpb_wrapper\">\n\t<div  class=\"wpb_single_image wpb_content_element vc_align_right wpb_content_element vc_custom_1718220424721 image_align_xs_center inherit\">\n\t\t\n\t\t<figure class=\"wpb_wrapper vc_figure\">\n\t\t\t<div class=\"vc_single_image-wrapper default  vc_box_border_grey\"><img decoding=\"async\" class=\"vc_single_image-img\" src=\"https:\/\/johann-strauss-apotheke.at\/wp-content\/uploads\/2023\/06\/omnibiotik1-600x706.jpg\" width=\"600\" height=\"706\" alt=\"Omni Biyotik Etki\" title=\"Omni Biyotik Etki\" \/><\/div>\n\t\t<\/figure>\n\t<\/div>\n<\/div><\/div><\/div><\/div><div class=\"vc_row-full-width vc_clearfix\"><\/div><div data-vc-full-width=\"true\" data-vc-full-width-temp=\"true\" data-vc-full-width-init=\"false\" class=\"vc_row wpb_row vc_row-fluid vc_custom_1689745061020 vc_row-o-equal-height vc_row-flex bg-image-ps-inherit\"><div class=\"wpb_column vc_column_container vc_col-sm-12 vc_col-lg-4 vc_col-md-4\"><div class=\"vc_column-inner vc_custom_1718220541716\"><div class=\"wpb_wrapper\">\n\t<div  class=\"wpb_single_image wpb_content_element vc_align_left wpb_content_element image_align_xs_center inherit\">\n\t\t\n\t\t<figure class=\"wpb_wrapper vc_figure\">\n\t\t\t<div class=\"vc_single_image-wrapper default  vc_box_border_grey\"><img decoding=\"async\" class=\"vc_single_image-img\" src=\"https:\/\/johann-strauss-apotheke.at\/wp-content\/uploads\/2025\/09\/Design-ohne-Titel.jpg\" width=\"600\" height=\"706\" alt=\"Ba\u011f\u0131rsaklar\u0131n\u0131z i\u00e7in Probio-Cult AKK1.\" title=\"\u00a9 The Akkermansia Company\" \/><\/div>\n\t\t<\/figure>\n\t<\/div>\n<\/div><\/div><\/div><div class=\"wpb_column vc_column_container vc_col-sm-12 vc_col-lg-8 vc_col-md-8 vc_col-has-fill\"><div class=\"vc_column-inner vc_custom_1689745064806\"><div class=\"wpb_wrapper\">\n\t<div class=\"wpb_text_column wpb_content_element\" >\n\t\t<div class=\"wpb_wrapper\">\n\t\t\t<h2>Probio-Cult AKK1 - Akkermansia ile \u0130novasyon<\/h2>\n<p>Probio-Cult AKK1'den <a href=\"https:\/\/www.theakkermansiacompany.com\/\" target=\"_blank\" rel=\"noopener nofollow\">Akkermansia \u015eirketi<\/a> \u00f6zel su\u015fu i\u00e7erir <em data-start=\"1170\" data-end=\"1195\">Akkermansia muciniphila<\/em>. Bu mikroorganizma yo\u011fun bir \u015fekilde ara\u015ft\u0131r\u0131lmaktad\u0131r ve mukoza zar\u0131n\u0131n yenilenmesi i\u00e7in umut verici oldu\u011fu d\u00fc\u015f\u00fcn\u00fclmektedir. Sa\u011fl\u0131kl\u0131 bir bariyer v\u00fccudu istenmeyen maddelerden korur ve iltihaplanmay\u0131 \u00f6nleyebilir. Bu preparat, sindirimlerini stabilize etmek i\u00e7in yenilik\u00e7i yollar arayan herkese y\u00f6neliktir. \u00c7al\u0131\u015fmalar\u0131n kilit bir fakt\u00f6r oldu\u011funu g\u00f6sterdi\u011fi mukus tabakas\u0131 \u00fczerindeki hedeflenen etki \u00f6zellikle dikkat \u00e7ekicidir. Yerle\u015fik \u00f6nlemlere faydal\u0131 bir ektir ve g\u00fcnl\u00fck ya\u015famda daha fazla denge i\u00e7in yeni perspektifler a\u00e7ar.<\/p>\n\n\t\t<\/div>\n\t<\/div>\n<\/div><\/div><\/div><\/div><div class=\"vc_row-full-width vc_clearfix\"><\/div><div data-vc-full-width=\"true\" data-vc-full-width-temp=\"true\" data-vc-full-width-init=\"false\" class=\"vc_row wpb_row vc_row-fluid vc_custom_1698856070436 vc_row-has-fill bg-image-ps-inherit\"><div class=\"wpb_column vc_column_container vc_col-sm-12 vc_col-lg-8 vc_col-md-8\"><div class=\"vc_column-inner vc_custom_1689745051602\"><div class=\"wpb_wrapper\">\n\t<div class=\"wpb_text_column wpb_content_element\" >\n\t\t<div class=\"wpb_wrapper\">\n\t\t\t<h2>Kijimea - \u0130rritabl ba\u011f\u0131rsak sendromu i\u00e7in klinik olarak ara\u015ft\u0131r\u0131lm\u0131\u015f yard\u0131m<\/h2>\n<p><a href=\"https:\/\/kijimea.at\/\" target=\"_blank\" rel=\"noopener nofollow\">Kijimea<\/a> irritabl ba\u011f\u0131rsak sendromu olan ki\u015filer i\u00e7in \u00f6zel olarak geli\u015ftirilmi\u015ftir. Mukoza zar\u0131na tutunabilen, klinik olarak ara\u015ft\u0131r\u0131lm\u0131\u015f bir su\u015f i\u00e7erir. Bu, tahri\u015f edici maddelerin n\u00fcfuzunu azaltan koruyucu bir tabaka olu\u015fturur. Bir\u00e7ok hasta \u015fi\u015fkinlik, kar\u0131n a\u011fr\u0131s\u0131 ve ishalden \u00f6nemli \u00f6l\u00e7\u00fcde kurtuldu\u011funu bildirmi\u015ftir. Ara\u015ft\u0131rmalar etkisini do\u011frulad\u0131\u011f\u0131 i\u00e7in doktorlar da tavsiye etmektedir. Semptomlar\u0131n\u0131za bir \u00e7\u00f6z\u00fcm ar\u0131yorsan\u0131z, bu preparat semptomlar\u0131 belirgin bir \u015fekilde azaltman\u0131n ve ayn\u0131 zamanda ba\u011f\u0131rsak sa\u011fl\u0131\u011f\u0131n\u0131 geli\u015ftirmenin bir yolunu sunar.<\/p>\n\n\t\t<\/div>\n\t<\/div>\n<\/div><\/div><\/div><div class=\"wpb_column vc_column_container vc_col-sm-12 vc_col-lg-4 vc_col-md-4 vc_col-has-fill\"><div class=\"vc_column-inner vc_custom_1718188835936\"><div class=\"wpb_wrapper\">\n\t<div  class=\"wpb_single_image wpb_content_element vc_align_right wpb_content_element vc_custom_1756739166556 image_align_xs_center inherit\">\n\t\t\n\t\t<figure class=\"wpb_wrapper vc_figure\">\n\t\t\t<div class=\"vc_single_image-wrapper default  vc_box_border_grey\"><img decoding=\"async\" class=\"vc_single_image-img\" src=\"https:\/\/johann-strauss-apotheke.at\/wp-content\/uploads\/2025\/09\/Kijimea.jpg\" width=\"600\" height=\"706\" alt=\"Ba\u011f\u0131rsak sa\u011fl\u0131\u011f\u0131n\u0131z i\u00e7in Kijimea.\" title=\"\u00a9 Kijimea\" \/><\/div>\n\t\t<\/figure>\n\t<\/div>\n<\/div><\/div><\/div><\/div><div class=\"vc_row-full-width vc_clearfix\"><\/div><div data-vc-full-width=\"true\" data-vc-full-width-temp=\"true\" data-vc-full-width-init=\"false\" class=\"vc_row wpb_row vc_row-fluid vc_custom_1689745061020 vc_row-o-equal-height vc_row-flex bg-image-ps-inherit\"><div class=\"wpb_column vc_column_container vc_col-sm-12 vc_col-lg-4 vc_col-md-4\"><div class=\"vc_column-inner vc_custom_1718220541716\"><div class=\"wpb_wrapper\">\n\t<div  class=\"wpb_single_image wpb_content_element vc_align_left wpb_content_element image_align_xs_center inherit\">\n\t\t\n\t\t<figure class=\"wpb_wrapper vc_figure\">\n\t\t\t<div class=\"vc_single_image-wrapper default  vc_box_border_grey\"><img decoding=\"async\" class=\"vc_single_image-img\" src=\"https:\/\/johann-strauss-apotheke.at\/wp-content\/uploads\/2025\/09\/Design-ohne-Titel-1.jpg\" width=\"600\" height=\"706\" alt=\"Daha iyi ba\u011f\u0131rsak sa\u011fl\u0131\u011f\u0131 i\u00e7in OptiFibre.\" title=\"OptiFibre\" \/><\/div>\n\t\t<\/figure>\n\t<\/div>\n<\/div><\/div><\/div><div class=\"wpb_column vc_column_container vc_col-sm-12 vc_col-lg-8 vc_col-md-8 vc_col-has-fill\"><div class=\"vc_column-inner vc_custom_1689745064806\"><div class=\"wpb_wrapper\">\n\t<div class=\"wpb_text_column wpb_content_element\" >\n\t\t<div class=\"wpb_wrapper\">\n\t\t\t<h2>OptiFibre - Sindirim i\u00e7in bitkisel lif<\/h2>\n<p><a href=\"https:\/\/www.optifibre.at\/\" target=\"_blank\" rel=\"noopener nofollow\">OptiFibre<\/a> guar fasulyesinden elde edilen \u00e7\u00f6z\u00fcnebilir liften olu\u015fur. Bu lifler yararl\u0131 bakteriler i\u00e7in besin g\u00f6revi g\u00f6r\u00fcr ve sindirimi nazik\u00e7e d\u00fczenlemeye yard\u0131mc\u0131 olur. Toz n\u00f6tr bir tada sahiptir ve i\u00e7eceklere veya yiyeceklere kolayca kar\u0131\u015ft\u0131r\u0131labilir. D\u00fczenli olarak kullan\u0131ld\u0131\u011f\u0131nda, hem kab\u0131zl\u0131k hem de daha yumu\u015fak d\u0131\u015fk\u0131 i\u00e7in dengeleyici bir etki elde etmeye yard\u0131mc\u0131 olur. Sa\u011fl\u0131\u011f\u0131n\u0131z\u0131 uzun vadede desteklemek istiyorsan\u0131z, bu do\u011fal ve iyi tolere edilen bir se\u00e7enektir. S\u00fcrekli lif tedarikinin flora \u00fczerinde kal\u0131c\u0131 bir faydas\u0131 vard\u0131r ve bu da genel refah\u0131 art\u0131r\u0131r.<\/p>\n\n\t\t<\/div>\n\t<\/div>\n<\/div><\/div><\/div><\/div><div class=\"vc_row-full-width vc_clearfix\"><\/div><div data-vc-full-width=\"true\" data-vc-full-width-temp=\"true\" data-vc-full-width-init=\"false\" class=\"vc_row wpb_row vc_row-fluid vc_custom_1698856096550 vc_row-has-fill bg-image-ps-inherit\"><div class=\"wpb_column vc_column_container vc_col-sm-4\"><div class=\"vc_column-inner vc_custom_1718188873011\"><div class=\"wpb_wrapper\"><div class=\"ct-fancybox-layout6\">\n\t<div class=\"ct-fancybox-inner\">\n                    <div class=\"ct-fancybox-image\">\n                <a href=\"https:\/\/johann-strauss-apotheke.at\/tr\/bagirsak-sagligi\/\" target=\"_self\">                    <img decoding=\"async\" src=\"https:\/\/johann-strauss-apotheke.at\/wp-content\/uploads\/2025\/09\/adsda.jpg\" \/>\n                <\/a>            <\/div>   \n                <div class=\"ct-fancybox-content\">\n                            <h3 class=\"ct-fancybox-title\" style=\"\">\n                    Ba\u011f\u0131rsak sa\u011fl\u0131\u011f\u0131                <\/h3>\n                                    <div class=\"ct-fancybox-desc\" style=\"\">\n                Bu konu hakk\u0131nda daha fazlas\u0131            <\/div>\n                                        <div class=\"ct-fancybox-more\">\n                    <a href=\"https:\/\/johann-strauss-apotheke.at\/tr\/bagirsak-sagligi\/\" target=\"_self\">Bilgi &amp; SSS<\/a>\n                <\/div>\n                        <div class=\"ct-fancybox-gap\"><\/div>\n        <\/div>\n\t<\/div>\n<\/div><\/div><\/div><\/div><div class=\"wpb_animate_when_almost_visible wpb_fadeInUp fadeInUp wpb_column vc_column_container vc_col-sm-4\"><div class=\"vc_column-inner vc_custom_1698856143840\"><div class=\"wpb_wrapper\"><\/div><\/div><\/div><div class=\"wpb_column vc_column_container vc_col-sm-4\"><div class=\"vc_column-inner\"><div class=\"wpb_wrapper\"><\/div><\/div><\/div><\/div><div class=\"vc_row-full-width vc_clearfix\"><\/div><div id=\"contact\" data-vc-full-width=\"true\" data-vc-full-width-temp=\"true\" data-vc-full-width-init=\"false\" data-vc-parallax=\"1.8\" class=\"vc_row wpb_row vc_row-fluid vc_custom_1687439461465 vc_row-has-fill vc_general vc_parallax vc_parallax-content-moving row-overlay bg-image-ps-inherit\"><div class=\"wpb_column vc_column_container vc_col-sm-6\"><div class=\"vc_column-inner vc_custom_1533033549183\"><div class=\"wpb_wrapper\"><div class=\"wpb_gmaps_widget wpb_content_element\"><div class=\"wpb_wrapper\"><div class=\"wpb_map_wraper\"> <div class=\"brlbs-cmpnt-container brlbs-cmpnt-content-blocker brlbs-cmpnt-with-individual-styles\" data-borlabs-cookie-content-blocker-id=\"google-maps\" data-borlabs-cookie-content=\"PGlmcmFtZSBzcmM9Imh0dHBzOi8vd3d3Lmdvb2dsZS5jb20vbWFwcy9lbWJlZD9wYj0hMW0xOCExbTEyITFtMyExZDI2NjAuMDI5ODgxNzQ2MzAzNSEyZDE2LjM2NjE4MzY3Njc5NjQwMyEzZDQ4LjE4Njc3NTc0NzczNDIhMm0zITFmMCEyZjAhM2YwITNtMiExaTEwMjQhMmk3NjghNGYxMy4xITNtMyExbTIhMXMweDQ3NmRhOWQ0ZjNjYmVjMTclM0EweDkyYTQ2ZjQ1ZmRmYTlhM2IhMnNKb2hhbm4tU3RyYXUlQzMlOUYtR2Fzc2UlMjAzMiUyQyUyMDEwNDAlMjBXaWVuITVlMCEzbTIhMXNkZSEyc2F0ITR2MTY4NjEzODA4OTExNyE1bTIhMXNkZSEyc2F0IiB3aWR0aD0iNjAwIiBoZWlnaHQ9IjU1MCIgc3R5bGU9ImJvcmRlcjowOyIgYWxsb3dmdWxsc2NyZWVuPSIiIGxvYWRpbmc9ImxhenkiIHJlZmVycmVycG9saWN5PSJuby1yZWZlcnJlci13aGVuLWRvd25ncmFkZSI+PC9pZnJhbWU+\"><div class=\"brlbs-cmpnt-cb-preset-b brlbs-cmpnt-cb-google-maps\"> <div class=\"brlbs-cmpnt-cb-thumbnail\" style=\"background-image: url('https:\/\/johann-strauss-apotheke.at\/wp-content\/uploads\/borlabs-cookie\/1\/brlbs-cb-google-maps-main.png')\"><\/div> <div class=\"brlbs-cmpnt-cb-main\"> <div class=\"brlbs-cmpnt-cb-content\"> <p class=\"brlbs-cmpnt-cb-description\">\u015eu anda bir yer tutucu i\u00e7eri\u011fi g\u00f6r\u00fcnt\u00fcl\u00fcyorsunuz <strong>Google Haritalar<\/strong>. As\u0131l i\u00e7eri\u011fe eri\u015fmek i\u00e7in a\u015fa\u011f\u0131daki d\u00fc\u011fmeyi t\u0131klay\u0131n. L\u00fctfen bunu yapt\u0131\u011f\u0131n\u0131zda \u00fc\u00e7\u00fcnc\u00fc taraf sa\u011flay\u0131c\u0131larla veri payla\u015faca\u011f\u0131n\u0131z\u0131 unutmay\u0131n.<\/p> <a class=\"brlbs-cmpnt-cb-provider-toggle\" href=\"#\" data-borlabs-cookie-show-provider-information role=\"button\">Daha Fazla Bilgi<\/a> <\/div> <div class=\"brlbs-cmpnt-cb-buttons\"> <a class=\"brlbs-cmpnt-cb-btn\" href=\"#\" data-borlabs-cookie-unblock role=\"button\">\u0130\u00e7erik engelini kald\u0131r\u0131n<\/a> <a class=\"brlbs-cmpnt-cb-btn\" href=\"#\" data-borlabs-cookie-accept-service role=\"button\" style=\"display: inherit\">Gerekli hizmeti kabul edin ve i\u00e7erik engelini kald\u0131r\u0131n<\/a> <\/div> <\/div> <\/div><\/div><\/div><\/div><\/div><\/div><\/div><\/div><div class=\"wpb_column vc_column_container vc_col-sm-6\"><div class=\"vc_column-inner vc_custom_1533033599033\"><div class=\"wpb_wrapper\"><div class=\"vc_empty_space\"   style=\"height: 10px\"><span class=\"vc_empty_space_inner\"><\/span><\/div><div id=\"ct-heading\" class=\"ct-heading align-left align-left-md align-left-sm align-left-xs\">\n            <style type=\"text\/css\">\n            @media (min-width: 991px) and (max-width: 1200px) {\n                #ct-heading .ct-heading-tag {\n                                            font-size: 30px !important;\n                                                        }\n            }\n        <\/style>\n    \n            <style type=\"text\/css\">\n            @media (min-width: 768px) and (max-width: 991px) {\n                #ct-heading .ct-heading-tag {\n                                            font-size: 30px !important;\n                                                        }\n            }\n        <\/style>\n    \n            <style type=\"text\/css\">\n            @media screen and (max-width: 767px) {\n                #ct-heading .ct-heading-tag {\n                                            font-size: 30px !important;\n                                                        }\n            }\n        <\/style>\n        \n        \n    <h3 class=\"ct-heading-tag\" style=\"margin-bottom:12px;font-size:30px;font-weight:600; \">\n                                    Bize ula\u015f\u0131n                                    <\/h3>\n\n    \n    <\/div><div class=\"vc_empty_space\"   style=\"height: 26px\"><span class=\"vc_empty_space_inner\"><\/span><\/div>    <div class=\"ct-contact-form-default   form-style1\">\n        <div class=\"ct-contact-form-inner\">\n            \n<div class=\"wpcf7 no-js\" id=\"wpcf7-f819-o1\" lang=\"en-US\" dir=\"ltr\" data-wpcf7-id=\"819\">\n<div class=\"screen-reader-response\"><p role=\"status\" aria-live=\"polite\" aria-atomic=\"true\"><\/p> <ul><\/ul><\/div>\n<form action=\"\/tr\/wp-json\/wp\/v2\/pages\/1141#wpcf7-f819-o1\" method=\"post\" class=\"wpcf7-form init\" aria-label=\"\u0130leti\u015fim formu\" novalidate=\"novalidate\" data-status=\"init\" data-trp-original-action=\"\/tr\/wp-json\/wp\/v2\/pages\/1141#wpcf7-f819-o1\">\n<fieldset class=\"hidden-fields-container\"><input type=\"hidden\" name=\"_wpcf7\" value=\"819\" \/><input type=\"hidden\" name=\"_wpcf7_version\" value=\"6.1.5\" \/><input type=\"hidden\" name=\"_wpcf7_locale\" value=\"en_US\" \/><input type=\"hidden\" name=\"_wpcf7_unit_tag\" value=\"wpcf7-f819-o1\" \/><input type=\"hidden\" name=\"_wpcf7_container_post\" value=\"0\" \/><input type=\"hidden\" name=\"_wpcf7_posted_data_hash\" value=\"\" \/>\n<\/fieldset>\n<div class=\"row\">\n\t<div class=\"col-sm-12 col-md-6 col-lg-6\">\n\t\t<div class=\"input-filled\">\n\t\t\t<p><span class=\"wpcf7-form-control-wrap\" data-name=\"firstname\"><input size=\"40\" maxlength=\"400\" class=\"wpcf7-form-control wpcf7-text wpcf7-validates-as-required\" aria-required=\"true\" aria-invalid=\"false\" placeholder=\"\u0130lk isim*\" value=\"\" type=\"text\" name=\"firstname\" \/><\/span>\n\t\t\t<\/p>\n\t\t<\/div>\n\t<\/div>\n\t<div class=\"col-sm-12 col-md-6 col-lg-6\">\n\t\t<div class=\"input-filled\">\n\t\t\t<p><span class=\"wpcf7-form-control-wrap\" data-name=\"lastname\"><input size=\"40\" maxlength=\"400\" class=\"wpcf7-form-control wpcf7-text wpcf7-validates-as-required\" aria-required=\"true\" aria-invalid=\"false\" placeholder=\"Soyad\u0131*\" value=\"\" type=\"text\" name=\"lastname\" \/><\/span>\n\t\t\t<\/p>\n\t\t<\/div>\n\t<\/div>\n<\/div>\n<div class=\"row\">\n\t<div class=\"col-sm-12 col-md-6 col-lg-6\">\n\t\t<div class=\"input-filled\">\n\t\t\t<p><span class=\"wpcf7-form-control-wrap\" data-name=\"email\"><input size=\"40\" maxlength=\"400\" class=\"wpcf7-form-control wpcf7-email wpcf7-validates-as-required wpcf7-text wpcf7-validates-as-email\" aria-required=\"true\" aria-invalid=\"false\" placeholder=\"E-posta adresi*\" value=\"\" type=\"email\" name=\"email\" \/><\/span>\n\t\t\t<\/p>\n\t\t<\/div>\n\t<\/div>\n\t<div class=\"col-sm-12 col-md-6 col-lg-6\">\n\t\t<div class=\"input-filled\">\n\t\t\t<p><span class=\"wpcf7-form-control-wrap\" data-name=\"phone\"><input size=\"40\" maxlength=\"400\" class=\"wpcf7-form-control wpcf7-tel wpcf7-validates-as-required wpcf7-text wpcf7-validates-as-tel\" aria-required=\"true\" aria-invalid=\"false\" placeholder=\"Telefon numaras\u0131*\" value=\"\" type=\"tel\" name=\"phone\" \/><\/span>\n\t\t\t<\/p>\n\t\t<\/div>\n\t<\/div>\n<\/div>\n<div class=\"row\">\n\t<div class=\"col-12\">\n\t\t<div class=\"input-filled\">\n\t\t\t<p><span class=\"wpcf7-form-control-wrap\" data-name=\"message\"><textarea cols=\"40\" rows=\"10\" maxlength=\"2000\" class=\"wpcf7-form-control wpcf7-textarea wpcf7-validates-as-required\" aria-required=\"true\" aria-invalid=\"false\" placeholder=\"Mesaj*\" name=\"message\"><\/textarea><\/span>\n\t\t\t<\/p>\n\t\t<\/div>\n\t<\/div>\n<\/div>\n<div class=\"row\">\n\t<div class=\"col-12\">\n\t\t<div class=\"\">\n\t\t\t<p><span class=\"wpcf7-form-control-wrap\" data-name=\"call\"><span class=\"wpcf7-form-control wpcf7-checkbox\"><span class=\"wpcf7-list-item first last\"><label><input type=\"checkbox\" name=\"call[]\" value=\"Ich bitte um einen R\u00fcckruf.\" \/><span class=\"wpcf7-list-item-label\">L\u00fctfen beni ara.<\/span><\/label><\/span><\/span><\/span>\n\t\t\t<\/p>\n\t\t<\/div>\n\t<\/div>\n\t<div class=\"col-12\">\n\t\t<div class=\"\">\n\t\t\t<p><span class=\"wpcf7-form-control-wrap\" data-name=\"priacy\"><span class=\"wpcf7-form-control wpcf7-checkbox wpcf7-validates-as-required\"><span class=\"wpcf7-list-item first last\"><label><input type=\"checkbox\" name=\"priacy[]\" value=\"Ich erkl\u00e4re mich mit dem Datenschutz einverstanden*.\" \/><span class=\"wpcf7-list-item-label\">Gizlilik politikas\u0131n\u0131* kabul ediyorum.<\/span><\/label><\/span><\/span><\/span>\n\t\t\t<\/p>\n\t\t<\/div>\n\t<\/div>\n<\/div>\n<div class=\"cf7-cf-turnstile\" style=\"margin-top: 0px; margin-bottom: -15px;\"> <div id=\"cf-turnstile-cf7-1313520978\" class=\"cf-turnstile\" data-sitekey=\"0x4AAAAAAAVmoJqBun6Tj3PG\" data-theme=\"light\" data-language=\"auto\" data-size=\"\" data-retry=\"auto\" data-retry-interval=\"1000\" data-refresh-expired=\"auto\" data-refresh-timeout=\"auto\" data-action=\"contact-form-7\" data-callback=\"turnstileCF7Callback\" data-appearance=\"interaction-only\"><\/div> <script>document.addEventListener(\"DOMContentLoaded\", function() { setTimeout(function(){ var e=document.getElementById(\"cf-turnstile-cf7-1313520978\"); if(e&&!e.innerHTML.trim()){turnstile.render(e, {sitekey:\"0x4AAAAAAAVmoJqBun6Tj3PG\"});} }, 200); });<\/script> <style>#cf-turnstile-cf7-1313520978 iframe { margin-bottom: 15px; }<\/style> <style>#cf-turnstile-cf7-1313520978 { margin-left: -15px; }<\/style> <script>document.addEventListener(\"DOMContentLoaded\",function(){document.querySelectorAll('.wpcf7-form').forEach(function(e){e.addEventListener('submit',function(){if(document.getElementById('cf-turnstile-cf7-1313520978')){setTimeout(function(){turnstile.reset('#cf-turnstile-cf7-1313520978');},1000)}})})});<\/script> <\/div>\n<div class=\"row\">\n\t<div class=\"col-12 rm-margin\">\n\t\t<p><input class=\"wpcf7-form-control wpcf7-submit has-spinner btn\" type=\"submit\" value=\"G\u00f6nder\" \/>\n\t\t<\/p>\n\t<\/div>\n<\/div><div class=\"wpcf7-response-output\" aria-hidden=\"true\"><\/div>\n<input type=\"hidden\" name=\"trp-form-language\" value=\"tr\"\/><\/form>\n<\/div>\n        <\/div>\n    <\/div>\n<\/div><\/div><\/div><\/div><div class=\"vc_row-full-width vc_clearfix\"><\/div>\n<\/div>","protected":false},"excerpt":{"rendered":"Darmgesundheit als Schl\u00fcssel zum Wohlbefinden Ein gesunder Darm ist die Basis f\u00fcr Vitalit\u00e4t, Energie und ein starkes Immunsystem. Die Johann Strauss Apotheke begleitet Sie mit wissenschaftlich fundierten Pr\u00e4paraten, die gezielt [...]","protected":false},"author":1,"featured_media":4225,"parent":2270,"menu_order":2,"comment_status":"closed","ping_status":"closed","template":"","meta":{"inline_featured_image":false,"_price":"","_stock":"","_tribe_ticket_header":"","_tribe_default_ticket_provider":"","_tribe_ticket_capacity":"0","_ticket_start_date":"","_ticket_end_date":"","_tribe_ticket_show_description":"","_tribe_ticket_show_not_going":false,"_tribe_ticket_use_global_stock":"","_tribe_ticket_global_stock_level":"","_global_stock_mode":"","_global_stock_cap":"","_tribe_rsvp_for_event":"","_tribe_ticket_going_count":"","_tribe_ticket_not_going_count":"","_tribe_tickets_list":"[]","_tribe_ticket_has_attendee_info_fields":false,"footnotes":"","_tec_slr_enabled":"","_tec_slr_layout":""},"class_list":["post-1141","page","type-page","status-publish","has-post-thumbnail","hentry"],"ticketed":false,"_links":{"self":[{"href":"https:\/\/johann-strauss-apotheke.at\/tr\/wp-json\/wp\/v2\/pages\/1141","targetHints":{"allow":["GET"]}}],"collection":[{"href":"https:\/\/johann-strauss-apotheke.at\/tr\/wp-json\/wp\/v2\/pages"}],"about":[{"href":"https:\/\/johann-strauss-apotheke.at\/tr\/wp-json\/wp\/v2\/types\/page"}],"author":[{"embeddable":true,"href":"https:\/\/johann-strauss-apotheke.at\/tr\/wp-json\/wp\/v2\/users\/1"}],"replies":[{"embeddable":true,"href":"https:\/\/johann-strauss-apotheke.at\/tr\/wp-json\/wp\/v2\/comments?post=1141"}],"version-history":[{"count":10,"href":"https:\/\/johann-strauss-apotheke.at\/tr\/wp-json\/wp\/v2\/pages\/1141\/revisions"}],"predecessor-version":[{"id":6801,"href":"https:\/\/johann-strauss-apotheke.at\/tr\/wp-json\/wp\/v2\/pages\/1141\/revisions\/6801"}],"up":[{"embeddable":true,"href":"https:\/\/johann-strauss-apotheke.at\/tr\/wp-json\/wp\/v2\/pages\/2270"}],"wp:featuredmedia":[{"embeddable":true,"href":"https:\/\/johann-strauss-apotheke.at\/tr\/wp-json\/wp\/v2\/media\/4225"}],"wp:attachment":[{"href":"https:\/\/johann-strauss-apotheke.at\/tr\/wp-json\/wp\/v2\/media?parent=1141"}],"curies":[{"name":"wp","href":"https:\/\/api.w.org\/{rel}","templated":true}]}}