{"id":1545,"date":"2023-07-09T09:39:54","date_gmt":"2023-07-09T07:39:54","guid":{"rendered":"https:\/\/johann-strauss-apotheke.at\/?page_id=1545"},"modified":"2026-01-15T12:16:07","modified_gmt":"2026-01-15T11:16:07","slug":"eczaneler-gece-servi%cc%87si%cc%87","status":"publish","type":"page","link":"https:\/\/johann-strauss-apotheke.at\/tr\/apotheke-wien\/apotheken-nachtdienst\/","title":{"rendered":"Gece Eczanesi"},"content":{"rendered":"<div class=\"wpb-content-wrapper\"><div data-vc-full-width=\"true\" data-vc-full-width-temp=\"true\" data-vc-full-width-init=\"false\" class=\"vc_row wpb_row vc_row-fluid box-center vc_custom_1713274921189 bg-image-ps-inherit\"><div class=\"wpb_column vc_column_container vc_col-sm-12 vc_col-lg-8 vc_col-md-8\"><div class=\"vc_column-inner\"><div class=\"wpb_wrapper\">\n\t<div class=\"wpb_text_column wpb_content_element text-center\" >\n\t\t<div class=\"wpb_wrapper\">\n\t\t\t<h1 style=\"text-align: center;\" data-start=\"0\" data-end=\"47\">Eczaneler gece servisi ve n\u00f6bet\u00e7i servis<\/h1>\n<p style=\"text-align: center;\" data-start=\"49\" data-end=\"362\" data-is-last-node=\"\" data-is-only-node=\"\">Normal \u00e7al\u0131\u015fma saatleri d\u0131\u015f\u0131ndaki acil durumlarda, Viyana-Wieden'deki Johann Strauss Eczanesi g\u00fcvenilir irtibat noktan\u0131zd\u0131r. Viyana eczanelerinin bir par\u00e7as\u0131 olarak, geceleri ve hafta sonlar\u0131 da \u00f6nemli ila\u00e7lara ve farmas\u00f6tik tavsiyelere eri\u015fmenizi sa\u011fl\u0131yoruz.<\/p>\n\n\t\t<\/div>\n\t<\/div>\n\n\t<div  class=\"wpb_single_image wpb_content_element vc_align_center wpb_content_element  svg-blatt inherit inherit\">\n\t\t\n\t\t<figure class=\"wpb_wrapper vc_figure\">\n\t\t\t<div class=\"vc_single_image-wrapper default  vc_box_border_grey\"><img decoding=\"async\" width=\"1\" height=\"1\" src=\"https:\/\/johann-strauss-apotheke.at\/wp-content\/uploads\/2023\/06\/blatt.svg\" class=\"vc_single_image-img attachment-full\" alt=\"\" title=\"sayfa svg\" \/><\/div>\n\t\t<\/figure>\n\t<\/div>\n<\/div><\/div><\/div><\/div><div class=\"vc_row-full-width vc_clearfix\"><\/div><div id=\"about\" data-vc-full-width=\"true\" data-vc-full-width-temp=\"true\" data-vc-full-width-init=\"false\" class=\"vc_row wpb_row vc_row-fluid vc_custom_1689744907705 vc_row-has-fill bg-image-ps-inherit\"><div class=\"wpb_column vc_column_container vc_col-sm-12 vc_col-lg-4 vc_col-md-4\"><div class=\"vc_column-inner vc_custom_1718211566262\"><div class=\"wpb_wrapper\">\n\t<div  class=\"wpb_single_image wpb_content_element vc_align_left wpb_content_element vc_custom_1740555523082 image_align_xs_center inherit\">\n\t\t\n\t\t<figure class=\"wpb_wrapper vc_figure\">\n\t\t\t<div class=\"vc_single_image-wrapper default  vc_box_border_grey\"><img decoding=\"async\" class=\"vc_single_image-img\" src=\"https:\/\/johann-strauss-apotheke.at\/wp-content\/uploads\/2025\/02\/Design-ohne-Titel-3.jpg\" width=\"600\" height=\"706\" alt=\"Normal \u00e7al\u0131\u015fma saatleri d\u0131\u015f\u0131nda h\u0131zl\u0131 yard\u0131m ve ila\u00e7 temini i\u00e7in Viyana&#039;da eczane gece hizmeti ve \u00e7a\u011fr\u0131 \u00fczerine hizmet.\" title=\"\" \/><\/div>\n\t\t<\/figure>\n\t<\/div>\n<\/div><\/div><\/div><div class=\"wpb_column vc_column_container vc_col-sm-12 vc_col-lg-8 vc_col-md-8\"><div class=\"vc_column-inner vc_custom_1718211586432\"><div class=\"wpb_wrapper\">\n\t<div class=\"wpb_text_column wpb_content_element\" >\n\t\t<div class=\"wpb_wrapper\">\n\t\t\t<h2>Viyana'da eczaneler gece servisi &amp; n\u00f6bet\u00e7i servis<\/h2>\n<p><span class=\"relative -mx-px my-&#091;-0.2rem&#093; rounded px-px py-&#091;0.2rem&#093; transition-colors duration-100 ease-in-out\">Kapal\u0131 bir eczanenin \u00f6n\u00fcnde duruyorsunuz ve acilen a\u00e7\u0131k bir eczaneye mi ihtiyac\u0131n\u0131z var? Viyana'da, normal \u00e7al\u0131\u015fma saatleri d\u0131\u015f\u0131nda da sizin i\u00e7in orada olan gece ve n\u00f6bet\u00e7i hizmetlerine sahip \u00e7ok say\u0131da eczane bulunmaktad\u0131r.<\/span><\/p>\n<h2 data-start=\"2781\" data-end=\"2820\">\u00c7a\u011fr\u0131 hizmetleri i\u00e7in takvim<\/h2>\n<p data-start=\"2822\" data-end=\"2900\"><span class=\"relative -mx-px my-&#091;-0.2rem&#093; rounded px-px py-&#091;0.2rem&#093; transition-colors duration-100 ease-in-out\">Bizimkini kullan\u0131n <a href=\"https:\/\/johann-strauss-apotheke.at\/tr\/olaylar\/\" target=\"_new\" rel=\"noopener noreferrer\" data-start=\"19\" data-end=\"108\">N\u00f6bet\u00e7i eczane hizmetleri i\u00e7in takvim<\/a>, g\u00fcncel tarihleri ve yakla\u015fan n\u00f6bet\u00e7i hizmetlerle ilgili bilgileri g\u00f6r\u00fcnt\u00fclemek i\u00e7in.<\/span><\/p>\n<h2 data-start=\"876\" data-end=\"969\">Bize ula\u015f\u0131n<\/h2>\n<p data-start=\"876\" data-end=\"969\"><span class=\"relative -mx-px my-&#091;-0.2rem&#093; rounded px-px py-&#091;0.2rem&#093; transition-colors duration-100 ease-in-out\">Daha fazla bilgi i\u00e7in veya herhangi bir sorunuz varsa, l\u00fctfen bizimle ileti\u015fime ge\u00e7in<\/span><\/p>\n<ul>\n<li data-start=\"973\" data-end=\"1027\"><strong data-start=\"973\" data-end=\"985\">Telefon:<\/strong> <span class=\"relative -mx-px my-&#091;-0.2rem&#093; rounded px-px py-&#091;0.2rem&#093; transition-colors duration-100 ease-in-out\">+43 1 505 21 64<\/span><\/li>\n<li data-start=\"1030\" data-end=\"1083\"><strong data-start=\"1030\" data-end=\"1041\">E-posta:<\/strong> <span class=\"relative -mx-px my-&#091;-0.2rem&#093; rounded px-px py-&#091;0.2rem&#093; transition-colors duration-100 ease-in-out\"><a href=\"mailto:office@johann-strauss-apotheke.at\" data-start=\"0\" data-end=\"77\" data-is-last-node=\"\" data-is-only-node=\"\">office@johann-strauss-apotheke.at<\/a><\/span><\/li>\n<li data-start=\"1086\" data-end=\"1177\"><strong data-start=\"1086\" data-end=\"1098\">Adres:<\/strong> <span class=\"relative -mx-px my-&#091;-0.2rem&#093; rounded px-px py-&#091;0.2rem&#093; transition-colors duration-100 ease-in-out\">Johann-Strauss-Gasse 32, 1040 Viyana<\/span><\/li>\n<\/ul>\n\n\t\t<\/div>\n\t<\/div>\n<div class=\"ct-button-wrapper align-left align-left-md align-left-sm align-left-xs\">\n\n    <a style=\"border-top-left-radius:10px;-webkit-border-top-left-radius:10px;border-top-right-radius:10px;-webkit-border-top-right-radius:10px;border-bottom-left-radius:10px;-webkit-border-bottom-left-radius:10px;border-bottom-right-radius:10px;-webkit-border-bottom-right-radius:10px;\" href=\"https:\/\/www.nachtapotheke.wien\" target=\"_blank\" class=\"btn btn-secondary size-lg\" rel=\"nofollow noopener\">\n        <span>Genel bak\u0131\u015f i\u00e7in<\/span>\n            <\/a>\n\n<\/div><\/div><\/div><\/div><\/div><div class=\"vc_row-full-width vc_clearfix\"><\/div><div data-vc-full-width=\"true\" data-vc-full-width-temp=\"true\" data-vc-full-width-init=\"false\" class=\"vc_row wpb_row vc_row-fluid vc_custom_1754766506890 bg-image-ps-inherit\"><div class=\"wpb_column vc_column_container vc_col-sm-12 vc_col-lg-8 vc_col-md-8\"><div class=\"vc_column-inner vc_custom_1718211586432\"><div class=\"wpb_wrapper\">\n\t<div class=\"wpb_text_column wpb_content_element\" >\n\t\t<div class=\"wpb_wrapper\">\n\t\t\t<h2 data-start=\"211\" data-end=\"264\">Gece eczane hizmeti \u00fccretlerine genel bak\u0131\u015f<\/h2>\n<p data-start=\"266\" data-end=\"340\"><span class=\"relative -mx-px my-&#091;-0.2rem&#093; rounded px-px py-&#091;0.2rem&#093; transition-colors duration-100 ease-in-out\">D<\/span><span class=\"relative -mx-px my-&#091;-0.2rem&#093; rounded px-px py-&#091;0.2rem&#093; transition-colors duration-100 ease-in-out\">viyana-Wieden'deki Johann Strauss Eczanesi gece eczane hizmeti i\u00e7in a\u015fa\u011f\u0131daki yasal \u00fccretleri* tahsil etmektedir:<\/span><\/p>\n<p><strong>20:00-08:00:<\/strong> \u20ac 3,80<br \/>\n<strong>Pazar g\u00fcnleri ve resmi tatiller 08:00-20:00:<\/strong> \u20ac 1,30<\/p>\n<p data-start=\"554\" data-end=\"752\"><em><span class=\"relative -mx-px my-&#091;-0.2rem&#093; rounded px-px py-&#091;0.2rem&#093; transition-colors duration-100 ease-in-out\">*Bu \u00fccretler, normal ila\u00e7 fiyatlar\u0131na ve re\u00e7ete \u00fccretlerine ek olarak uygulan\u0131r.<\/span> <span class=\"relative -mx-px my-&#091;-0.2rem&#093; rounded px-px py-&#091;0.2rem&#093; transition-colors duration-100 ease-in-out\">Eczane gece hizmetleri ve Pazar g\u00fcnleri ve resmi tatillerde n\u00f6bet hizmetleri, Avusturya Eczac\u0131l\u0131k Vergisi Y\u00f6netmeli\u011fi 1962'nin g\u00fcncel versiyonuna uygun olarak yaln\u0131zca eczac\u0131lar taraf\u0131ndan y\u00fcr\u00fct\u00fclmektedir.<\/span> <span class=\"relative -mx-px my-&#091;-0.2rem&#093; rounded px-px py-&#091;0.2rem&#093; transition-colors duration-100 ease-in-out\">Re\u00e7etenizde re\u00e7eteyi yazan doktorun ilgili bir notu varsa, sa\u011fl\u0131k sigortas\u0131 \u015firketiniz masraflar\u0131 kar\u015f\u0131layacakt\u0131r.<\/span><\/em><\/p>\n\n\t\t<\/div>\n\t<\/div>\n<\/div><\/div><\/div><div class=\"wpb_column vc_column_container vc_col-sm-12 vc_col-lg-4 vc_col-md-4\"><div class=\"vc_column-inner vc_custom_1718211566262\"><div class=\"wpb_wrapper\">\n\t<div  class=\"wpb_single_image wpb_content_element vc_align_left wpb_content_element vc_custom_1754768348987 image_align_xs_center inherit\">\n\t\t\n\t\t<figure class=\"wpb_wrapper vc_figure\">\n\t\t\t<div class=\"vc_single_image-wrapper default  vc_box_border_grey\"><img decoding=\"async\" class=\"vc_single_image-img\" src=\"https:\/\/johann-strauss-apotheke.at\/wp-content\/uploads\/2025\/08\/Nachtdi.jpg\" width=\"600\" height=\"706\" alt=\"Resimde eczane gece n\u00f6bet\u00e7isi ve n\u00f6bet\u00e7i eczac\u0131 bir bayan g\u00f6r\u00fcl\u00fcyor.\" title=\"Eczac\u0131lar Odas\u0131\" \/><\/div>\n\t\t<\/figure>\n\t<\/div>\n<\/div><\/div><\/div><\/div><div class=\"vc_row-full-width vc_clearfix\"><\/div><div data-vc-full-width=\"true\" data-vc-full-width-temp=\"true\" data-vc-full-width-init=\"false\" class=\"vc_row wpb_row vc_row-fluid vc_custom_1689744907705 vc_row-has-fill bg-image-ps-inherit\"><div class=\"wpb_column vc_column_container vc_col-sm-12 vc_col-lg-4 vc_col-md-4\"><div class=\"vc_column-inner vc_custom_1718211566262\"><div class=\"wpb_wrapper\">\n\t<div  class=\"wpb_single_image wpb_content_element vc_align_left wpb_content_element vc_custom_1754766525220 image_align_xs_center inherit\">\n\t\t\n\t\t<figure class=\"wpb_wrapper vc_figure\">\n\t\t\t<div class=\"vc_single_image-wrapper default  vc_box_border_grey\"><img decoding=\"async\" class=\"vc_single_image-img\" src=\"https:\/\/johann-strauss-apotheke.at\/wp-content\/uploads\/2025\/08\/Ubahn.jpg\" width=\"600\" height=\"706\" alt=\"Resim Viyana&#039;daki bir metro istasyonunu g\u00f6stermektedir. \u0130leti\u015fim\" title=\"\u00a9 Canva\" \/><\/div>\n\t\t<\/figure>\n\t<\/div>\n<\/div><\/div><\/div><div class=\"wpb_column vc_column_container vc_col-sm-12 vc_col-lg-8 vc_col-md-8\"><div class=\"vc_column-inner vc_custom_1718211586432\"><div class=\"wpb_wrapper\">\n\t<div class=\"wpb_text_column wpb_content_element\" >\n\t\t<div class=\"wpb_wrapper\">\n\t\t\t<h2 data-start=\"1260\" data-end=\"1319\">Yol tarifi ve eri\u015filebilirlik<\/h2>\n<p class=\"skrollable skrollable-between\" data-start=\"113\" data-end=\"225\">Johann Strauss eczanemiz merkezi bir konumda yer almaktad\u0131r.\u00a0<a href=\"https:\/\/share.google\/pvd0wqxCZpXgl1zBo\" target=\"_blank\" rel=\"noopener nofollow\">Johann-Strauss-Gasse 32 Viyana'n\u0131n 4. b\u00f6lgesinde<\/a>\u00a0- Alois Drasche Park\u0131'na \u00e7ok yak\u0131nd\u0131r. Eczaneye \u00e7e\u015fitli ula\u015f\u0131m ara\u00e7lar\u0131yla kolayca eri\u015filebilir:<\/p>\n<p class=\"skrollable skrollable-between\" data-start=\"227\" data-end=\"260\"><strong class=\"skrollable skrollable-between\" data-start=\"227\" data-end=\"258\">Toplu ta\u015f\u0131ma:<\/strong><\/p>\n<ul>\n<li class=\"skrollable skrollable-between\" data-start=\"263\" data-end=\"303\">Otob\u00fcs g\u00fczergah\u0131 13A (otob\u00fcs dura\u011f\u0131 Rainergasse)<\/li>\n<li class=\"skrollable skrollable-between\" data-start=\"306\" data-end=\"364\">U1 metro hatt\u0131 (S\u00fcdtiroler Platz \/ Hauptbahnhof istasyonu)<\/li>\n<\/ul>\n<p class=\"skrollable skrollable-between\" data-start=\"366\" data-end=\"377\"><strong class=\"skrollable skrollable-between\" data-start=\"366\" data-end=\"375\">Araba:<\/strong><\/p>\n<ul>\n<li class=\"skrollable skrollable-between\" data-start=\"380\" data-end=\"450\">\u00c7evredeki park olanaklar\u0131, \u00f6rne\u011fin S\u00fcdtiroler Platz otopark\u0131<\/li>\n<\/ul>\n<p class=\"skrollable skrollable-between\" data-start=\"452\" data-end=\"475\"><strong class=\"skrollable skrollable-between\" data-start=\"452\" data-end=\"473\">Y\u00fcr\u00fcyerek ve bisikletle:<\/strong><\/p>\n<ul>\n<li class=\"skrollable skrollable-between\" data-start=\"478\" data-end=\"501\">Y\u00fcr\u00fcyerek kolayca eri\u015filebilir<\/li>\n<li class=\"skrollable skrollable-between\" data-start=\"504\" data-end=\"538\">Tesis i\u00e7inde bisiklet park yerleri mevcuttur<\/li>\n<\/ul>\n<p>Kesin rota planlamas\u0131 i\u00e7in l\u00fctfen <a href=\"https:\/\/www.google.com\/maps\/place\/Johann-Strauss-Gasse+32,+1040+Wien\" target=\"_new\" rel=\"noopener noreferrer nofollow\" data-start=\"55\" data-end=\"156\">Google Haritalar-Eczaneye ba\u011flant\u0131<\/a>, Bu da size en h\u0131zl\u0131 rotay\u0131 g\u00f6sterir.<\/p>\n\n\t\t<\/div>\n\t<\/div>\n<div class=\"ct-button-wrapper align-left align-left-md align-left-sm align-left-xs\">\n\n    <a style=\"border-top-left-radius:10px;-webkit-border-top-left-radius:10px;border-top-right-radius:10px;-webkit-border-top-right-radius:10px;border-bottom-left-radius:10px;-webkit-border-bottom-left-radius:10px;border-bottom-right-radius:10px;-webkit-border-bottom-right-radius:10px;\" href=\"https:\/\/share.google\/pvd0wqxCZpXgl1zBo\" target=\"_blank\" class=\"btn btn-secondary size-lg\" rel=\"nofollow noopener\">\n        <span>Google Haritalar'a<\/span>\n            <\/a>\n\n<\/div><\/div><\/div><\/div><\/div><div class=\"vc_row-full-width vc_clearfix\"><\/div><div id=\"contact\" data-vc-full-width=\"true\" data-vc-full-width-temp=\"true\" data-vc-full-width-init=\"false\" data-vc-parallax=\"1.8\" class=\"vc_row wpb_row vc_row-fluid vc_custom_1687439461465 vc_row-has-fill vc_general vc_parallax vc_parallax-content-moving row-overlay bg-image-ps-inherit\"><div class=\"wpb_column vc_column_container vc_col-sm-6\"><div class=\"vc_column-inner vc_custom_1533033549183\"><div class=\"wpb_wrapper\"><div class=\"wpb_gmaps_widget wpb_content_element\"><div class=\"wpb_wrapper\"><div class=\"wpb_map_wraper\"> <div class=\"brlbs-cmpnt-container brlbs-cmpnt-content-blocker brlbs-cmpnt-with-individual-styles\" data-borlabs-cookie-content-blocker-id=\"google-maps\" data-borlabs-cookie-content=\"PGlmcmFtZSBzcmM9Imh0dHBzOi8vd3d3Lmdvb2dsZS5jb20vbWFwcy9lbWJlZD9wYj0hMW0xOCExbTEyITFtMyExZDI2NjAuMDI5ODgxNzQ2MzAzNSEyZDE2LjM2NjE4MzY3Njc5NjQwMyEzZDQ4LjE4Njc3NTc0NzczNDIhMm0zITFmMCEyZjAhM2YwITNtMiExaTEwMjQhMmk3NjghNGYxMy4xITNtMyExbTIhMXMweDQ3NmRhOWQ0ZjNjYmVjMTclM0EweDkyYTQ2ZjQ1ZmRmYTlhM2IhMnNKb2hhbm4tU3RyYXUlQzMlOUYtR2Fzc2UlMjAzMiUyQyUyMDEwNDAlMjBXaWVuITVlMCEzbTIhMXNkZSEyc2F0ITR2MTY4NjEzODA4OTExNyE1bTIhMXNkZSEyc2F0IiB3aWR0aD0iNjAwIiBoZWlnaHQ9IjU1MCIgc3R5bGU9ImJvcmRlcjowOyIgYWxsb3dmdWxsc2NyZWVuPSIiIGxvYWRpbmc9ImxhenkiIHJlZmVycmVycG9saWN5PSJuby1yZWZlcnJlci13aGVuLWRvd25ncmFkZSI+PC9pZnJhbWU+\"><div class=\"brlbs-cmpnt-cb-preset-b brlbs-cmpnt-cb-google-maps\"> <div class=\"brlbs-cmpnt-cb-thumbnail\" style=\"background-image: url('https:\/\/johann-strauss-apotheke.at\/wp-content\/uploads\/borlabs-cookie\/1\/brlbs-cb-google-maps-main.png')\"><\/div> <div class=\"brlbs-cmpnt-cb-main\"> <div class=\"brlbs-cmpnt-cb-content\"> <p class=\"brlbs-cmpnt-cb-description\">\u015eu anda bir yer tutucu i\u00e7eri\u011fi g\u00f6r\u00fcnt\u00fcl\u00fcyorsunuz <strong>Google Haritalar<\/strong>. As\u0131l i\u00e7eri\u011fe eri\u015fmek i\u00e7in a\u015fa\u011f\u0131daki d\u00fc\u011fmeyi t\u0131klay\u0131n. L\u00fctfen bunu yapt\u0131\u011f\u0131n\u0131zda \u00fc\u00e7\u00fcnc\u00fc taraf sa\u011flay\u0131c\u0131larla veri payla\u015faca\u011f\u0131n\u0131z\u0131 unutmay\u0131n.<\/p> <a class=\"brlbs-cmpnt-cb-provider-toggle\" href=\"#\" data-borlabs-cookie-show-provider-information role=\"button\">Daha Fazla Bilgi<\/a> <\/div> <div class=\"brlbs-cmpnt-cb-buttons\"> <a class=\"brlbs-cmpnt-cb-btn\" href=\"#\" data-borlabs-cookie-unblock role=\"button\">\u0130\u00e7erik engelini kald\u0131r\u0131n<\/a> <a class=\"brlbs-cmpnt-cb-btn\" href=\"#\" data-borlabs-cookie-accept-service role=\"button\" style=\"display: inherit\">Gerekli hizmeti kabul edin ve i\u00e7erik engelini kald\u0131r\u0131n<\/a> <\/div> <\/div> <\/div><\/div><\/div><\/div><\/div><\/div><\/div><\/div><div class=\"wpb_column vc_column_container vc_col-sm-6\"><div class=\"vc_column-inner vc_custom_1533033599033\"><div class=\"wpb_wrapper\"><div class=\"vc_empty_space\"   style=\"height: 10px\"><span class=\"vc_empty_space_inner\"><\/span><\/div><div id=\"ct-heading\" class=\"ct-heading align-left align-left-md align-left-sm align-left-xs\">\n            <style type=\"text\/css\">\n            @media (min-width: 991px) and (max-width: 1200px) {\n                #ct-heading .ct-heading-tag {\n                                            font-size: 30px !important;\n                                                        }\n            }\n        <\/style>\n    \n            <style type=\"text\/css\">\n            @media (min-width: 768px) and (max-width: 991px) {\n                #ct-heading .ct-heading-tag {\n                                            font-size: 30px !important;\n                                                        }\n            }\n        <\/style>\n    \n            <style type=\"text\/css\">\n            @media screen and (max-width: 767px) {\n                #ct-heading .ct-heading-tag {\n                                            font-size: 30px !important;\n                                                        }\n            }\n        <\/style>\n        \n        \n    <h3 class=\"ct-heading-tag\" style=\"margin-bottom:12px;font-size:30px;font-weight:600; \">\n                                    Bize ula\u015f\u0131n                                    <\/h3>\n\n    \n    <\/div><div class=\"vc_empty_space\"   style=\"height: 26px\"><span class=\"vc_empty_space_inner\"><\/span><\/div>    <div class=\"ct-contact-form-default   form-style1\">\n        <div class=\"ct-contact-form-inner\">\n            \n<div class=\"wpcf7 no-js\" id=\"wpcf7-f819-o1\" lang=\"en-US\" dir=\"ltr\" data-wpcf7-id=\"819\">\n<div class=\"screen-reader-response\"><p role=\"status\" aria-live=\"polite\" aria-atomic=\"true\"><\/p> <ul><\/ul><\/div>\n<form action=\"\/tr\/wp-json\/wp\/v2\/pages\/1545#wpcf7-f819-o1\" method=\"post\" class=\"wpcf7-form init\" aria-label=\"\u0130leti\u015fim formu\" novalidate=\"novalidate\" data-status=\"init\" data-trp-original-action=\"\/tr\/wp-json\/wp\/v2\/pages\/1545#wpcf7-f819-o1\">\n<fieldset class=\"hidden-fields-container\"><input type=\"hidden\" name=\"_wpcf7\" value=\"819\" \/><input type=\"hidden\" name=\"_wpcf7_version\" value=\"6.1.5\" \/><input type=\"hidden\" name=\"_wpcf7_locale\" value=\"en_US\" \/><input type=\"hidden\" name=\"_wpcf7_unit_tag\" value=\"wpcf7-f819-o1\" \/><input type=\"hidden\" name=\"_wpcf7_container_post\" value=\"0\" \/><input type=\"hidden\" name=\"_wpcf7_posted_data_hash\" value=\"\" \/>\n<\/fieldset>\n<div class=\"row\">\n\t<div class=\"col-sm-12 col-md-6 col-lg-6\">\n\t\t<div class=\"input-filled\">\n\t\t\t<p><span class=\"wpcf7-form-control-wrap\" data-name=\"firstname\"><input size=\"40\" maxlength=\"400\" class=\"wpcf7-form-control wpcf7-text wpcf7-validates-as-required\" aria-required=\"true\" aria-invalid=\"false\" placeholder=\"\u0130lk isim*\" value=\"\" type=\"text\" name=\"firstname\" \/><\/span>\n\t\t\t<\/p>\n\t\t<\/div>\n\t<\/div>\n\t<div class=\"col-sm-12 col-md-6 col-lg-6\">\n\t\t<div class=\"input-filled\">\n\t\t\t<p><span class=\"wpcf7-form-control-wrap\" data-name=\"lastname\"><input size=\"40\" maxlength=\"400\" class=\"wpcf7-form-control wpcf7-text wpcf7-validates-as-required\" aria-required=\"true\" aria-invalid=\"false\" placeholder=\"Soyad\u0131*\" value=\"\" type=\"text\" name=\"lastname\" \/><\/span>\n\t\t\t<\/p>\n\t\t<\/div>\n\t<\/div>\n<\/div>\n<div class=\"row\">\n\t<div class=\"col-sm-12 col-md-6 col-lg-6\">\n\t\t<div class=\"input-filled\">\n\t\t\t<p><span class=\"wpcf7-form-control-wrap\" data-name=\"email\"><input size=\"40\" maxlength=\"400\" class=\"wpcf7-form-control wpcf7-email wpcf7-validates-as-required wpcf7-text wpcf7-validates-as-email\" aria-required=\"true\" aria-invalid=\"false\" placeholder=\"E-posta adresi*\" value=\"\" type=\"email\" name=\"email\" \/><\/span>\n\t\t\t<\/p>\n\t\t<\/div>\n\t<\/div>\n\t<div class=\"col-sm-12 col-md-6 col-lg-6\">\n\t\t<div class=\"input-filled\">\n\t\t\t<p><span class=\"wpcf7-form-control-wrap\" data-name=\"phone\"><input size=\"40\" maxlength=\"400\" class=\"wpcf7-form-control wpcf7-tel wpcf7-validates-as-required wpcf7-text wpcf7-validates-as-tel\" aria-required=\"true\" aria-invalid=\"false\" placeholder=\"Telefon numaras\u0131*\" value=\"\" type=\"tel\" name=\"phone\" \/><\/span>\n\t\t\t<\/p>\n\t\t<\/div>\n\t<\/div>\n<\/div>\n<div class=\"row\">\n\t<div class=\"col-12\">\n\t\t<div class=\"input-filled\">\n\t\t\t<p><span class=\"wpcf7-form-control-wrap\" data-name=\"message\"><textarea cols=\"40\" rows=\"10\" maxlength=\"2000\" class=\"wpcf7-form-control wpcf7-textarea wpcf7-validates-as-required\" aria-required=\"true\" aria-invalid=\"false\" placeholder=\"Mesaj*\" name=\"message\"><\/textarea><\/span>\n\t\t\t<\/p>\n\t\t<\/div>\n\t<\/div>\n<\/div>\n<div class=\"row\">\n\t<div class=\"col-12\">\n\t\t<div class=\"\">\n\t\t\t<p><span class=\"wpcf7-form-control-wrap\" data-name=\"call\"><span class=\"wpcf7-form-control wpcf7-checkbox\"><span class=\"wpcf7-list-item first last\"><label><input type=\"checkbox\" name=\"call[]\" value=\"Ich bitte um einen R\u00fcckruf.\" \/><span class=\"wpcf7-list-item-label\">L\u00fctfen beni ara.<\/span><\/label><\/span><\/span><\/span>\n\t\t\t<\/p>\n\t\t<\/div>\n\t<\/div>\n\t<div class=\"col-12\">\n\t\t<div class=\"\">\n\t\t\t<p><span class=\"wpcf7-form-control-wrap\" data-name=\"priacy\"><span class=\"wpcf7-form-control wpcf7-checkbox wpcf7-validates-as-required\"><span class=\"wpcf7-list-item first last\"><label><input type=\"checkbox\" name=\"priacy[]\" value=\"Ich erkl\u00e4re mich mit dem Datenschutz einverstanden*.\" \/><span class=\"wpcf7-list-item-label\">Gizlilik politikas\u0131n\u0131* kabul ediyorum.<\/span><\/label><\/span><\/span><\/span>\n\t\t\t<\/p>\n\t\t<\/div>\n\t<\/div>\n<\/div>\n<div class=\"cf7-cf-turnstile\" style=\"margin-top: 0px; margin-bottom: -15px;\"> <div id=\"cf-turnstile-cf7-619858500\" class=\"cf-turnstile\" data-sitekey=\"0x4AAAAAAAVmoJqBun6Tj3PG\" data-theme=\"light\" data-language=\"auto\" data-size=\"\" data-retry=\"auto\" data-retry-interval=\"1000\" data-refresh-expired=\"auto\" data-refresh-timeout=\"auto\" data-action=\"contact-form-7\" data-callback=\"turnstileCF7Callback\" data-appearance=\"interaction-only\"><\/div> <script>document.addEventListener(\"DOMContentLoaded\", function() { setTimeout(function(){ var e=document.getElementById(\"cf-turnstile-cf7-619858500\"); if(e&&!e.innerHTML.trim()){turnstile.render(e, {sitekey:\"0x4AAAAAAAVmoJqBun6Tj3PG\"});} }, 200); });<\/script> <style>#cf-turnstile-cf7-619858500 iframe { margin-bottom: 15px; }<\/style> <style>#cf-turnstile-cf7-619858500 { margin-left: -15px; }<\/style> <script>document.addEventListener(\"DOMContentLoaded\",function(){document.querySelectorAll('.wpcf7-form').forEach(function(e){e.addEventListener('submit',function(){if(document.getElementById('cf-turnstile-cf7-619858500')){setTimeout(function(){turnstile.reset('#cf-turnstile-cf7-619858500');},1000)}})})});<\/script> <\/div>\n<div class=\"row\">\n\t<div class=\"col-12 rm-margin\">\n\t\t<p><input class=\"wpcf7-form-control wpcf7-submit has-spinner btn\" type=\"submit\" value=\"G\u00f6nder\" \/>\n\t\t<\/p>\n\t<\/div>\n<\/div><div class=\"wpcf7-response-output\" aria-hidden=\"true\"><\/div>\n<input type=\"hidden\" name=\"trp-form-language\" value=\"tr\"\/><\/form>\n<\/div>\n        <\/div>\n    <\/div>\n<\/div><\/div><\/div><\/div><div class=\"vc_row-full-width vc_clearfix\"><\/div>\n<\/div>","protected":false},"excerpt":{"rendered":"Apotheken Nachtdienst &amp; Bereitschaftsdienst In Notf\u00e4llen au\u00dferhalb der regul\u00e4ren \u00d6ffnungszeiten ist die Johann-Strauss-Apotheke in Wien-Wieden Ihre zuverl\u00e4ssige Anlaufstelle. Als Teil der Wiener Apotheken bieten wir Ihnen auch nachts und an [...]","protected":false},"author":4,"featured_media":4204,"parent":883,"menu_order":7,"comment_status":"closed","ping_status":"closed","template":"","meta":{"inline_featured_image":false,"_price":"","_stock":"","_tribe_ticket_header":"","_tribe_default_ticket_provider":"","_tribe_ticket_capacity":"0","_ticket_start_date":"","_ticket_end_date":"","_tribe_ticket_show_description":"","_tribe_ticket_show_not_going":false,"_tribe_ticket_use_global_stock":"","_tribe_ticket_global_stock_level":"","_global_stock_mode":"","_global_stock_cap":"","_tribe_rsvp_for_event":"","_tribe_ticket_going_count":"","_tribe_ticket_not_going_count":"","_tribe_tickets_list":"[]","_tribe_ticket_has_attendee_info_fields":false,"footnotes":"","_tec_slr_enabled":"","_tec_slr_layout":""},"class_list":["post-1545","page","type-page","status-publish","has-post-thumbnail","hentry"],"ticketed":false,"_links":{"self":[{"href":"https:\/\/johann-strauss-apotheke.at\/tr\/wp-json\/wp\/v2\/pages\/1545","targetHints":{"allow":["GET"]}}],"collection":[{"href":"https:\/\/johann-strauss-apotheke.at\/tr\/wp-json\/wp\/v2\/pages"}],"about":[{"href":"https:\/\/johann-strauss-apotheke.at\/tr\/wp-json\/wp\/v2\/types\/page"}],"author":[{"embeddable":true,"href":"https:\/\/johann-strauss-apotheke.at\/tr\/wp-json\/wp\/v2\/users\/4"}],"replies":[{"embeddable":true,"href":"https:\/\/johann-strauss-apotheke.at\/tr\/wp-json\/wp\/v2\/comments?post=1545"}],"version-history":[{"count":27,"href":"https:\/\/johann-strauss-apotheke.at\/tr\/wp-json\/wp\/v2\/pages\/1545\/revisions"}],"predecessor-version":[{"id":6771,"href":"https:\/\/johann-strauss-apotheke.at\/tr\/wp-json\/wp\/v2\/pages\/1545\/revisions\/6771"}],"up":[{"embeddable":true,"href":"https:\/\/johann-strauss-apotheke.at\/tr\/wp-json\/wp\/v2\/pages\/883"}],"wp:featuredmedia":[{"embeddable":true,"href":"https:\/\/johann-strauss-apotheke.at\/tr\/wp-json\/wp\/v2\/media\/4204"}],"wp:attachment":[{"href":"https:\/\/johann-strauss-apotheke.at\/tr\/wp-json\/wp\/v2\/media?parent=1545"}],"curies":[{"name":"wp","href":"https:\/\/api.w.org\/{rel}","templated":true}]}}