{"id":1565,"date":"2023-07-10T08:03:06","date_gmt":"2023-07-10T06:03:06","guid":{"rendered":"https:\/\/johann-strauss-apotheke.at\/?page_id=1565"},"modified":"2026-01-15T12:13:25","modified_gmt":"2026-01-15T11:13:25","slug":"musteri%cc%87-faydasi","status":"publish","type":"page","link":"https:\/\/johann-strauss-apotheke.at\/tr\/apotheke-wien\/kundenvorteil\/","title":{"rendered":"M\u00fc\u015fteri avantajlar\u0131"},"content":{"rendered":"<div class=\"wpb-content-wrapper\"><div data-vc-full-width=\"true\" data-vc-full-width-temp=\"true\" data-vc-full-width-init=\"false\" class=\"vc_row wpb_row vc_row-fluid box-center vc_custom_1713274443125 bg-image-ps-inherit\"><div class=\"wpb_column vc_column_container vc_col-sm-12 vc_col-lg-8 vc_col-md-8\"><div class=\"vc_column-inner\"><div class=\"wpb_wrapper\">\n\t<div class=\"wpb_text_column wpb_content_element\" >\n\t\t<div class=\"wpb_wrapper\">\n\t\t\t<h1 style=\"text-align: center;\">Viyana Johann Strauss Eczanesi'nde m\u00fc\u015fteri avantajlar\u0131n\u0131z<\/h1>\n<p style=\"text-align: center;\">Viyana Johann Strauss Eczanesi'nde \u00f6zel m\u00fc\u015fteri avantajlar\u0131ndan yararlan\u0131n - sa\u011fl\u0131\u011f\u0131n\u0131z i\u00e7in daha fazla hizmet, g\u00fcvenlik ve cazip bonuslar.<\/p>\n\n\t\t<\/div>\n\t<\/div>\n\n\t<div  class=\"wpb_single_image wpb_content_element vc_align_center wpb_content_element  svg-blatt inherit inherit\">\n\t\t\n\t\t<figure class=\"wpb_wrapper vc_figure\">\n\t\t\t<div class=\"vc_single_image-wrapper default  vc_box_border_grey\"><img decoding=\"async\" width=\"1\" height=\"1\" src=\"https:\/\/johann-strauss-apotheke.at\/wp-content\/uploads\/2023\/06\/blatt.svg\" class=\"vc_single_image-img attachment-full\" alt=\"\" title=\"sayfa svg\" \/><\/div>\n\t\t<\/figure>\n\t<\/div>\n<\/div><\/div><\/div><\/div><div class=\"vc_row-full-width vc_clearfix\"><\/div><div data-vc-full-width=\"true\" data-vc-full-width-temp=\"true\" data-vc-full-width-init=\"false\" class=\"vc_row wpb_row vc_row-fluid box-center vc_custom_1689744832158 vc_row-has-fill bg-image-ps-inherit\"><div class=\"wpb_column vc_column_container vc_col-sm-6 vc_col-lg-8 vc_col-md-8\"><div class=\"vc_column-inner vc_custom_1689744841718\"><div class=\"wpb_wrapper\">\n\t<div class=\"wpb_text_column wpb_content_element\" >\n\t\t<div class=\"wpb_wrapper\">\n\t\t\t<h2 data-start=\"508\" data-end=\"550\">Bir bak\u0131\u015fta m\u00fc\u015fteri avantajlar\u0131m\u0131z<\/h2>\n<p data-start=\"552\" data-end=\"673\">Eczanemizin bir m\u00fc\u015fterisi olarak, g\u00fcnl\u00fck hayat\u0131n\u0131z\u0131 kolayla\u015ft\u0131ran ve sa\u011fl\u0131\u011f\u0131n\u0131z\u0131 koruyan say\u0131s\u0131z avantajdan yararlanabilirsiniz:<\/p>\n<ul>\n<li data-start=\"677\" data-end=\"797\"><strong data-start=\"677\" data-end=\"698\">1,5 % sadakat bonusu:<\/strong> Her al\u0131\u015fveri\u015fte otomatik olarak bonus puanlar toplay\u0131n ve bunlar\u0131 daha sonra indirimler i\u00e7in kullan\u0131n.<\/li>\n<li data-start=\"800\" data-end=\"920\"><strong data-start=\"800\" data-end=\"827\">\u0130la\u00e7 g\u00fcvenli\u011fi:<\/strong> Uzmanlar\u0131m\u0131z ila\u00e7lar\u0131n\u0131z\u0131n etkile\u015fimlerini kontrol edecek ve size kapsaml\u0131 bilgi verecektir.<\/li>\n<li data-start=\"923\" data-end=\"1066\"><strong data-start=\"923\" data-end=\"944\">Y\u0131ll\u0131k beyan:<\/strong> Talep \u00fczerine harcamalar\u0131n\u0131z\u0131n net bir listesini al\u0131n - vergi beyannameleri veya sigorta poli\u00e7eleri i\u00e7in ideal.<\/li>\n<li data-start=\"1069\" data-end=\"1182\"><strong data-start=\"1069\" data-end=\"1094\">Ki\u015fiselle\u015ftirilmi\u015f tavsiye:<\/strong> \u00c7al\u0131\u015fanlar\u0131m\u0131z sorular\u0131n\u0131z\u0131 yan\u0131tlamak ve size \u00f6zel \u00e7\u00f6z\u00fcmler sunmak i\u00e7in zaman ay\u0131r\u0131r.<\/li>\n<li data-start=\"1185\" data-end=\"1315\"><strong data-start=\"1185\" data-end=\"1208\">\u00d6zel promosyonlar:<\/strong> Bir m\u00fc\u015fteri olarak, yaln\u0131zca d\u00fczenli m\u00fc\u015fterilerimize sunulan \u00f6zel tekliflere ve promosyonlara eri\u015fim elde edeceksiniz.<\/li>\n<\/ul>\n\n\t\t<\/div>\n\t<\/div>\n<div class=\"ct-button-wrapper align-left align-left-md align-left-sm align-left-xs\">\n\n    <a style=\"border-top-left-radius:10px;-webkit-border-top-left-radius:10px;border-top-right-radius:10px;-webkit-border-top-right-radius:10px;border-bottom-left-radius:10px;-webkit-border-bottom-left-radius:10px;border-bottom-right-radius:10px;-webkit-border-bottom-right-radius:10px;\" href=\"https:\/\/johann-strauss-apotheke.at\/wp-content\/uploads\/2023\/07\/Kundenkarteiantrag_JS_Apotheke.pdf\" target=\"_blank\" class=\"btn btn-secondary size-lg\">\n        <span>M\u00fc\u015fteri kart\u0131 uygulamas\u0131na<\/span>\n            <\/a>\n\n<\/div><\/div><\/div><\/div><div class=\"wpb_column vc_column_container vc_col-sm-6 vc_col-lg-4 vc_col-md-4\"><div class=\"vc_column-inner vc_custom_1718183938349\"><div class=\"wpb_wrapper\">\n\t<div  class=\"wpb_single_image wpb_content_element vc_align_right wpb_content_element inherit inherit\">\n\t\t\n\t\t<figure class=\"wpb_wrapper vc_figure\">\n\t\t\t<div class=\"vc_single_image-wrapper default  vc_box_border_grey\"><img decoding=\"async\" class=\"vc_single_image-img\" src=\"https:\/\/johann-strauss-apotheke.at\/wp-content\/uploads\/2024\/06\/Desigtn-ohne-Titel.jpg\" width=\"600\" height=\"706\" alt=\"M\u00fc\u015fteri faydas\u0131\" title=\"\u00a9 Canva\" \/><\/div>\n\t\t<\/figure>\n\t<\/div>\n<\/div><\/div><\/div><\/div><div class=\"vc_row-full-width vc_clearfix\"><\/div><div data-vc-full-width=\"true\" data-vc-full-width-temp=\"true\" data-vc-full-width-init=\"false\" class=\"vc_row wpb_row vc_row-fluid vc_custom_1718210555764 bg-image-ps-inherit\"><div class=\"wpb_column vc_column_container vc_col-sm-12 vc_col-lg-4 vc_col-md-4\"><div class=\"vc_column-inner vc_custom_1718210526461\"><div class=\"wpb_wrapper\">\n\t<div  class=\"wpb_single_image wpb_content_element vc_align_left wpb_content_element inherit inherit\">\n\t\t\n\t\t<figure class=\"wpb_wrapper vc_figure\">\n\t\t\t<div class=\"vc_single_image-wrapper default  vc_box_border_grey\"><img decoding=\"async\" class=\"vc_single_image-img\" src=\"https:\/\/johann-strauss-apotheke.at\/wp-content\/uploads\/2024\/06\/Design-ohne-Titel-6.jpg\" width=\"600\" height=\"706\" alt=\"Viyana Johann Strauss Eczanesi&#039;ndeki m\u00fc\u015fteriler - Viyana Johann Strauss Eczanesi&#039;ndeki m\u00fc\u015fteriler\" title=\"Viyana Johann Strauss Eczanesi&#039;ndeki m\u00fc\u015fteriler - Viyana Johann Strauss Eczanesi&#039;ndeki m\u00fc\u015fteriler\" \/><\/div>\n\t\t<\/figure>\n\t<\/div>\n<\/div><\/div><\/div><div class=\"wpb_column vc_column_container vc_col-sm-12 vc_col-lg-8 vc_col-md-8\"><div class=\"vc_column-inner vc_custom_1718210548200\"><div class=\"wpb_wrapper\">\n\t<div class=\"wpb_text_column wpb_content_element\" >\n\t\t<div class=\"wpb_wrapper\">\n\t\t\t<h2 style=\"text-align: left;\" data-start=\"1322\" data-end=\"1359\">Kay\u0131t olmak \u00e7ok kolay<\/h2>\n<p style=\"text-align: left;\" data-start=\"1361\" data-end=\"1570\">Kay\u0131t h\u0131zl\u0131 ve kolayd\u0131r: bizi eczanede ziyaret edin ve m\u00fc\u015fteri dosyam\u0131z i\u00e7in kay\u0131t formunu doldurun. Bir sonraki al\u0131\u015fveri\u015finizde t\u00fcm avantajlardan yararlanacaks\u0131n\u0131z.<\/p>\n<p style=\"text-align: left;\" data-start=\"1572\" data-end=\"1700\">Verileriniz bizimle g\u00fcvende - t\u00fcm bilgileri gizli ve ge\u00e7erli veri koruma d\u00fczenlemelerine uygun olarak ele al\u0131yoruz.<\/p>\n<h2 style=\"text-align: left;\" data-start=\"1707\" data-end=\"1746\">Neden kay\u0131t yapt\u0131rmaya de\u011fer<\/h2>\n<p style=\"text-align: left;\" data-start=\"1748\" data-end=\"2008\">M\u00fc\u015fteri kart\u0131n\u0131zla, g\u00fcvenli ila\u00e7 tedavisinden cazip sadakat bonuslar\u0131na kadar size iyi bak\u0131l\u0131r. Bizimle emin ellerde oldu\u011funuzu ve her zaman birinci s\u0131n\u0131f sa\u011fl\u0131k \u00fcr\u00fcnlerine ve ki\u015fiselle\u015ftirilmi\u015f bak\u0131ma g\u00fcvenebilece\u011finizi hissetmenizi istiyoruz.<\/p>\n<h3 data-start=\"2059\" data-end=\"2124\">Di\u011fer teklifler ve hizmetler<\/h3>\n<p data-start=\"2126\" data-end=\"2493\">Ayr\u0131ca kapsaml\u0131 \u00fcr\u00fcn yelpazesini ke\u015ffedin <a class=\"\" href=\"https:\/\/share.google\/pvd0wqxCZpXgl1zBo\" target=\"_blank\" rel=\"noopener nofollow\" data-start=\"122\" data-end=\"207\">Johann Strauss Eczanesi Viyana<\/a> \u00fczerinde <a href=\"https:\/\/johann-strauss-apotheke.at\/tr\/urunler-hi%cc%87zmetler\/\">\u00dcr\u00fcnler &amp; Hizmetler<\/a>, Sa\u011fl\u0131k tavsiyelerinden \u00f6zel \u00fcr\u00fcnlere kadar. \u00d6zel bir hediye vermek ister misiniz? Bizim <a class=\"\" href=\"https:\/\/johann-strauss-apotheke.at\/tr\/eczane-vi%cc%87yana\/kupon\/\" target=\"_new\" rel=\"noopener\" data-start=\"348\" data-end=\"421\">Kuponlar<\/a> esnek bir \u015fekilde kullan\u0131labilir ve her durum i\u00e7in idealdir.<\/p>\n\n\t\t<\/div>\n\t<\/div>\n<\/div><\/div><\/div><\/div><div class=\"vc_row-full-width vc_clearfix\"><\/div><div id=\"contact\" data-vc-full-width=\"true\" data-vc-full-width-temp=\"true\" data-vc-full-width-init=\"false\" data-vc-parallax=\"1.8\" class=\"vc_row wpb_row vc_row-fluid vc_custom_1687439461465 vc_row-has-fill vc_general vc_parallax vc_parallax-content-moving row-overlay bg-image-ps-inherit\"><div class=\"wpb_column vc_column_container vc_col-sm-6\"><div class=\"vc_column-inner vc_custom_1533033549183\"><div class=\"wpb_wrapper\"><div class=\"wpb_gmaps_widget wpb_content_element\"><div class=\"wpb_wrapper\"><div class=\"wpb_map_wraper\"> <div class=\"brlbs-cmpnt-container brlbs-cmpnt-content-blocker brlbs-cmpnt-with-individual-styles\" data-borlabs-cookie-content-blocker-id=\"google-maps\" data-borlabs-cookie-content=\"PGlmcmFtZSBzcmM9Imh0dHBzOi8vd3d3Lmdvb2dsZS5jb20vbWFwcy9lbWJlZD9wYj0hMW0xOCExbTEyITFtMyExZDI2NjAuMDI5ODgxNzQ2MzAzNSEyZDE2LjM2NjE4MzY3Njc5NjQwMyEzZDQ4LjE4Njc3NTc0NzczNDIhMm0zITFmMCEyZjAhM2YwITNtMiExaTEwMjQhMmk3NjghNGYxMy4xITNtMyExbTIhMXMweDQ3NmRhOWQ0ZjNjYmVjMTclM0EweDkyYTQ2ZjQ1ZmRmYTlhM2IhMnNKb2hhbm4tU3RyYXUlQzMlOUYtR2Fzc2UlMjAzMiUyQyUyMDEwNDAlMjBXaWVuITVlMCEzbTIhMXNkZSEyc2F0ITR2MTY4NjEzODA4OTExNyE1bTIhMXNkZSEyc2F0IiB3aWR0aD0iNjAwIiBoZWlnaHQ9IjU1MCIgc3R5bGU9ImJvcmRlcjowOyIgYWxsb3dmdWxsc2NyZWVuPSIiIGxvYWRpbmc9ImxhenkiIHJlZmVycmVycG9saWN5PSJuby1yZWZlcnJlci13aGVuLWRvd25ncmFkZSI+PC9pZnJhbWU+\"><div class=\"brlbs-cmpnt-cb-preset-b brlbs-cmpnt-cb-google-maps\"> <div class=\"brlbs-cmpnt-cb-thumbnail\" style=\"background-image: url('https:\/\/johann-strauss-apotheke.at\/wp-content\/uploads\/borlabs-cookie\/1\/brlbs-cb-google-maps-main.png')\"><\/div> <div class=\"brlbs-cmpnt-cb-main\"> <div class=\"brlbs-cmpnt-cb-content\"> <p class=\"brlbs-cmpnt-cb-description\">\u015eu anda bir yer tutucu i\u00e7eri\u011fi g\u00f6r\u00fcnt\u00fcl\u00fcyorsunuz <strong>Google Haritalar<\/strong>. As\u0131l i\u00e7eri\u011fe eri\u015fmek i\u00e7in a\u015fa\u011f\u0131daki d\u00fc\u011fmeyi t\u0131klay\u0131n. L\u00fctfen bunu yapt\u0131\u011f\u0131n\u0131zda \u00fc\u00e7\u00fcnc\u00fc taraf sa\u011flay\u0131c\u0131larla veri payla\u015faca\u011f\u0131n\u0131z\u0131 unutmay\u0131n.<\/p> <a class=\"brlbs-cmpnt-cb-provider-toggle\" href=\"#\" data-borlabs-cookie-show-provider-information role=\"button\">Daha Fazla Bilgi<\/a> <\/div> <div class=\"brlbs-cmpnt-cb-buttons\"> <a class=\"brlbs-cmpnt-cb-btn\" href=\"#\" data-borlabs-cookie-unblock role=\"button\">\u0130\u00e7erik engelini kald\u0131r\u0131n<\/a> <a class=\"brlbs-cmpnt-cb-btn\" href=\"#\" data-borlabs-cookie-accept-service role=\"button\" style=\"display: inherit\">Gerekli hizmeti kabul edin ve i\u00e7erik engelini kald\u0131r\u0131n<\/a> <\/div> <\/div> <\/div><\/div><\/div><\/div><\/div><\/div><\/div><\/div><div class=\"wpb_column vc_column_container vc_col-sm-6\"><div class=\"vc_column-inner vc_custom_1533033599033\"><div class=\"wpb_wrapper\"><div class=\"vc_empty_space\"   style=\"height: 10px\"><span class=\"vc_empty_space_inner\"><\/span><\/div><div id=\"ct-heading\" class=\"ct-heading align-left align-left-md align-left-sm align-left-xs\">\n            <style type=\"text\/css\">\n            @media (min-width: 991px) and (max-width: 1200px) {\n                #ct-heading .ct-heading-tag {\n                                            font-size: 30px !important;\n                                                        }\n            }\n        <\/style>\n    \n            <style type=\"text\/css\">\n            @media (min-width: 768px) and (max-width: 991px) {\n                #ct-heading .ct-heading-tag {\n                                            font-size: 30px !important;\n                                                        }\n            }\n        <\/style>\n    \n            <style type=\"text\/css\">\n            @media screen and (max-width: 767px) {\n                #ct-heading .ct-heading-tag {\n                                            font-size: 30px !important;\n                                                        }\n            }\n        <\/style>\n        \n        \n    <h3 class=\"ct-heading-tag\" style=\"margin-bottom:12px;font-size:30px;font-weight:600; \">\n                                    Bize ula\u015f\u0131n                                    <\/h3>\n\n    \n    <\/div><div class=\"vc_empty_space\"   style=\"height: 26px\"><span class=\"vc_empty_space_inner\"><\/span><\/div>    <div class=\"ct-contact-form-default   form-style1\">\n        <div class=\"ct-contact-form-inner\">\n            \n<div class=\"wpcf7 no-js\" id=\"wpcf7-f819-o1\" lang=\"en-US\" dir=\"ltr\" data-wpcf7-id=\"819\">\n<div class=\"screen-reader-response\"><p role=\"status\" aria-live=\"polite\" aria-atomic=\"true\"><\/p> <ul><\/ul><\/div>\n<form action=\"\/tr\/wp-json\/wp\/v2\/pages\/1565#wpcf7-f819-o1\" method=\"post\" class=\"wpcf7-form init\" aria-label=\"\u0130leti\u015fim formu\" novalidate=\"novalidate\" data-status=\"init\" data-trp-original-action=\"\/tr\/wp-json\/wp\/v2\/pages\/1565#wpcf7-f819-o1\">\n<fieldset class=\"hidden-fields-container\"><input type=\"hidden\" name=\"_wpcf7\" value=\"819\" \/><input type=\"hidden\" name=\"_wpcf7_version\" value=\"6.1.5\" \/><input type=\"hidden\" name=\"_wpcf7_locale\" value=\"en_US\" \/><input type=\"hidden\" name=\"_wpcf7_unit_tag\" value=\"wpcf7-f819-o1\" \/><input type=\"hidden\" name=\"_wpcf7_container_post\" value=\"0\" \/><input type=\"hidden\" name=\"_wpcf7_posted_data_hash\" value=\"\" \/>\n<\/fieldset>\n<div class=\"row\">\n\t<div class=\"col-sm-12 col-md-6 col-lg-6\">\n\t\t<div class=\"input-filled\">\n\t\t\t<p><span class=\"wpcf7-form-control-wrap\" data-name=\"firstname\"><input size=\"40\" maxlength=\"400\" class=\"wpcf7-form-control wpcf7-text wpcf7-validates-as-required\" aria-required=\"true\" aria-invalid=\"false\" placeholder=\"\u0130lk isim*\" value=\"\" type=\"text\" name=\"firstname\" \/><\/span>\n\t\t\t<\/p>\n\t\t<\/div>\n\t<\/div>\n\t<div class=\"col-sm-12 col-md-6 col-lg-6\">\n\t\t<div class=\"input-filled\">\n\t\t\t<p><span class=\"wpcf7-form-control-wrap\" data-name=\"lastname\"><input size=\"40\" maxlength=\"400\" class=\"wpcf7-form-control wpcf7-text wpcf7-validates-as-required\" aria-required=\"true\" aria-invalid=\"false\" placeholder=\"Soyad\u0131*\" value=\"\" type=\"text\" name=\"lastname\" \/><\/span>\n\t\t\t<\/p>\n\t\t<\/div>\n\t<\/div>\n<\/div>\n<div class=\"row\">\n\t<div class=\"col-sm-12 col-md-6 col-lg-6\">\n\t\t<div class=\"input-filled\">\n\t\t\t<p><span class=\"wpcf7-form-control-wrap\" data-name=\"email\"><input size=\"40\" maxlength=\"400\" class=\"wpcf7-form-control wpcf7-email wpcf7-validates-as-required wpcf7-text wpcf7-validates-as-email\" aria-required=\"true\" aria-invalid=\"false\" placeholder=\"E-posta adresi*\" value=\"\" type=\"email\" name=\"email\" \/><\/span>\n\t\t\t<\/p>\n\t\t<\/div>\n\t<\/div>\n\t<div class=\"col-sm-12 col-md-6 col-lg-6\">\n\t\t<div class=\"input-filled\">\n\t\t\t<p><span class=\"wpcf7-form-control-wrap\" data-name=\"phone\"><input size=\"40\" maxlength=\"400\" class=\"wpcf7-form-control wpcf7-tel wpcf7-validates-as-required wpcf7-text wpcf7-validates-as-tel\" aria-required=\"true\" aria-invalid=\"false\" placeholder=\"Telefon numaras\u0131*\" value=\"\" type=\"tel\" name=\"phone\" \/><\/span>\n\t\t\t<\/p>\n\t\t<\/div>\n\t<\/div>\n<\/div>\n<div class=\"row\">\n\t<div class=\"col-12\">\n\t\t<div class=\"input-filled\">\n\t\t\t<p><span class=\"wpcf7-form-control-wrap\" data-name=\"message\"><textarea cols=\"40\" rows=\"10\" maxlength=\"2000\" class=\"wpcf7-form-control wpcf7-textarea wpcf7-validates-as-required\" aria-required=\"true\" aria-invalid=\"false\" placeholder=\"Mesaj*\" name=\"message\"><\/textarea><\/span>\n\t\t\t<\/p>\n\t\t<\/div>\n\t<\/div>\n<\/div>\n<div class=\"row\">\n\t<div class=\"col-12\">\n\t\t<div class=\"\">\n\t\t\t<p><span class=\"wpcf7-form-control-wrap\" data-name=\"call\"><span class=\"wpcf7-form-control wpcf7-checkbox\"><span class=\"wpcf7-list-item first last\"><label><input type=\"checkbox\" name=\"call[]\" value=\"Ich bitte um einen R\u00fcckruf.\" \/><span class=\"wpcf7-list-item-label\">L\u00fctfen beni ara.<\/span><\/label><\/span><\/span><\/span>\n\t\t\t<\/p>\n\t\t<\/div>\n\t<\/div>\n\t<div class=\"col-12\">\n\t\t<div class=\"\">\n\t\t\t<p><span class=\"wpcf7-form-control-wrap\" data-name=\"priacy\"><span class=\"wpcf7-form-control wpcf7-checkbox wpcf7-validates-as-required\"><span class=\"wpcf7-list-item first last\"><label><input type=\"checkbox\" name=\"priacy[]\" value=\"Ich erkl\u00e4re mich mit dem Datenschutz einverstanden*.\" \/><span class=\"wpcf7-list-item-label\">Gizlilik politikas\u0131n\u0131* kabul ediyorum.<\/span><\/label><\/span><\/span><\/span>\n\t\t\t<\/p>\n\t\t<\/div>\n\t<\/div>\n<\/div>\n<div class=\"cf7-cf-turnstile\" style=\"margin-top: 0px; margin-bottom: -15px;\"> <div id=\"cf-turnstile-cf7-3096203006\" class=\"cf-turnstile\" data-sitekey=\"0x4AAAAAAAVmoJqBun6Tj3PG\" data-theme=\"light\" data-language=\"auto\" data-size=\"\" data-retry=\"auto\" data-retry-interval=\"1000\" data-refresh-expired=\"auto\" data-action=\"contact-form-7\" data-appearance=\"interaction-only\"><\/div> <script>document.addEventListener(\"DOMContentLoaded\", function() { setTimeout(function(){ var e=document.getElementById(\"cf-turnstile-cf7-3096203006\"); e&&!e.innerHTML.trim()&&(turnstile.remove(\"#cf-turnstile-cf7-3096203006\"), turnstile.render(\"#cf-turnstile-cf7-3096203006\", {sitekey:\"0x4AAAAAAAVmoJqBun6Tj3PG\"})); }, 100); });<\/script> <style>#cf-turnstile-cf7-3096203006 iframe { margin-bottom: 15px; }<\/style> <style>#cf-turnstile-cf7-3096203006 { margin-left: -15px; }<\/style> <script>document.addEventListener(\"DOMContentLoaded\",function(){document.querySelectorAll('.wpcf7-form').forEach(function(e){e.addEventListener('submit',function(){if(document.getElementById('cf-turnstile-cf7-3096203006')){setTimeout(function(){turnstile.reset('#cf-turnstile-cf7-3096203006');},1000)}})})});<\/script> <\/div>\n<div class=\"row\">\n\t<div class=\"col-12 rm-margin\">\n\t\t<p><input class=\"wpcf7-form-control wpcf7-submit has-spinner btn\" type=\"submit\" value=\"G\u00f6nder\" \/>\n\t\t<\/p>\n\t<\/div>\n<\/div><div class=\"wpcf7-response-output\" aria-hidden=\"true\"><\/div>\n<input type=\"hidden\" name=\"trp-form-language\" value=\"tr\"\/><\/form>\n<\/div>\n        <\/div>\n    <\/div>\n<\/div><\/div><\/div><\/div><div class=\"vc_row-full-width vc_clearfix\"><\/div>\n<\/div>","protected":false},"excerpt":{"rendered":"Ihre Kundenvorteile in der Johann Strauss Apotheke Wien Profitieren Sie von exklusiven Kundenvorteilen bei der Johann Strauss Apotheke Wien \u2013 mehr Service, Sicherheit und attraktive Boni f\u00fcr Ihre Gesundheit. Unsere [...]","protected":false},"author":4,"featured_media":4206,"parent":883,"menu_order":2,"comment_status":"closed","ping_status":"closed","template":"","meta":{"inline_featured_image":false,"_price":"","_stock":"","_tribe_ticket_header":"","_tribe_default_ticket_provider":"","_tribe_ticket_capacity":"0","_ticket_start_date":"","_ticket_end_date":"","_tribe_ticket_show_description":"","_tribe_ticket_show_not_going":false,"_tribe_ticket_use_global_stock":"","_tribe_ticket_global_stock_level":"","_global_stock_mode":"","_global_stock_cap":"","_tribe_rsvp_for_event":"","_tribe_ticket_going_count":"","_tribe_ticket_not_going_count":"","_tribe_tickets_list":"[]","_tribe_ticket_has_attendee_info_fields":false,"footnotes":"","_tec_slr_enabled":"","_tec_slr_layout":""},"class_list":["post-1565","page","type-page","status-publish","has-post-thumbnail","hentry"],"ticketed":false,"_links":{"self":[{"href":"https:\/\/johann-strauss-apotheke.at\/tr\/wp-json\/wp\/v2\/pages\/1565","targetHints":{"allow":["GET"]}}],"collection":[{"href":"https:\/\/johann-strauss-apotheke.at\/tr\/wp-json\/wp\/v2\/pages"}],"about":[{"href":"https:\/\/johann-strauss-apotheke.at\/tr\/wp-json\/wp\/v2\/types\/page"}],"author":[{"embeddable":true,"href":"https:\/\/johann-strauss-apotheke.at\/tr\/wp-json\/wp\/v2\/users\/4"}],"replies":[{"embeddable":true,"href":"https:\/\/johann-strauss-apotheke.at\/tr\/wp-json\/wp\/v2\/comments?post=1565"}],"version-history":[{"count":25,"href":"https:\/\/johann-strauss-apotheke.at\/tr\/wp-json\/wp\/v2\/pages\/1565\/revisions"}],"predecessor-version":[{"id":6766,"href":"https:\/\/johann-strauss-apotheke.at\/tr\/wp-json\/wp\/v2\/pages\/1565\/revisions\/6766"}],"up":[{"embeddable":true,"href":"https:\/\/johann-strauss-apotheke.at\/tr\/wp-json\/wp\/v2\/pages\/883"}],"wp:featuredmedia":[{"embeddable":true,"href":"https:\/\/johann-strauss-apotheke.at\/tr\/wp-json\/wp\/v2\/media\/4206"}],"wp:attachment":[{"href":"https:\/\/johann-strauss-apotheke.at\/tr\/wp-json\/wp\/v2\/media?parent=1565"}],"curies":[{"name":"wp","href":"https:\/\/api.w.org\/{rel}","templated":true}]}}