{"id":1752,"date":"2023-08-08T11:13:54","date_gmt":"2023-08-08T09:13:54","guid":{"rendered":"https:\/\/johann-strauss-apotheke.at\/?page_id=1752"},"modified":"2026-01-15T12:15:29","modified_gmt":"2026-01-15T11:15:29","slug":"kupon","status":"publish","type":"page","link":"https:\/\/johann-strauss-apotheke.at\/tr\/apotheke-wien\/gutschein\/","title":{"rendered":"Kupon"},"content":{"rendered":"<div class=\"wpb-content-wrapper\"><div data-vc-full-width=\"true\" data-vc-full-width-temp=\"true\" data-vc-full-width-init=\"false\" class=\"vc_row wpb_row vc_row-fluid box-center vc_custom_1713274488565 bg-image-ps-inherit\"><div class=\"wpb_column vc_column_container vc_col-sm-12 vc_col-lg-8 vc_col-md-8\"><div class=\"vc_column-inner\"><div class=\"wpb_wrapper\">\n\t<div class=\"wpb_text_column wpb_content_element text-center\" >\n\t\t<div class=\"wpb_wrapper\">\n\t\t\t<h1 style=\"text-align: center;\">Eczanenizden kuponlar<\/h1>\n<p style=\"text-align: center;\">Viyana Johann Strauss Eczanesi'nden bir kuponla sa\u011fl\u0131k ve esenlik hediye edin. \u0130ster ila\u00e7, ister y\u00fcksek kaliteli bak\u0131m \u00fcr\u00fcnleri veya sa\u011fl\u0131k hizmetleri i\u00e7in olsun: Kuponumuz her durum i\u00e7in ideal bir hediyedir.<\/p>\n\n\t\t<\/div>\n\t<\/div>\n\n\t<div  class=\"wpb_single_image wpb_content_element vc_align_center wpb_content_element  svg-blatt inherit inherit\">\n\t\t\n\t\t<figure class=\"wpb_wrapper vc_figure\">\n\t\t\t<div class=\"vc_single_image-wrapper default  vc_box_border_grey\"><img decoding=\"async\" width=\"1\" height=\"1\" src=\"https:\/\/johann-strauss-apotheke.at\/wp-content\/uploads\/2023\/06\/blatt.svg\" class=\"vc_single_image-img attachment-full\" alt=\"\" title=\"sayfa svg\" \/><\/div>\n\t\t<\/figure>\n\t<\/div>\n<\/div><\/div><\/div><\/div><div class=\"vc_row-full-width vc_clearfix\"><\/div><div data-vc-full-width=\"true\" data-vc-full-width-temp=\"true\" data-vc-full-width-init=\"false\" class=\"vc_row wpb_row vc_row-fluid vc_custom_1689743043816 vc_row-has-fill bg-image-ps-inherit\"><div class=\"wpb_column vc_column_container vc_col-sm-12 vc_col-lg-8 vc_col-md-8\"><div class=\"vc_column-inner vc_custom_1689743047440\"><div class=\"wpb_wrapper\">\n\t<div class=\"wpb_text_column wpb_content_element\" >\n\t\t<div class=\"wpb_wrapper\">\n\t\t\t<h2 data-start=\"368\" data-end=\"438\">Viyana Johann Strauss Eczanesi'nden kupon - Sa\u011fl\u0131k hediye edin<\/h2>\n<p data-start=\"440\" data-end=\"817\">Bazen do\u011fru hediyeyi bulmak o kadar da kolay de\u011fildir. Bir <strong data-start=\"523\" data-end=\"569\">Kuponu <a href=\"https:\/\/share.google\/IfJMmep9lVA8JTEYo\" target=\"_blank\" rel=\"noopener nofollow\">Johann Strauss Eczanesi Viyana<\/a><\/strong> Sadece bir \u00fcr\u00fcn de\u011fil, bir par\u00e7a sa\u011fl\u0131k ve esenlik hediye edin. \u0130ster ila\u00e7, ister y\u00fcksek kaliteli kozmetik, bak\u0131m \u00fcr\u00fcnleri veya pratik sa\u011fl\u0131k hizmetleri olsun - kupon bir\u00e7ok \u015fekilde kullan\u0131labilir ve ne\u015fe getirece\u011fi garantidir. Kuponlar\u0131m\u0131z hakk\u0131nda daha fazla bilgi <a class=\"\" href=\"https:\/\/johann-strauss-apotheke.at\/tr\/urunler-hi%cc%87zmetler\/\" target=\"_new\" rel=\"noopener\" data-start=\"1229\" data-end=\"1308\">\u00dcr\u00fcnler ve hizmetler<\/a> burada bulabilirsiniz.<\/p>\n<h2>Eczane kuponumuz ile avantajlar\u0131n\u0131z<\/h2>\n<p data-start=\"862\" data-end=\"931\">Eczane kuponumuz <strong data-start=\"891\" data-end=\"928\">Esnek, de\u011ferli ve ki\u015fisel<\/strong>:<\/p>\n<ul>\n<li data-start=\"934\" data-end=\"966\">\u015eimdiden <strong data-start=\"945\" data-end=\"953\">10 \u20ac<\/strong> mevcut<\/li>\n<li data-start=\"969\" data-end=\"1026\"><strong data-start=\"969\" data-end=\"988\">30 y\u0131l boyunca ge\u00e7erlidir<\/strong> - Kurtarmak i\u00e7in uzun bir zaman\u0131n var.<\/li>\n<li data-start=\"1029\" data-end=\"1066\">T\u00fcm \u00fcr\u00fcn yelpazesi i\u00e7in kullan\u0131labilir<\/li>\n<li data-start=\"1069\" data-end=\"1119\">Viyana'daki eczanemizden hemen teslim alabilirsiniz<\/li>\n<li data-start=\"1122\" data-end=\"1164\">\u0130stek \u00fczerine sevgiyle hediye paketi yap\u0131l\u0131r<\/li>\n<\/ul>\n\n\t\t<\/div>\n\t<\/div>\n<\/div><\/div><\/div><div class=\"wpb_column vc_column_container vc_col-sm-12 vc_col-lg-4 vc_col-md-4 vc_col-has-fill\"><div class=\"vc_column-inner vc_custom_1718184140508\"><div class=\"wpb_wrapper\">\n\t<div  class=\"wpb_single_image wpb_content_element vc_align_left wpb_content_element vc_custom_1749482973455 image_align_xs_center inherit\">\n\t\t\n\t\t<figure class=\"wpb_wrapper vc_figure\">\n\t\t\t<div class=\"vc_single_image-wrapper default  vc_box_border_grey\"><img decoding=\"async\" class=\"vc_single_image-img\" src=\"https:\/\/johann-strauss-apotheke.at\/wp-content\/uploads\/2025\/06\/Gutschein-1.jpg\" width=\"600\" height=\"706\" alt=\"Resimde elinde kupon kart\u0131 tutan bir ki\u015fi g\u00f6r\u00fclmektedir.\" title=\"\u00a9 Canva\" \/><\/div>\n\t\t<\/figure>\n\t<\/div>\n<\/div><\/div><\/div><\/div><div class=\"vc_row-full-width vc_clearfix\"><\/div><div data-vc-full-width=\"true\" data-vc-full-width-temp=\"true\" data-vc-full-width-init=\"false\" class=\"vc_row wpb_row vc_row-fluid vc_custom_1754758930824 bg-image-ps-inherit\"><div class=\"wpb_column vc_column_container vc_col-sm-12 vc_col-lg-4 vc_col-md-4 vc_col-has-fill\"><div class=\"vc_column-inner vc_custom_1718184140508\"><div class=\"wpb_wrapper\">\n\t<div  class=\"wpb_single_image wpb_content_element vc_align_left wpb_content_element vc_custom_1749483019145 image_align_xs_center inherit\">\n\t\t\n\t\t<figure class=\"wpb_wrapper vc_figure\">\n\t\t\t<div class=\"vc_single_image-wrapper default  vc_box_border_grey\"><img decoding=\"async\" class=\"vc_single_image-img\" src=\"https:\/\/johann-strauss-apotheke.at\/wp-content\/uploads\/2025\/06\/Gutschein-2.jpg\" width=\"600\" height=\"706\" alt=\"Resimde k\u0131rm\u0131z\u0131 kurdeleli ve \u00fczerinde &quot;Gutschein&quot; yazan bir kupon g\u00f6r\u00fclmektedir.\" title=\"\u00a9 Canva\" \/><\/div>\n\t\t<\/figure>\n\t<\/div>\n<\/div><\/div><\/div><div class=\"wpb_column vc_column_container vc_col-sm-12 vc_col-lg-8 vc_col-md-8\"><div class=\"vc_column-inner vc_custom_1689743047440\"><div class=\"wpb_wrapper\">\n\t<div class=\"wpb_text_column wpb_content_element\" >\n\t\t<div class=\"wpb_wrapper\">\n\t\t\t<h2 data-start=\"1171\" data-end=\"1204\">Bu kadar basit.<\/h2>\n<p data-start=\"1206\" data-end=\"1451\">\u00c7al\u0131\u015fma saatlerimiz i\u00e7inde Johann Strauss Eczanesi Viyana'ya gelin, 10 \u20ac'dan istedi\u011finiz miktar\u0131 se\u00e7in - ve kuponunuzu yan\u0131n\u0131za al\u0131n. \u0130ster sade ister \u015fenlikli bir \u015fekilde paketlenmi\u015f olsun: Bu duruma uygun olarak tasarlamaktan mutluluk duyaca\u011f\u0131z.<\/p>\n<h2 data-start=\"1458\" data-end=\"1489\">Her durum i\u00e7in m\u00fckemmel<\/h2>\n<p data-start=\"1491\" data-end=\"1556\">Eczanemizden bir kupon, a\u015fa\u011f\u0131dakiler i\u00e7in ideal bir hediyedir:<\/p>\n<ul>\n<li data-start=\"1559\" data-end=\"1585\">Do\u011fum g\u00fcnleri ve y\u0131ld\u00f6n\u00fcmleri<\/li>\n<li data-start=\"1588\" data-end=\"1624\">Noel, Paskalya veya Anneler G\u00fcn\u00fc<\/li>\n<li data-start=\"1627\" data-end=\"1645\">Ge\u00e7mi\u015f olsun dileklerimle<\/li>\n<li data-start=\"1648\" data-end=\"1685\">Arada k\u00fc\u00e7\u00fck ikramlar<\/li>\n<\/ul>\n<h2 data-start=\"1692\" data-end=\"1720\">Geri \u00f6deme hakk\u0131nda not<\/h2>\n<p data-start=\"1722\" data-end=\"1837\">Kupon, \u00e7al\u0131\u015fma saatlerimiz i\u00e7inde herhangi bir zamanda kullan\u0131labilir. Nakit \u00f6deme m\u00fcmk\u00fcn de\u011fildir.<\/p>\n<p data-start=\"1844\" data-end=\"1957\"><strong data-start=\"1844\" data-end=\"1955\">Sa\u011fl\u0131k hediye edin - Viyana Johann Strauss Eczanesi'nden bug\u00fcn kuponunuzu al\u0131n!<\/strong><\/p>\n\n\t\t<\/div>\n\t<\/div>\n<\/div><\/div><\/div><\/div><div class=\"vc_row-full-width vc_clearfix\"><\/div><div id=\"contact\" data-vc-full-width=\"true\" data-vc-full-width-temp=\"true\" data-vc-full-width-init=\"false\" data-vc-parallax=\"1.8\" class=\"vc_row wpb_row vc_row-fluid vc_custom_1687439461465 vc_row-has-fill vc_general vc_parallax vc_parallax-content-moving row-overlay bg-image-ps-inherit\"><div class=\"wpb_column vc_column_container vc_col-sm-6\"><div class=\"vc_column-inner vc_custom_1533033549183\"><div class=\"wpb_wrapper\"><div class=\"wpb_gmaps_widget wpb_content_element\"><div class=\"wpb_wrapper\"><div class=\"wpb_map_wraper\"> <div class=\"brlbs-cmpnt-container brlbs-cmpnt-content-blocker brlbs-cmpnt-with-individual-styles\" data-borlabs-cookie-content-blocker-id=\"google-maps\" data-borlabs-cookie-content=\"PGlmcmFtZSBzcmM9Imh0dHBzOi8vd3d3Lmdvb2dsZS5jb20vbWFwcy9lbWJlZD9wYj0hMW0xOCExbTEyITFtMyExZDI2NjAuMDI5ODgxNzQ2MzAzNSEyZDE2LjM2NjE4MzY3Njc5NjQwMyEzZDQ4LjE4Njc3NTc0NzczNDIhMm0zITFmMCEyZjAhM2YwITNtMiExaTEwMjQhMmk3NjghNGYxMy4xITNtMyExbTIhMXMweDQ3NmRhOWQ0ZjNjYmVjMTclM0EweDkyYTQ2ZjQ1ZmRmYTlhM2IhMnNKb2hhbm4tU3RyYXUlQzMlOUYtR2Fzc2UlMjAzMiUyQyUyMDEwNDAlMjBXaWVuITVlMCEzbTIhMXNkZSEyc2F0ITR2MTY4NjEzODA4OTExNyE1bTIhMXNkZSEyc2F0IiB3aWR0aD0iNjAwIiBoZWlnaHQ9IjU1MCIgc3R5bGU9ImJvcmRlcjowOyIgYWxsb3dmdWxsc2NyZWVuPSIiIGxvYWRpbmc9ImxhenkiIHJlZmVycmVycG9saWN5PSJuby1yZWZlcnJlci13aGVuLWRvd25ncmFkZSI+PC9pZnJhbWU+\"><div class=\"brlbs-cmpnt-cb-preset-b brlbs-cmpnt-cb-google-maps\"> <div class=\"brlbs-cmpnt-cb-thumbnail\" style=\"background-image: url('https:\/\/johann-strauss-apotheke.at\/wp-content\/uploads\/borlabs-cookie\/1\/brlbs-cb-google-maps-main.png')\"><\/div> <div class=\"brlbs-cmpnt-cb-main\"> <div class=\"brlbs-cmpnt-cb-content\"> <p class=\"brlbs-cmpnt-cb-description\">\u015eu anda bir yer tutucu i\u00e7eri\u011fi g\u00f6r\u00fcnt\u00fcl\u00fcyorsunuz <strong>Google Haritalar<\/strong>. As\u0131l i\u00e7eri\u011fe eri\u015fmek i\u00e7in a\u015fa\u011f\u0131daki d\u00fc\u011fmeyi t\u0131klay\u0131n. L\u00fctfen bunu yapt\u0131\u011f\u0131n\u0131zda \u00fc\u00e7\u00fcnc\u00fc taraf sa\u011flay\u0131c\u0131larla veri payla\u015faca\u011f\u0131n\u0131z\u0131 unutmay\u0131n.<\/p> <a class=\"brlbs-cmpnt-cb-provider-toggle\" href=\"#\" data-borlabs-cookie-show-provider-information role=\"button\">Daha Fazla Bilgi<\/a> <\/div> <div class=\"brlbs-cmpnt-cb-buttons\"> <a class=\"brlbs-cmpnt-cb-btn\" href=\"#\" data-borlabs-cookie-unblock role=\"button\">\u0130\u00e7erik engelini kald\u0131r\u0131n<\/a> <a class=\"brlbs-cmpnt-cb-btn\" href=\"#\" data-borlabs-cookie-accept-service role=\"button\" style=\"display: inherit\">Gerekli hizmeti kabul edin ve i\u00e7erik engelini kald\u0131r\u0131n<\/a> <\/div> <\/div> <\/div><\/div><\/div><\/div><\/div><\/div><\/div><\/div><div class=\"wpb_column vc_column_container vc_col-sm-6\"><div class=\"vc_column-inner vc_custom_1533033599033\"><div class=\"wpb_wrapper\"><div class=\"vc_empty_space\"   style=\"height: 10px\"><span class=\"vc_empty_space_inner\"><\/span><\/div><div id=\"ct-heading\" class=\"ct-heading align-left align-left-md align-left-sm align-left-xs\">\n            <style type=\"text\/css\">\n            @media (min-width: 991px) and (max-width: 1200px) {\n                #ct-heading .ct-heading-tag {\n                                            font-size: 30px !important;\n                                                        }\n            }\n        <\/style>\n    \n            <style type=\"text\/css\">\n            @media (min-width: 768px) and (max-width: 991px) {\n                #ct-heading .ct-heading-tag {\n                                            font-size: 30px !important;\n                                                        }\n            }\n        <\/style>\n    \n            <style type=\"text\/css\">\n            @media screen and (max-width: 767px) {\n                #ct-heading .ct-heading-tag {\n                                            font-size: 30px !important;\n                                                        }\n            }\n        <\/style>\n        \n        \n    <h3 class=\"ct-heading-tag\" style=\"margin-bottom:12px;font-size:30px;font-weight:600; \">\n                                    Bize ula\u015f\u0131n                                    <\/h3>\n\n    \n    <\/div><div class=\"vc_empty_space\"   style=\"height: 26px\"><span class=\"vc_empty_space_inner\"><\/span><\/div>    <div class=\"ct-contact-form-default   form-style1\">\n        <div class=\"ct-contact-form-inner\">\n            \n<div class=\"wpcf7 no-js\" id=\"wpcf7-f819-o1\" lang=\"en-US\" dir=\"ltr\" data-wpcf7-id=\"819\">\n<div class=\"screen-reader-response\"><p role=\"status\" aria-live=\"polite\" aria-atomic=\"true\"><\/p> <ul><\/ul><\/div>\n<form action=\"\/tr\/wp-json\/wp\/v2\/pages\/1752#wpcf7-f819-o1\" method=\"post\" class=\"wpcf7-form init\" aria-label=\"\u0130leti\u015fim formu\" novalidate=\"novalidate\" data-status=\"init\" data-trp-original-action=\"\/tr\/wp-json\/wp\/v2\/pages\/1752#wpcf7-f819-o1\">\n<fieldset class=\"hidden-fields-container\"><input type=\"hidden\" name=\"_wpcf7\" value=\"819\" \/><input type=\"hidden\" name=\"_wpcf7_version\" value=\"6.1.5\" \/><input type=\"hidden\" name=\"_wpcf7_locale\" value=\"en_US\" \/><input type=\"hidden\" name=\"_wpcf7_unit_tag\" value=\"wpcf7-f819-o1\" \/><input type=\"hidden\" name=\"_wpcf7_container_post\" value=\"0\" \/><input type=\"hidden\" name=\"_wpcf7_posted_data_hash\" value=\"\" \/>\n<\/fieldset>\n<div class=\"row\">\n\t<div class=\"col-sm-12 col-md-6 col-lg-6\">\n\t\t<div class=\"input-filled\">\n\t\t\t<p><span class=\"wpcf7-form-control-wrap\" data-name=\"firstname\"><input size=\"40\" maxlength=\"400\" class=\"wpcf7-form-control wpcf7-text wpcf7-validates-as-required\" aria-required=\"true\" aria-invalid=\"false\" placeholder=\"\u0130lk isim*\" value=\"\" type=\"text\" name=\"firstname\" \/><\/span>\n\t\t\t<\/p>\n\t\t<\/div>\n\t<\/div>\n\t<div class=\"col-sm-12 col-md-6 col-lg-6\">\n\t\t<div class=\"input-filled\">\n\t\t\t<p><span class=\"wpcf7-form-control-wrap\" data-name=\"lastname\"><input size=\"40\" maxlength=\"400\" class=\"wpcf7-form-control wpcf7-text wpcf7-validates-as-required\" aria-required=\"true\" aria-invalid=\"false\" placeholder=\"Soyad\u0131*\" value=\"\" type=\"text\" name=\"lastname\" \/><\/span>\n\t\t\t<\/p>\n\t\t<\/div>\n\t<\/div>\n<\/div>\n<div class=\"row\">\n\t<div class=\"col-sm-12 col-md-6 col-lg-6\">\n\t\t<div class=\"input-filled\">\n\t\t\t<p><span class=\"wpcf7-form-control-wrap\" data-name=\"email\"><input size=\"40\" maxlength=\"400\" class=\"wpcf7-form-control wpcf7-email wpcf7-validates-as-required wpcf7-text wpcf7-validates-as-email\" aria-required=\"true\" aria-invalid=\"false\" placeholder=\"E-posta adresi*\" value=\"\" type=\"email\" name=\"email\" \/><\/span>\n\t\t\t<\/p>\n\t\t<\/div>\n\t<\/div>\n\t<div class=\"col-sm-12 col-md-6 col-lg-6\">\n\t\t<div class=\"input-filled\">\n\t\t\t<p><span class=\"wpcf7-form-control-wrap\" data-name=\"phone\"><input size=\"40\" maxlength=\"400\" class=\"wpcf7-form-control wpcf7-tel wpcf7-validates-as-required wpcf7-text wpcf7-validates-as-tel\" aria-required=\"true\" aria-invalid=\"false\" placeholder=\"Telefon numaras\u0131*\" value=\"\" type=\"tel\" name=\"phone\" \/><\/span>\n\t\t\t<\/p>\n\t\t<\/div>\n\t<\/div>\n<\/div>\n<div class=\"row\">\n\t<div class=\"col-12\">\n\t\t<div class=\"input-filled\">\n\t\t\t<p><span class=\"wpcf7-form-control-wrap\" data-name=\"message\"><textarea cols=\"40\" rows=\"10\" maxlength=\"2000\" class=\"wpcf7-form-control wpcf7-textarea wpcf7-validates-as-required\" aria-required=\"true\" aria-invalid=\"false\" placeholder=\"Mesaj*\" name=\"message\"><\/textarea><\/span>\n\t\t\t<\/p>\n\t\t<\/div>\n\t<\/div>\n<\/div>\n<div class=\"row\">\n\t<div class=\"col-12\">\n\t\t<div class=\"\">\n\t\t\t<p><span class=\"wpcf7-form-control-wrap\" data-name=\"call\"><span class=\"wpcf7-form-control wpcf7-checkbox\"><span class=\"wpcf7-list-item first last\"><label><input type=\"checkbox\" name=\"call[]\" value=\"Ich bitte um einen R\u00fcckruf.\" \/><span class=\"wpcf7-list-item-label\">L\u00fctfen beni ara.<\/span><\/label><\/span><\/span><\/span>\n\t\t\t<\/p>\n\t\t<\/div>\n\t<\/div>\n\t<div class=\"col-12\">\n\t\t<div class=\"\">\n\t\t\t<p><span class=\"wpcf7-form-control-wrap\" data-name=\"priacy\"><span class=\"wpcf7-form-control wpcf7-checkbox wpcf7-validates-as-required\"><span class=\"wpcf7-list-item first last\"><label><input type=\"checkbox\" name=\"priacy[]\" value=\"Ich erkl\u00e4re mich mit dem Datenschutz einverstanden*.\" \/><span class=\"wpcf7-list-item-label\">Gizlilik politikas\u0131n\u0131* kabul ediyorum.<\/span><\/label><\/span><\/span><\/span>\n\t\t\t<\/p>\n\t\t<\/div>\n\t<\/div>\n<\/div>\n<div class=\"cf7-cf-turnstile\" style=\"margin-top: 0px; margin-bottom: -15px;\"> <div id=\"cf-turnstile-cf7-329227777\" class=\"cf-turnstile\" data-sitekey=\"0x4AAAAAAAVmoJqBun6Tj3PG\" data-theme=\"light\" data-language=\"auto\" data-size=\"\" data-retry=\"auto\" data-retry-interval=\"1000\" data-refresh-expired=\"auto\" data-refresh-timeout=\"auto\" data-action=\"contact-form-7\" data-callback=\"turnstileCF7Callback\" data-appearance=\"interaction-only\"><\/div> <script>document.addEventListener(\"DOMContentLoaded\", function() { setTimeout(function(){ var e=document.getElementById(\"cf-turnstile-cf7-329227777\"); if(e&&!e.innerHTML.trim()){turnstile.render(e, {sitekey:\"0x4AAAAAAAVmoJqBun6Tj3PG\"});} }, 200); });<\/script> <style>#cf-turnstile-cf7-329227777 iframe { margin-bottom: 15px; }<\/style> <style>#cf-turnstile-cf7-329227777 { margin-left: -15px; }<\/style> <script>document.addEventListener(\"DOMContentLoaded\",function(){document.querySelectorAll('.wpcf7-form').forEach(function(e){e.addEventListener('submit',function(){if(document.getElementById('cf-turnstile-cf7-329227777')){setTimeout(function(){turnstile.reset('#cf-turnstile-cf7-329227777');},1000)}})})});<\/script> <\/div>\n<div class=\"row\">\n\t<div class=\"col-12 rm-margin\">\n\t\t<p><input class=\"wpcf7-form-control wpcf7-submit has-spinner btn\" type=\"submit\" value=\"G\u00f6nder\" \/>\n\t\t<\/p>\n\t<\/div>\n<\/div><div class=\"wpcf7-response-output\" aria-hidden=\"true\"><\/div>\n<input type=\"hidden\" name=\"trp-form-language\" value=\"tr\"\/><\/form>\n<\/div>\n        <\/div>\n    <\/div>\n<\/div><\/div><\/div><\/div><div class=\"vc_row-full-width vc_clearfix\"><\/div>\n<\/div>","protected":false},"excerpt":{"rendered":"Gutscheine aus Ihrer Apotheke Verschenken Sie Gesundheit und Wohlbefinden \u2013 mit einem Gutschein der Johann-Strauss-Apotheke Wien. Ob f\u00fcr Medikamente, hochwertige Pflegeprodukte oder Gesundheitsservices: Unser Gutschein ist das ideale Geschenk f\u00fcr [...]","protected":false},"author":4,"featured_media":5869,"parent":883,"menu_order":3,"comment_status":"closed","ping_status":"closed","template":"","meta":{"inline_featured_image":false,"_price":"","_stock":"","_tribe_ticket_header":"","_tribe_default_ticket_provider":"","_tribe_ticket_capacity":"0","_ticket_start_date":"","_ticket_end_date":"","_tribe_ticket_show_description":"","_tribe_ticket_show_not_going":false,"_tribe_ticket_use_global_stock":"","_tribe_ticket_global_stock_level":"","_global_stock_mode":"","_global_stock_cap":"","_tribe_rsvp_for_event":"","_tribe_ticket_going_count":"","_tribe_ticket_not_going_count":"","_tribe_tickets_list":"[]","_tribe_ticket_has_attendee_info_fields":false,"footnotes":"","_tec_slr_enabled":"","_tec_slr_layout":""},"class_list":["post-1752","page","type-page","status-publish","has-post-thumbnail","hentry"],"ticketed":false,"_links":{"self":[{"href":"https:\/\/johann-strauss-apotheke.at\/tr\/wp-json\/wp\/v2\/pages\/1752","targetHints":{"allow":["GET"]}}],"collection":[{"href":"https:\/\/johann-strauss-apotheke.at\/tr\/wp-json\/wp\/v2\/pages"}],"about":[{"href":"https:\/\/johann-strauss-apotheke.at\/tr\/wp-json\/wp\/v2\/types\/page"}],"author":[{"embeddable":true,"href":"https:\/\/johann-strauss-apotheke.at\/tr\/wp-json\/wp\/v2\/users\/4"}],"replies":[{"embeddable":true,"href":"https:\/\/johann-strauss-apotheke.at\/tr\/wp-json\/wp\/v2\/comments?post=1752"}],"version-history":[{"count":23,"href":"https:\/\/johann-strauss-apotheke.at\/tr\/wp-json\/wp\/v2\/pages\/1752\/revisions"}],"predecessor-version":[{"id":6769,"href":"https:\/\/johann-strauss-apotheke.at\/tr\/wp-json\/wp\/v2\/pages\/1752\/revisions\/6769"}],"up":[{"embeddable":true,"href":"https:\/\/johann-strauss-apotheke.at\/tr\/wp-json\/wp\/v2\/pages\/883"}],"wp:featuredmedia":[{"embeddable":true,"href":"https:\/\/johann-strauss-apotheke.at\/tr\/wp-json\/wp\/v2\/media\/5869"}],"wp:attachment":[{"href":"https:\/\/johann-strauss-apotheke.at\/tr\/wp-json\/wp\/v2\/media?parent=1752"}],"curies":[{"name":"wp","href":"https:\/\/api.w.org\/{rel}","templated":true}]}}