{"id":1774,"date":"2023-08-15T08:39:32","date_gmt":"2023-08-15T06:39:32","guid":{"rendered":"https:\/\/johann-strauss-apotheke.at\/?page_id=1774"},"modified":"2026-01-15T12:27:37","modified_gmt":"2026-01-15T11:27:37","slug":"covid-19","status":"publish","type":"page","link":"https:\/\/johann-strauss-apotheke.at\/tr\/covid-19\/","title":{"rendered":"Covid-19"},"content":{"rendered":"<div class=\"wpb-content-wrapper\"><div data-vc-full-width=\"true\" data-vc-full-width-temp=\"true\" data-vc-full-width-init=\"false\" class=\"vc_row wpb_row vc_row-fluid box-center vc_custom_1713276919001 bg-image-ps-inherit\"><div class=\"wpb_column vc_column_container vc_col-sm-12 vc_col-lg-8 vc_col-md-8\"><div class=\"vc_column-inner\"><div class=\"wpb_wrapper\">\n\t<div class=\"wpb_text_column wpb_content_element text-center\" >\n\t\t<div class=\"wpb_wrapper\">\n\t\t\t<h1 style=\"text-align: center;\">Covid-19<\/h1>\n<p style=\"text-align: center;\">Covid-19 (koronavir\u00fcs) k\u00fcresel bir etkiye sahiptir. \u00d6nleme, semptomlar ve geli\u015fmeler hakk\u0131nda bilgi sahibi olmak, sa\u011fl\u0131\u011f\u0131 korumak ve pandemiyi kontrol alt\u0131na almak i\u00e7in \u00e7ok \u00f6nemlidir.<\/p>\n\n\t\t<\/div>\n\t<\/div>\n\n\t<div  class=\"wpb_single_image wpb_content_element vc_align_center wpb_content_element  svg-blatt inherit inherit\">\n\t\t\n\t\t<figure class=\"wpb_wrapper vc_figure\">\n\t\t\t<div class=\"vc_single_image-wrapper default  vc_box_border_grey\"><img decoding=\"async\" width=\"1\" height=\"1\" src=\"https:\/\/johann-strauss-apotheke.at\/wp-content\/uploads\/2023\/06\/kreuz.svg\" class=\"vc_single_image-img attachment-full\" alt=\"\" title=\"\u00e7apraz svg\" \/><\/div>\n\t\t<\/figure>\n\t<\/div>\n<\/div><\/div><\/div><\/div><div class=\"vc_row-full-width vc_clearfix\"><\/div><div data-vc-full-width=\"true\" data-vc-full-width-temp=\"true\" data-vc-full-width-init=\"false\" class=\"vc_row wpb_row vc_row-fluid vc_custom_1692088095718 vc_row-has-fill bg-image-ps-inherit\"><div class=\"wpb_column vc_column_container vc_col-sm-12 vc_col-lg-8 vc_col-md-8\"><div class=\"vc_column-inner vc_custom_1689742555186\"><div class=\"wpb_wrapper\">\n\t<div class=\"wpb_text_column wpb_content_element\" >\n\t\t<div class=\"wpb_wrapper\">\n\t\t\t<h2>Koronavir\u00fcs (Covid-19)<\/h2>\n<p>Covid-19, SARS-CoV-2 koronavir\u00fcs\u00fcn\u00fcn neden oldu\u011fu bula\u015f\u0131c\u0131 bir hastal\u0131kt\u0131r. \u00c7o\u011fu durumda SARS-CoV-2, \u00f6ks\u00fcren, konu\u015fan, \u015fark\u0131 s\u00f6yleyen, hap\u015f\u0131ran veya yak\u0131n mesafede nefes alan enfekte bir ki\u015fi taraf\u0131ndan havadaki damlac\u0131klar (aerosoller) yoluyla ba\u015fka bir ki\u015fiye bula\u015f\u0131r. Damlac\u0131klar a\u011f\u0131z, g\u00f6z veya buruna yerle\u015febilir.<\/p>\n<p>\u015eiddeti de\u011fi\u015febilen tipik semptomlar aras\u0131nda ate\u015f, \u00f6ks\u00fcr\u00fck, genel halsizlik, yorgunluk, kas a\u011fr\u0131s\u0131, bo\u011faz a\u011fr\u0131s\u0131 ve tat ve koku alma duyular\u0131n\u0131n kayb\u0131 yer al\u0131r.<\/p>\n<p>Kendinizi korumak i\u00e7in ellerinizi d\u00fczenli olarak y\u0131kaman\u0131z ve dezenfekte etmeniz, odalar\u0131 d\u00fczenli olarak havaland\u0131rman\u0131z ve semptomlar\u0131n\u0131z varsa evde kal\u0131p temastan ka\u00e7\u0131nman\u0131z \u00f6nerilir.<\/p>\n<p>Pandemi \u00e7oktan sona ermi\u015f ve 1 Temmuz 2023'ten itibaren Covid-19 (SARS-CoV-2) vakas\u0131 art\u0131k bildirilemeyecek olsa da, vir\u00fcs\u00fcn bula\u015fmas\u0131 hala m\u00fcmk\u00fcnd\u00fcr. Bu nedenle, koronavir\u00fcs ile u\u011fra\u015f\u0131rken dikkatli olmaya devam etmenizi ve a\u015fa\u011f\u0131daki ipu\u00e7lar\u0131n\u0131 ve \u00f6nerileri takip etmenizi \u00f6neririz.<\/p>\n<p>Koronavir\u00fcs \u00e7ocuklara basit\u00e7e a\u00e7\u0131kland\u0131. <a href=\"https:\/\/www.wien.gv.at\/video\/2706\/Das-Coronavirus-Kindern-einfach-erklaert\" target=\"_blank\" rel=\"noopener nofollow\">Videoyu izleyin<\/a>.<\/p>\n\n\t\t<\/div>\n\t<\/div>\n<\/div><\/div><\/div><div class=\"wpb_column vc_column_container vc_col-sm-12 vc_col-lg-4 vc_col-md-4 vc_col-has-fill\"><div class=\"vc_column-inner vc_custom_1718188930869\"><div class=\"wpb_wrapper\">\n\t<div  class=\"wpb_single_image wpb_content_element vc_align_right wpb_content_element vc_custom_1729161516949 image_align_xs_center inherit\">\n\t\t\n\t\t<figure class=\"wpb_wrapper vc_figure\">\n\t\t\t<div class=\"vc_single_image-wrapper default  vc_box_border_grey\"><img decoding=\"async\" class=\"vc_single_image-img\" src=\"https:\/\/johann-strauss-apotheke.at\/wp-content\/uploads\/2024\/06\/Design-ohne-fsdTitel.jpg\" width=\"600\" height=\"706\" alt=\"Covid-19\" title=\"\u00a9 Canva\" \/><\/div>\n\t\t<\/figure>\n\t<\/div>\n<\/div><\/div><\/div><\/div><div class=\"vc_row-full-width vc_clearfix\"><\/div><div data-vc-full-width=\"true\" data-vc-full-width-temp=\"true\" data-vc-full-width-init=\"false\" class=\"vc_row wpb_row vc_row-fluid vc_custom_1692087847793 bg-image-ps-inherit\"><div class=\"wpb_column vc_column_container vc_col-sm-12 vc_col-lg-4 vc_col-md-4 vc_col-has-fill\"><div class=\"vc_column-inner vc_custom_1718188951008\"><div class=\"wpb_wrapper\">\n\t<div  class=\"wpb_single_image wpb_content_element vc_align_left wpb_content_element vc_custom_1729161541689 image_align_xs_center inherit\">\n\t\t\n\t\t<figure class=\"wpb_wrapper vc_figure\">\n\t\t\t<div class=\"vc_single_image-wrapper default  vc_box_border_grey\"><img decoding=\"async\" class=\"vc_single_image-img\" src=\"https:\/\/johann-strauss-apotheke.at\/wp-content\/uploads\/2024\/06\/Design-ohne-Tifsdftel.jpg\" width=\"600\" height=\"706\" alt=\"Covid-19\" title=\"\u00a9 Canva\" \/><\/div>\n\t\t<\/figure>\n\t<\/div>\n<\/div><\/div><\/div><div class=\"wpb_column vc_column_container vc_col-sm-12 vc_col-lg-8 vc_col-md-8\"><div class=\"vc_column-inner vc_custom_1689742555186\"><div class=\"wpb_wrapper\">\n\t<div class=\"wpb_text_column wpb_content_element\" >\n\t\t<div class=\"wpb_wrapper\">\n\t\t\t<h2>SARS-CoV-2 i\u00e7in testler (korona testi)<\/h2>\n<p>Covid-19 tan\u0131s\u0131 i\u00e7in PCR testleri ve antijen testleri mevcuttur. \u0130ki test y\u00f6ntemi farkl\u0131l\u0131k g\u00f6stermektedir.<\/p>\n<h3>Antijen testi<\/h3>\n<p>Test do\u011fru \u015fekilde yap\u0131l\u0131rsa, viral antijenler k\u0131sa bir s\u00fcre i\u00e7inde (yakla\u015f\u0131k 15-30 dakika) tespit edilebilir. PCR testlerinde oldu\u011fu gibi tespit edilen vir\u00fcs\u00fcn genetik materyali de\u011fil, protein veya protein zarf\u0131d\u0131r. Sonu\u00e7lar\u0131 analiz etmek ve yorumlamak i\u00e7in ne bir laboratuvara ne de bir laboratuvar doktoruna ihtiya\u00e7 vard\u0131r.<\/p>\n<p><em><strong>Korona antijen testleri<\/strong> Johann Strauss Eczanesi'nden temin edebilirsiniz.<\/em><\/p>\n<h3>PCR testleri<\/h3>\n<p>Bilimsel kan\u0131tlara ve uluslararas\u0131 tavsiyelere g\u00f6re, kalite g\u00fcvenceli bir PCR y\u00f6ntemi veya di\u011fer molek\u00fcler biyolojik y\u00f6ntemler kullan\u0131larak do\u011frudan patojen tespiti, bir korona enfeksiyonunun erken te\u015fhisi i\u00e7in en uygun y\u00f6ntemdir. SARS-CoV-2'nin bu do\u011frudan tespiti, genetik materyal (vir\u00fcs genomu) arac\u0131l\u0131\u011f\u0131yla ger\u00e7ekle\u015ftirilir.<\/p>\n\n\t\t<\/div>\n\t<\/div>\n<\/div><\/div><\/div><\/div><div class=\"vc_row-full-width vc_clearfix\"><\/div><div data-vc-full-width=\"true\" data-vc-full-width-temp=\"true\" data-vc-full-width-init=\"false\" class=\"vc_row wpb_row vc_row-fluid vc_custom_1692088101315 vc_row-has-fill bg-image-ps-inherit\"><div class=\"wpb_column vc_column_container vc_col-sm-12 vc_col-lg-8 vc_col-md-8\"><div class=\"vc_column-inner vc_custom_1689742555186\"><div class=\"wpb_wrapper\">\n\t<div class=\"wpb_text_column wpb_content_element\" >\n\t\t<div class=\"wpb_wrapper\">\n\t\t\t<h2>Kendimi Covid-19'dan nas\u0131l koruyabilirim?<\/h2>\n<p>Bunlar, koronavir\u00fcs enfeksiyonuna kar\u015f\u0131 kendinizi en iyi \u015fekilde nas\u0131l koruyabilece\u011finize dair ipu\u00e7lar\u0131 ve \u00f6nerilerdir:<\/p>\n<p>Ellerinizi d\u00fczenli olarak sabun ve suyla veya alkol bazl\u0131 bir dezenfektanla iyice temizleyin. \u0130yice el y\u0131kamak, ellerinizi en az 20 saniye boyunca temizlemek anlam\u0131na gelir - bu yakla\u015f\u0131k 4 ila 6 derin nefese kar\u015f\u0131l\u0131k gelir. Elbette saniyeleri de sayabilirsiniz. Patojenlerin olas\u0131 bula\u015fmas\u0131n\u0131 \u00f6nlemek i\u00e7in y\u0131kanmam\u0131\u015f ellerle y\u00fcz\u00fcn\u00fcze dokunmaktan ka\u00e7\u0131n\u0131n. Hap\u015f\u0131r\u0131rken ve \u00f6ks\u00fcr\u00fcrken, damlac\u0131klar\u0131 azaltmak i\u00e7in her zaman dirse\u011finizin i\u00e7ine hap\u015f\u0131r\u0131n veya \u00f6ks\u00fcr\u00fcn. Ayr\u0131ca Covid-19'lu ki\u015filerle m\u00fcmk\u00fcn oldu\u011funca temastan ka\u00e7\u0131nmak ve di\u011fer insanlarla aran\u0131zda yeterli mesafe b\u0131rakmak \u00f6nemlidir. Hava kalitesini art\u0131rmak ve enfeksiyon riskini azaltmak i\u00e7in odalar\u0131 d\u00fczenli olarak, ideal olarak her 5 ila 10 dakikada bir havaland\u0131rmal\u0131s\u0131n\u0131z.<\/p>\n<p>L\u00fctfen bunlar\u0131n sadece ipucu ve tavsiye niteli\u011finde oldu\u011funu ve koronavir\u00fcs enfeksiyonunun bir\u00e7ok fakt\u00f6re ba\u011fl\u0131 oldu\u011funu unutmay\u0131n.<\/p>\n\n\t\t<\/div>\n\t<\/div>\n<\/div><\/div><\/div><div class=\"wpb_column vc_column_container vc_col-sm-12 vc_col-lg-4 vc_col-md-4 vc_col-has-fill\"><div class=\"vc_column-inner vc_custom_1718188974703\"><div class=\"wpb_wrapper\">\n\t<div  class=\"wpb_single_image wpb_content_element vc_align_right wpb_content_element vc_custom_1729161555010 image_align_xs_center inherit\">\n\t\t\n\t\t<figure class=\"wpb_wrapper vc_figure\">\n\t\t\t<div class=\"vc_single_image-wrapper default  vc_box_border_grey\"><img decoding=\"async\" class=\"vc_single_image-img\" src=\"https:\/\/johann-strauss-apotheke.at\/wp-content\/uploads\/2024\/06\/Design-ohne-Tisdtel.jpg\" width=\"600\" height=\"706\" alt=\"Covid-19\" title=\"\u00a9 Canva\" \/><\/div>\n\t\t<\/figure>\n\t<\/div>\n<\/div><\/div><\/div><\/div><div class=\"vc_row-full-width vc_clearfix\"><\/div><div data-vc-full-width=\"true\" data-vc-full-width-temp=\"true\" data-vc-full-width-init=\"false\" class=\"vc_row wpb_row vc_row-fluid vc_custom_1713175716302 bg-image-ps-inherit\"><div class=\"wpb_column vc_column_container vc_col-sm-12 vc_col-lg-4 vc_col-md-4 vc_col-has-fill\"><div class=\"vc_column-inner vc_custom_1718188990732\"><div class=\"wpb_wrapper\">\n\t<div  class=\"wpb_single_image wpb_content_element vc_align_left wpb_content_element vc_custom_1729161568772 image_align_xs_center inherit\">\n\t\t\n\t\t<figure class=\"wpb_wrapper vc_figure\">\n\t\t\t<div class=\"vc_single_image-wrapper default  vc_box_border_grey\"><img decoding=\"async\" class=\"vc_single_image-img\" src=\"https:\/\/johann-strauss-apotheke.at\/wp-content\/uploads\/2024\/06\/Design-ohne-Taeoeitel.jpg\" width=\"600\" height=\"706\" alt=\"Covid-19\" title=\"\u00a9 Canva\" \/><\/div>\n\t\t<\/figure>\n\t<\/div>\n<\/div><\/div><\/div><div class=\"wpb_column vc_column_container vc_col-sm-12 vc_col-lg-8 vc_col-md-8\"><div class=\"vc_column-inner vc_custom_1689742555186\"><div class=\"wpb_wrapper\">\n\t<div class=\"wpb_text_column wpb_content_element\" >\n\t\t<div class=\"wpb_wrapper\">\n\t\t\t<h2>Covid-19 hakk\u0131nda haberler<\/h2>\n<p>Pandeminin halihaz\u0131rda sona erdi\u011fi d\u00fc\u015f\u00fcn\u00fclse ve Covid-19 hastal\u0131\u011f\u0131 1 Temmuz 2023'ten itibaren art\u0131k bildirilemez olsa da, Covid-19 konusunda g\u00fcncel olmak hala \u00f6nemlidir. Burada koronavir\u00fcs a\u015f\u0131s\u0131, Covid-19 ila\u00e7lar\u0131, Long Covid ve AB i\u00e7in mevcut risk de\u011ferlendirmesi hakk\u0131nda daha fazla bilgi edinebilirsiniz.<\/p>\n<h3>Covid-19 hakk\u0131nda \u00f6nemli bilgiler<\/h3>\n<p>Covid-19 i\u00e7in kendi kendine test i\u00e7in antijen testleri 1 Temmuz 2023'ten beri kamu eczanelerinde \u00fccret kar\u015f\u0131l\u0131\u011f\u0131nda mevcuttur. Covid-19 i\u00e7in \u00fccretsiz testler 1 Temmuz 2023'ten bu yana yaln\u0131zca t\u0131bbi tedavinin bir par\u00e7as\u0131 olarak mevcuttur. Koronavir\u00fcs hakk\u0131nda sorular\u0131n\u0131z m\u0131 var? O halde <a href=\"https:\/\/johann-strauss-apotheke.at\/tr\/eczane-vi%cc%87yana\/iletisim\/\">bize buradan yaz\u0131n<\/a>.<\/p>\n<p>Bu konuyla ilgili daha fazla bilgiye buradan ula\u015fabilirsiniz:<\/p>\n<ul>\n<li><a href=\"https:\/\/www.sozialministerium.at\/Themen\/Gesundheit\/Corona\/medikamente.html\" target=\"_blank\" rel=\"noopener nofollow\">COVID-19 ila\u00e7lar\u0131<\/a><\/li>\n<li><a href=\"https:\/\/www.sozialministerium.at\/Themen\/Gesundheit\/Corona\/long-covid.html\" target=\"_blank\" rel=\"noopener nofollow\">Uzun COVID<\/a><\/li>\n<li><a href=\"https:\/\/www.ages.at\/mensch\/krankheit\/krankheitserreger-von-a-bis-z\/coronavirus\" target=\"_blank\" rel=\"noopener nofollow\">AGES web sitesi<\/a><\/li>\n<li><a href=\"https:\/\/www.gesundheit.gv.at\/krankheiten\/immunsystem\/covid-19-coronavirus.html\" target=\"_blank\" rel=\"noopener nofollow\">gesundheit.gv.at<\/a><\/li>\n<li><a href=\"https:\/\/www.ecdc.europa.eu\/en\/covid-19\" target=\"_blank\" rel=\"noopener nofollow\">AB i\u00e7in mevcut risk de\u011ferlendirmeleri<\/a><\/li>\n<\/ul>\n\n\t\t<\/div>\n\t<\/div>\n<\/div><\/div><\/div><\/div><div class=\"vc_row-full-width vc_clearfix\"><\/div><div data-vc-full-width=\"true\" data-vc-full-width-temp=\"true\" data-vc-full-width-init=\"false\" class=\"vc_row wpb_row vc_row-fluid vc_custom_1692088101315 vc_row-has-fill bg-image-ps-inherit\"><div class=\"wpb_column vc_column_container vc_col-sm-12 vc_col-lg-8 vc_col-md-8\"><div class=\"vc_column-inner vc_custom_1689742555186\"><div class=\"wpb_wrapper\">\n\t<div class=\"wpb_text_column wpb_content_element\" >\n\t\t<div class=\"wpb_wrapper\">\n\t\t\t<h2>Eczanenizden antijen testleri<\/h2>\n<p>Bizimle \u015funlar\u0131 elde edersiniz <strong>Clungene'den Covid-19 antijen testleri (5 adet)<\/strong> ve <strong>Fluorecare'den Antijen Kombi Test Kiti (1 adet)<\/strong>\u00a0(SARS-CoV-2, Influenza A\/B &amp; RSV). Bu testler h\u0131zl\u0131 ve g\u00fcvenilir sonu\u00e7lar sunar ve so\u011fuk alg\u0131nl\u0131\u011f\u0131 ve grip sezonunda kapsaml\u0131 vir\u00fcs testleri i\u00e7in idealdir.<\/p>\n\n\t\t<\/div>\n\t<\/div>\n<\/div><\/div><\/div><div class=\"wpb_column vc_column_container vc_col-sm-12 vc_col-lg-4 vc_col-md-4 vc_col-has-fill\"><div class=\"vc_column-inner vc_custom_1718188974703\"><div class=\"wpb_wrapper\">\n\t<div  class=\"wpb_single_image wpb_content_element vc_align_right wpb_content_element vc_custom_1754754235369 image_align_xs_center inherit\">\n\t\t\n\t\t<figure class=\"wpb_wrapper vc_figure\">\n\t\t\t<div class=\"vc_single_image-wrapper default  vc_box_border_grey\"><img decoding=\"async\" class=\"vc_single_image-img\" src=\"https:\/\/johann-strauss-apotheke.at\/wp-content\/uploads\/2025\/08\/Clungene.jpg\" width=\"600\" height=\"706\" alt=\"Resim Clungene Covid-19 h\u0131zl\u0131 testini g\u00f6stermektedir.\" title=\"\u00a9 Clungene\" \/><\/div>\n\t\t<\/figure>\n\t<\/div>\n<\/div><\/div><\/div><\/div><div class=\"vc_row-full-width vc_clearfix\"><\/div><div id=\"contact\" data-vc-full-width=\"true\" data-vc-full-width-temp=\"true\" data-vc-full-width-init=\"false\" data-vc-parallax=\"1.8\" class=\"vc_row wpb_row vc_row-fluid vc_custom_1687439461465 vc_row-has-fill vc_general vc_parallax vc_parallax-content-moving row-overlay bg-image-ps-inherit\"><div class=\"wpb_column vc_column_container vc_col-sm-6\"><div class=\"vc_column-inner vc_custom_1533033549183\"><div class=\"wpb_wrapper\"><div class=\"wpb_gmaps_widget wpb_content_element\"><div class=\"wpb_wrapper\"><div class=\"wpb_map_wraper\"> <div class=\"brlbs-cmpnt-container brlbs-cmpnt-content-blocker brlbs-cmpnt-with-individual-styles\" data-borlabs-cookie-content-blocker-id=\"google-maps\" data-borlabs-cookie-content=\"PGlmcmFtZSBzcmM9Imh0dHBzOi8vd3d3Lmdvb2dsZS5jb20vbWFwcy9lbWJlZD9wYj0hMW0xOCExbTEyITFtMyExZDI2NjAuMDI5ODgxNzQ2MzAzNSEyZDE2LjM2NjE4MzY3Njc5NjQwMyEzZDQ4LjE4Njc3NTc0NzczNDIhMm0zITFmMCEyZjAhM2YwITNtMiExaTEwMjQhMmk3NjghNGYxMy4xITNtMyExbTIhMXMweDQ3NmRhOWQ0ZjNjYmVjMTclM0EweDkyYTQ2ZjQ1ZmRmYTlhM2IhMnNKb2hhbm4tU3RyYXUlQzMlOUYtR2Fzc2UlMjAzMiUyQyUyMDEwNDAlMjBXaWVuITVlMCEzbTIhMXNkZSEyc2F0ITR2MTY4NjEzODA4OTExNyE1bTIhMXNkZSEyc2F0IiB3aWR0aD0iNjAwIiBoZWlnaHQ9IjU1MCIgc3R5bGU9ImJvcmRlcjowOyIgYWxsb3dmdWxsc2NyZWVuPSIiIGxvYWRpbmc9ImxhenkiIHJlZmVycmVycG9saWN5PSJuby1yZWZlcnJlci13aGVuLWRvd25ncmFkZSI+PC9pZnJhbWU+\"><div class=\"brlbs-cmpnt-cb-preset-b brlbs-cmpnt-cb-google-maps\"> <div class=\"brlbs-cmpnt-cb-thumbnail\" style=\"background-image: url('https:\/\/johann-strauss-apotheke.at\/wp-content\/uploads\/borlabs-cookie\/1\/brlbs-cb-google-maps-main.png')\"><\/div> <div class=\"brlbs-cmpnt-cb-main\"> <div class=\"brlbs-cmpnt-cb-content\"> <p class=\"brlbs-cmpnt-cb-description\">\u015eu anda bir yer tutucu i\u00e7eri\u011fi g\u00f6r\u00fcnt\u00fcl\u00fcyorsunuz <strong>Google Haritalar<\/strong>. As\u0131l i\u00e7eri\u011fe eri\u015fmek i\u00e7in a\u015fa\u011f\u0131daki d\u00fc\u011fmeyi t\u0131klay\u0131n. L\u00fctfen bunu yapt\u0131\u011f\u0131n\u0131zda \u00fc\u00e7\u00fcnc\u00fc taraf sa\u011flay\u0131c\u0131larla veri payla\u015faca\u011f\u0131n\u0131z\u0131 unutmay\u0131n.<\/p> <a class=\"brlbs-cmpnt-cb-provider-toggle\" href=\"#\" data-borlabs-cookie-show-provider-information role=\"button\">Daha Fazla Bilgi<\/a> <\/div> <div class=\"brlbs-cmpnt-cb-buttons\"> <a class=\"brlbs-cmpnt-cb-btn\" href=\"#\" data-borlabs-cookie-unblock role=\"button\">\u0130\u00e7erik engelini kald\u0131r\u0131n<\/a> <a class=\"brlbs-cmpnt-cb-btn\" href=\"#\" data-borlabs-cookie-accept-service role=\"button\" style=\"display: inherit\">Gerekli hizmeti kabul edin ve i\u00e7erik engelini kald\u0131r\u0131n<\/a> <\/div> <\/div> <\/div><\/div><\/div><\/div><\/div><\/div><\/div><\/div><div class=\"wpb_column vc_column_container vc_col-sm-6\"><div class=\"vc_column-inner vc_custom_1533033599033\"><div class=\"wpb_wrapper\"><div class=\"vc_empty_space\"   style=\"height: 10px\"><span class=\"vc_empty_space_inner\"><\/span><\/div><div id=\"ct-heading\" class=\"ct-heading align-left align-left-md align-left-sm align-left-xs\">\n            <style type=\"text\/css\">\n            @media (min-width: 991px) and (max-width: 1200px) {\n                #ct-heading .ct-heading-tag {\n                                            font-size: 30px !important;\n                                                        }\n            }\n        <\/style>\n    \n            <style type=\"text\/css\">\n            @media (min-width: 768px) and (max-width: 991px) {\n                #ct-heading .ct-heading-tag {\n                                            font-size: 30px !important;\n                                                        }\n            }\n        <\/style>\n    \n            <style type=\"text\/css\">\n            @media screen and (max-width: 767px) {\n                #ct-heading .ct-heading-tag {\n                                            font-size: 30px !important;\n                                                        }\n            }\n        <\/style>\n        \n        \n    <h3 class=\"ct-heading-tag\" style=\"margin-bottom:12px;font-size:30px;font-weight:600; \">\n                                    Bize ula\u015f\u0131n                                    <\/h3>\n\n    \n    <\/div><div class=\"vc_empty_space\"   style=\"height: 26px\"><span class=\"vc_empty_space_inner\"><\/span><\/div>    <div class=\"ct-contact-form-default   form-style1\">\n        <div class=\"ct-contact-form-inner\">\n            \n<div class=\"wpcf7 no-js\" id=\"wpcf7-f819-o1\" lang=\"en-US\" dir=\"ltr\" data-wpcf7-id=\"819\">\n<div class=\"screen-reader-response\"><p role=\"status\" aria-live=\"polite\" aria-atomic=\"true\"><\/p> <ul><\/ul><\/div>\n<form action=\"\/tr\/wp-json\/wp\/v2\/pages\/1774#wpcf7-f819-o1\" method=\"post\" class=\"wpcf7-form init\" aria-label=\"\u0130leti\u015fim formu\" novalidate=\"novalidate\" data-status=\"init\" data-trp-original-action=\"\/tr\/wp-json\/wp\/v2\/pages\/1774#wpcf7-f819-o1\">\n<fieldset class=\"hidden-fields-container\"><input type=\"hidden\" name=\"_wpcf7\" value=\"819\" \/><input type=\"hidden\" name=\"_wpcf7_version\" value=\"6.1.5\" \/><input type=\"hidden\" name=\"_wpcf7_locale\" value=\"en_US\" \/><input type=\"hidden\" name=\"_wpcf7_unit_tag\" value=\"wpcf7-f819-o1\" \/><input type=\"hidden\" name=\"_wpcf7_container_post\" value=\"0\" \/><input type=\"hidden\" name=\"_wpcf7_posted_data_hash\" value=\"\" \/>\n<\/fieldset>\n<div class=\"row\">\n\t<div class=\"col-sm-12 col-md-6 col-lg-6\">\n\t\t<div class=\"input-filled\">\n\t\t\t<p><span class=\"wpcf7-form-control-wrap\" data-name=\"firstname\"><input size=\"40\" maxlength=\"400\" class=\"wpcf7-form-control wpcf7-text wpcf7-validates-as-required\" aria-required=\"true\" aria-invalid=\"false\" placeholder=\"\u0130lk isim*\" value=\"\" type=\"text\" name=\"firstname\" \/><\/span>\n\t\t\t<\/p>\n\t\t<\/div>\n\t<\/div>\n\t<div class=\"col-sm-12 col-md-6 col-lg-6\">\n\t\t<div class=\"input-filled\">\n\t\t\t<p><span class=\"wpcf7-form-control-wrap\" data-name=\"lastname\"><input size=\"40\" maxlength=\"400\" class=\"wpcf7-form-control wpcf7-text wpcf7-validates-as-required\" aria-required=\"true\" aria-invalid=\"false\" placeholder=\"Soyad\u0131*\" value=\"\" type=\"text\" name=\"lastname\" \/><\/span>\n\t\t\t<\/p>\n\t\t<\/div>\n\t<\/div>\n<\/div>\n<div class=\"row\">\n\t<div class=\"col-sm-12 col-md-6 col-lg-6\">\n\t\t<div class=\"input-filled\">\n\t\t\t<p><span class=\"wpcf7-form-control-wrap\" data-name=\"email\"><input size=\"40\" maxlength=\"400\" class=\"wpcf7-form-control wpcf7-email wpcf7-validates-as-required wpcf7-text wpcf7-validates-as-email\" aria-required=\"true\" aria-invalid=\"false\" placeholder=\"E-posta adresi*\" value=\"\" type=\"email\" name=\"email\" \/><\/span>\n\t\t\t<\/p>\n\t\t<\/div>\n\t<\/div>\n\t<div class=\"col-sm-12 col-md-6 col-lg-6\">\n\t\t<div class=\"input-filled\">\n\t\t\t<p><span class=\"wpcf7-form-control-wrap\" data-name=\"phone\"><input size=\"40\" maxlength=\"400\" class=\"wpcf7-form-control wpcf7-tel wpcf7-validates-as-required wpcf7-text wpcf7-validates-as-tel\" aria-required=\"true\" aria-invalid=\"false\" placeholder=\"Telefon numaras\u0131*\" value=\"\" type=\"tel\" name=\"phone\" \/><\/span>\n\t\t\t<\/p>\n\t\t<\/div>\n\t<\/div>\n<\/div>\n<div class=\"row\">\n\t<div class=\"col-12\">\n\t\t<div class=\"input-filled\">\n\t\t\t<p><span class=\"wpcf7-form-control-wrap\" data-name=\"message\"><textarea cols=\"40\" rows=\"10\" maxlength=\"2000\" class=\"wpcf7-form-control wpcf7-textarea wpcf7-validates-as-required\" aria-required=\"true\" aria-invalid=\"false\" placeholder=\"Mesaj*\" name=\"message\"><\/textarea><\/span>\n\t\t\t<\/p>\n\t\t<\/div>\n\t<\/div>\n<\/div>\n<div class=\"row\">\n\t<div class=\"col-12\">\n\t\t<div class=\"\">\n\t\t\t<p><span class=\"wpcf7-form-control-wrap\" data-name=\"call\"><span class=\"wpcf7-form-control wpcf7-checkbox\"><span class=\"wpcf7-list-item first last\"><label><input type=\"checkbox\" name=\"call[]\" value=\"Ich bitte um einen R\u00fcckruf.\" \/><span class=\"wpcf7-list-item-label\">L\u00fctfen beni ara.<\/span><\/label><\/span><\/span><\/span>\n\t\t\t<\/p>\n\t\t<\/div>\n\t<\/div>\n\t<div class=\"col-12\">\n\t\t<div class=\"\">\n\t\t\t<p><span class=\"wpcf7-form-control-wrap\" data-name=\"priacy\"><span class=\"wpcf7-form-control wpcf7-checkbox wpcf7-validates-as-required\"><span class=\"wpcf7-list-item first last\"><label><input type=\"checkbox\" name=\"priacy[]\" value=\"Ich erkl\u00e4re mich mit dem Datenschutz einverstanden*.\" \/><span class=\"wpcf7-list-item-label\">Gizlilik politikas\u0131n\u0131* kabul ediyorum.<\/span><\/label><\/span><\/span><\/span>\n\t\t\t<\/p>\n\t\t<\/div>\n\t<\/div>\n<\/div>\n<div class=\"cf7-cf-turnstile\" style=\"margin-top: 0px; margin-bottom: -15px;\"> <div id=\"cf-turnstile-cf7-235680326\" class=\"cf-turnstile\" data-sitekey=\"0x4AAAAAAAVmoJqBun6Tj3PG\" data-theme=\"light\" data-language=\"auto\" data-size=\"\" data-retry=\"auto\" data-retry-interval=\"1000\" data-refresh-expired=\"auto\" data-action=\"contact-form-7\" data-appearance=\"interaction-only\"><\/div> <script>document.addEventListener(\"DOMContentLoaded\", function() { setTimeout(function(){ var e=document.getElementById(\"cf-turnstile-cf7-235680326\"); e&&!e.innerHTML.trim()&&(turnstile.remove(\"#cf-turnstile-cf7-235680326\"), turnstile.render(\"#cf-turnstile-cf7-235680326\", {sitekey:\"0x4AAAAAAAVmoJqBun6Tj3PG\"})); }, 100); });<\/script> <style>#cf-turnstile-cf7-235680326 iframe { margin-bottom: 15px; }<\/style> <style>#cf-turnstile-cf7-235680326 { margin-left: -15px; }<\/style> <script>document.addEventListener(\"DOMContentLoaded\",function(){document.querySelectorAll('.wpcf7-form').forEach(function(e){e.addEventListener('submit',function(){if(document.getElementById('cf-turnstile-cf7-235680326')){setTimeout(function(){turnstile.reset('#cf-turnstile-cf7-235680326');},1000)}})})});<\/script> <\/div>\n<div class=\"row\">\n\t<div class=\"col-12 rm-margin\">\n\t\t<p><input class=\"wpcf7-form-control wpcf7-submit has-spinner btn\" type=\"submit\" value=\"G\u00f6nder\" \/>\n\t\t<\/p>\n\t<\/div>\n<\/div><div class=\"wpcf7-response-output\" aria-hidden=\"true\"><\/div>\n<input type=\"hidden\" name=\"trp-form-language\" value=\"tr\"\/><\/form>\n<\/div>\n        <\/div>\n    <\/div>\n<\/div><\/div><\/div><\/div><div class=\"vc_row-full-width vc_clearfix\"><\/div>\n<\/div>","protected":false},"excerpt":{"rendered":"Covid-19 Covid-19 (Coronavirus) hat weltweit Auswirkungen. Gut informiert zu sein \u00fcber Pr\u00e4vention, Symptome und Entwicklungen ist entscheidend f\u00fcr den Schutz der Gesundheit und die Eind\u00e4mmung der Pandemie. Das Corona-Virus (Covid-19) [...]","protected":false},"author":4,"featured_media":4226,"parent":0,"menu_order":15,"comment_status":"closed","ping_status":"closed","template":"","meta":{"inline_featured_image":false,"_price":"","_stock":"","_tribe_ticket_header":"","_tribe_default_ticket_provider":"","_tribe_ticket_capacity":"0","_ticket_start_date":"","_ticket_end_date":"","_tribe_ticket_show_description":"","_tribe_ticket_show_not_going":false,"_tribe_ticket_use_global_stock":"","_tribe_ticket_global_stock_level":"","_global_stock_mode":"","_global_stock_cap":"","_tribe_rsvp_for_event":"","_tribe_ticket_going_count":"","_tribe_ticket_not_going_count":"","_tribe_tickets_list":"[]","_tribe_ticket_has_attendee_info_fields":false,"footnotes":"","_tec_slr_enabled":"","_tec_slr_layout":""},"class_list":["post-1774","page","type-page","status-publish","has-post-thumbnail","hentry"],"ticketed":false,"_links":{"self":[{"href":"https:\/\/johann-strauss-apotheke.at\/tr\/wp-json\/wp\/v2\/pages\/1774","targetHints":{"allow":["GET"]}}],"collection":[{"href":"https:\/\/johann-strauss-apotheke.at\/tr\/wp-json\/wp\/v2\/pages"}],"about":[{"href":"https:\/\/johann-strauss-apotheke.at\/tr\/wp-json\/wp\/v2\/types\/page"}],"author":[{"embeddable":true,"href":"https:\/\/johann-strauss-apotheke.at\/tr\/wp-json\/wp\/v2\/users\/4"}],"replies":[{"embeddable":true,"href":"https:\/\/johann-strauss-apotheke.at\/tr\/wp-json\/wp\/v2\/comments?post=1774"}],"version-history":[{"count":11,"href":"https:\/\/johann-strauss-apotheke.at\/tr\/wp-json\/wp\/v2\/pages\/1774\/revisions"}],"predecessor-version":[{"id":6802,"href":"https:\/\/johann-strauss-apotheke.at\/tr\/wp-json\/wp\/v2\/pages\/1774\/revisions\/6802"}],"wp:featuredmedia":[{"embeddable":true,"href":"https:\/\/johann-strauss-apotheke.at\/tr\/wp-json\/wp\/v2\/media\/4226"}],"wp:attachment":[{"href":"https:\/\/johann-strauss-apotheke.at\/tr\/wp-json\/wp\/v2\/media?parent=1774"}],"curies":[{"name":"wp","href":"https:\/\/api.w.org\/{rel}","templated":true}]}}