{"id":1846,"date":"2023-08-30T20:43:14","date_gmt":"2023-08-30T18:43:14","guid":{"rendered":"https:\/\/johann-strauss-apotheke.at\/?page_id=1846"},"modified":"2026-01-15T12:29:52","modified_gmt":"2026-01-15T11:29:52","slug":"ev-bitkileri-yesil-duvar","status":"publish","type":"page","link":"https:\/\/johann-strauss-apotheke.at\/tr\/zimmerpflanzen-gruene-wand\/","title":{"rendered":"\u0130\u00e7 mekan ye\u015fillendirme"},"content":{"rendered":"<div class=\"wpb-content-wrapper\"><div data-vc-full-width=\"true\" data-vc-full-width-temp=\"true\" data-vc-full-width-init=\"false\" class=\"vc_row wpb_row vc_row-fluid box-center vc_custom_1713277162930 bg-image-ps-inherit\"><div class=\"wpb_column vc_column_container vc_col-sm-12 vc_col-lg-8 vc_col-md-8\"><div class=\"vc_column-inner\"><div class=\"wpb_wrapper\">\n\t<div class=\"wpb_text_column wpb_content_element text-center\" >\n\t\t<div class=\"wpb_wrapper\">\n\t\t\t<h1 style=\"text-align: center;\">Ye\u015fil duvar olarak ev bitkileri<\/h1>\n<p style=\"text-align: center;\">Bitki severlerin dikkatine! A\u011fustos 2023'ten beri <a href=\"https:\/\/johann-strauss-apotheke.at\/tr\/dikey-gubreleme\/\" target=\"_blank\" rel=\"noopener\">Dikey i\u00e7 ye\u015fillendirme<\/a> \u00c7ok \u00e7e\u015fitli i\u00e7 mekan bitkilerinin kullan\u0131m\u0131, iyile\u015ftirilmi\u015f bir i\u00e7 mekan iklimi ve muazzam bir estetik katma de\u011fer dahil olmak \u00fczere bir\u00e7ok avantaja sahiptir.<\/p>\n\n\t\t<\/div>\n\t<\/div>\n\n\t<div  class=\"wpb_single_image wpb_content_element vc_align_center wpb_content_element  svg-blatt inherit inherit\">\n\t\t\n\t\t<figure class=\"wpb_wrapper vc_figure\">\n\t\t\t<div class=\"vc_single_image-wrapper default  vc_box_border_grey\"><img decoding=\"async\" width=\"1\" height=\"1\" src=\"https:\/\/johann-strauss-apotheke.at\/wp-content\/uploads\/2023\/06\/blatt.svg\" class=\"vc_single_image-img attachment-full\" alt=\"\" title=\"sayfa svg\" \/><\/div>\n\t\t<\/figure>\n\t<\/div>\n<\/div><\/div><\/div><\/div><div class=\"vc_row-full-width vc_clearfix\"><\/div><div data-vc-full-width=\"true\" data-vc-full-width-temp=\"true\" data-vc-full-width-init=\"false\" class=\"vc_row wpb_row vc_row-fluid vc_custom_1692088095718 vc_row-has-fill bg-image-ps-inherit\"><div class=\"wpb_column vc_column_container vc_col-sm-12 vc_col-lg-8 vc_col-md-8\"><div class=\"vc_column-inner vc_custom_1689742555186\"><div class=\"wpb_wrapper\">\n\t<div class=\"wpb_text_column wpb_content_element\" >\n\t\t<div class=\"wpb_wrapper\">\n\t\t\t<h2>\u0130\u00e7 mekan ye\u015fillendirme<\/h2>\n<p>Hidroponik ve i\u00e7 mekan bitkileri ofis ve ya\u015fam alanlar\u0131n\u0131n yan\u0131 s\u0131ra eczanelerde de i\u00e7 mekan iklimini etkiler. Toprak alt\u0131ndaki i\u00e7 mekan bitkilerine olas\u0131 k\u00fcf geli\u015fimi nedeniyle izin verilmedi\u011finden, hidroponik ile i\u00e7 mekan ye\u015fillendirmesi \u00e7ok iyi bir alternatiftir.<\/p>\n<p>Ev bitkileri ile i\u00e7 mekan ye\u015filli\u011fi bir\u00e7ok doktor taraf\u0131ndan \u00f6nerilmektedir. Ara\u015ft\u0131rmalara g\u00f6re, i\u00e7 mekanlarda bakteri y\u00fck\u00fc i\u00e7 mekan bitkileri olmadan en y\u00fcksek seviyededir. Hidroponik kullan\u0131l\u0131yorsa, hidrosubstrat\u0131n (\u00f6rne\u011fin geni\u015fletilmi\u015f kil, Lechuza) y\u00fczeyi her zaman kuru ve organik madde i\u00e7ermedi\u011finden k\u00fcf olu\u015famaz. K\u00fcf mantarlar\u0131 ve di\u011fer mikroorganizmalar geli\u015fmek ve spor olu\u015fturmak i\u00e7in bir \u00fcreme alan\u0131na sahip de\u011fildir.<\/p>\n<p>Peki hidroponik veya ye\u015fil bitkilerin etkisi tam olarak nedir? \u015eirkete sorduk <a href=\"https:\/\/www.hydrokulturen-zimmerpflanzen.at\/\" target=\"_blank\" rel=\"noopener nofollow\">Hiebinger Hydroponics<\/a>, i\u00e7 mekan ye\u015fillendirmemizi de ger\u00e7ekle\u015ftirdi.<\/p>\n\n\t\t<\/div>\n\t<\/div>\n<\/div><\/div><\/div><div class=\"wpb_animate_when_almost_visible wpb_fadeInRight fadeInRight wpb_column vc_column_container vc_col-sm-12 vc_col-lg-4 vc_col-md-4 vc_col-has-fill\"><div class=\"vc_column-inner vc_custom_1698854154877\"><div class=\"wpb_wrapper\">\n\t<div  class=\"wpb_single_image wpb_content_element vc_align_left wpb_content_element wpb_animate_when_almost_visible wpb_fadeInRight fadeInRight vc_custom_1693469478629 image_align_xs_center inherit\">\n\t\t\n\t\t<figure class=\"wpb_wrapper vc_figure\">\n\t\t\t<div class=\"vc_single_image-wrapper default  vc_box_border_grey\"><img decoding=\"async\" width=\"653\" height=\"871\" src=\"https:\/\/johann-strauss-apotheke.at\/wp-content\/uploads\/2023\/08\/IMG_1884-1.jpg\" class=\"vc_single_image-img attachment-full\" alt=\"Houseplant\" title=\"Houseplant\" \/><\/div>\n\t\t<\/figure>\n\t<\/div>\n<\/div><\/div><\/div><\/div><div class=\"vc_row-full-width vc_clearfix\"><\/div><div data-vc-full-width=\"true\" data-vc-full-width-temp=\"true\" data-vc-full-width-init=\"false\" class=\"vc_row wpb_row vc_row-fluid vc_custom_1692087847793 bg-image-ps-inherit\"><div class=\"wpb_animate_when_almost_visible wpb_fadeInLeft fadeInLeft wpb_column vc_column_container vc_col-sm-12 vc_col-lg-4 vc_col-md-4 vc_col-has-fill\"><div class=\"vc_column-inner vc_custom_1698854162462\"><div class=\"wpb_wrapper\">\n\t<div  class=\"wpb_single_image wpb_content_element vc_align_left wpb_content_element wpb_animate_when_almost_visible wpb_fadeInLeft fadeInLeft vc_custom_1693421150490 image_align_xs_center inherit\">\n\t\t\n\t\t<figure class=\"wpb_wrapper vc_figure\">\n\t\t\t<div class=\"vc_single_image-wrapper default  vc_box_border_grey\"><img decoding=\"async\" width=\"525\" height=\"700\" src=\"https:\/\/johann-strauss-apotheke.at\/wp-content\/uploads\/2023\/08\/IMG_1886-1.jpg\" class=\"vc_single_image-img attachment-full\" alt=\"Dikey ye\u015fillendirme\" title=\"Dikey ye\u015fillendirme\" \/><\/div>\n\t\t<\/figure>\n\t<\/div>\n<\/div><\/div><\/div><div class=\"wpb_column vc_column_container vc_col-sm-12 vc_col-lg-8 vc_col-md-8\"><div class=\"vc_column-inner vc_custom_1689742555186\"><div class=\"wpb_wrapper\">\n\t<div class=\"wpb_text_column wpb_content_element\" >\n\t\t<div class=\"wpb_wrapper\">\n\t\t\t<h2>Sa\u011fl\u0131k fakt\u00f6r\u00fc \u201cpsikoloji\u201d<\/h2>\n<p>D\u00fcnya \u00e7ap\u0131nda yap\u0131lan bir\u00e7ok bilimsel \u00e7al\u0131\u015fma, ev bitkilerinin \u00f6nemli bir iyi hissetme fakt\u00f6r\u00fc oldu\u011funu ve insanlar\u0131n onlar\u0131n etraf\u0131nda olmaktan keyif ald\u0131\u011f\u0131n\u0131 g\u00f6stermi\u015ftir. \u0130\u00e7 mekan bitkileri ayr\u0131ca i\u00e7 mekandaki havay\u0131 temizler, mahremiyet sa\u011flar ve g\u00fcr\u00fclt\u00fcy\u00fc azaltabilir.<\/p>\n<p>\u0130\u00e7 mekanlardaki nem genellikle insanlar i\u00e7in \u00e7ok d\u00fc\u015f\u00fckt\u00fcr. Odan\u0131n b\u00fcy\u00fckl\u00fc\u011f\u00fcne, bitkinin t\u00fcr\u00fcne ve bitki say\u0131s\u0131na ba\u011fl\u0131 olarak nem yakla\u015f\u0131k 2-3 % kadar art\u0131r\u0131labilir.<\/p>\n<p>Ara\u015ft\u0131rmalar, i\u00e7 mekan ye\u015filliklerinin g\u00f6z tahri\u015fi, konjonktivit, cilt tahri\u015fi, so\u011fuk alg\u0131nl\u0131\u011f\u0131 ve solunum yolu tahri\u015fi gibi hastal\u0131klar\u0131 azaltabilece\u011fini g\u00f6stermi\u015ftir. Ofislerdeki hastal\u0131k g\u00fcnleri de 1 ila 3,6 hastal\u0131k g\u00fcn\u00fc azalmaktad\u0131r.<\/p>\n<p>Buna ek olarak, ye\u015fil i\u00e7 mekanlar kullan\u0131c\u0131lar\u0131 taraf\u0131ndan genellikle daha \u00e7ekici, daha do\u011fal, daha rahat, konsantrasyona daha elveri\u015fli, daha nemli, daha ferahlat\u0131c\u0131, daha do\u011fayla i\u00e7 i\u00e7e ve daha insanc\u0131l olarak alg\u0131lanmaktad\u0131r. \u0130\u00e7 mekan ye\u015filliklerinin insanlar\u0131n zihinsel refah\u0131n\u0131 iyile\u015ftirip dengeleyebildi\u011fi g\u00f6sterilmi\u015ftir.  Depresyon, kayg\u0131 ve \u00f6fke azalt\u0131labilir.<\/p>\n\n\t\t<\/div>\n\t<\/div>\n<\/div><\/div><\/div><\/div><div class=\"vc_row-full-width vc_clearfix\"><\/div><div data-vc-full-width=\"true\" data-vc-full-width-temp=\"true\" data-vc-full-width-init=\"false\" class=\"vc_row wpb_row vc_row-fluid vc_custom_1692088101315 vc_row-has-fill bg-image-ps-inherit\"><div class=\"wpb_column vc_column_container vc_col-sm-12 vc_col-lg-8 vc_col-md-8\"><div class=\"vc_column-inner vc_custom_1689742555186\"><div class=\"wpb_wrapper\">\n\t<div class=\"wpb_text_column wpb_content_element\" >\n\t\t<div class=\"wpb_wrapper\">\n\t\t\t<h2>Bir sa\u011fl\u0131k fakt\u00f6r\u00fc olarak nem\u201c<\/h2>\n<p><strong>Mukoza zarlar\u0131<\/strong><\/p>\n<p>Ara\u015ft\u0131rmalar, \u00e7ok az nemin mukoza zarlar\u0131n\u0131n i\u015flevlerini yava\u015flatt\u0131\u011f\u0131n\u0131 ve bozdu\u011funu g\u00f6stermektedir. Bu da hastal\u0131k riskini art\u0131rabilir. Optimum kendi kendini temizleme i\u015flevi yakla\u015f\u0131k 45 % nemde elde edilir.<\/p>\n<p><strong>Partik\u00fcl madde ve grip vir\u00fcsleri<\/strong><\/p>\n<p>Vir\u00fcs partik\u00fcllerinin en k\u0131sa \u00f6mr\u00fc 50 ila 80 % ba\u011f\u0131l nem aras\u0131ndad\u0131r.  Nem oran\u0131 \u00e7ok d\u00fc\u015f\u00fckse, solunan damlac\u0131klardan \u00e7\u0131kan aerosoller daha h\u0131zl\u0131 buharla\u015f\u0131r ve damlac\u0131k \u00e7ekirde\u011fi serbest kal\u0131r. Bu da patojenlerin bula\u015fma olas\u0131l\u0131\u011f\u0131n\u0131 art\u0131r\u0131r. Odadaki nemin daha y\u00fcksek olmas\u0131, solunan damlac\u0131klar\u0131n daha fazla su emmesi ve daha b\u00fcy\u00fck a\u011f\u0131rl\u0131klar\u0131 nedeniyle yere daha \u00e7abuk batmas\u0131 anlam\u0131na gelir.<\/p>\n<p><strong>Ses k\u0131s\u0131kl\u0131\u011f\u0131 ve larenjit<\/strong><\/p>\n<p>Ses k\u0131vr\u0131mlar\u0131n\u0131n mukoza zarlar\u0131 da yeterli neme ihtiya\u00e7 duyar. Hava beslemesi onlar\u0131n titre\u015fmesine neden olur. Nem oran\u0131 \u00e7ok d\u00fc\u015f\u00fckse elastikiyetlerini kaybederler ve ki\u015fi bo\u011faz\u0131n\u0131 temizlemeye, \u00f6ks\u00fcrmeye veya yutkunmaya ba\u015flar.<\/p>\n<p><strong>Kuru g\u00f6zler<\/strong><\/p>\n<p>Ekran veya cereyan \u00f6n\u00fcnde \u00e7ok uzun s\u00fcre \u00e7al\u0131\u015fmak \u015fi\u015flik, k\u0131zar\u0131kl\u0131k, yabanc\u0131 cisim hissi, \u0131\u015f\u0131\u011fa kar\u015f\u0131 hassasiyet ve yanmaya neden olabilir. Nem oran\u0131 \u00e7ok d\u00fc\u015f\u00fckse g\u00f6zya\u015f\u0131 s\u0131v\u0131s\u0131 buharla\u015fmaya ba\u015flar. \u0130\u00e7 mekandaki nem oran\u0131 40 ila 60 % aras\u0131nda olursa bu risk \u00f6nlenebilir.<\/p>\n<p>Bitkiler, i\u00e7 mekanlardaki nemi g\u00fcvenli bir \u015fekilde art\u0131rmak i\u00e7in kullan\u0131labilir. Ev bitkileri, suland\u0131klar\u0131 suyun yakla\u015f\u0131k 90 %'sini buharla\u015ft\u0131r\u0131r ve \u00e7evrelerine b\u0131rak\u0131r. Klima sistemlerinden \u00e7\u0131kan aerosollere kar\u015f\u0131 daha tolere edilebilir bir alternatiftirler. Hidroponik gibi modern bitki substratlar\u0131, fatojenik mikroplar ve alerjiler gibi yan etkileri ortadan kald\u0131r\u0131r.<\/p>\n<p><strong>Hidroponik en iyi se\u00e7imdir ve doktorlar taraf\u0131ndan tavsiye edilir!<\/strong><\/p>\n\n\t\t<\/div>\n\t<\/div>\n<div class=\"ct-button-wrapper align-left align-left-md align-left-sm align-left-xs\">\n\n    <a style=\"border-top-left-radius:10px;-webkit-border-top-left-radius:10px;border-top-right-radius:10px;-webkit-border-top-right-radius:10px;border-bottom-left-radius:10px;-webkit-border-bottom-left-radius:10px;border-bottom-right-radius:10px;-webkit-border-bottom-right-radius:10px;\" href=\"https:\/\/www.hydrokulturen-zimmerpflanzen.at\/raumbegruenung\/auswirkungen.php\" target=\"_blank\" class=\"btn btn-secondary size-lg\" rel=\"nofollow noopener\">\n        <span>Hiebinger Hydroponics<\/span>\n            <\/a>\n\n<\/div><\/div><\/div><\/div><div class=\"wpb_animate_when_almost_visible wpb_fadeInRight fadeInRight wpb_column vc_column_container vc_col-sm-12 vc_col-lg-4 vc_col-md-4 vc_col-has-fill\"><div class=\"vc_column-inner vc_custom_1698854170149\"><div class=\"wpb_wrapper\">\n\t<div  class=\"wpb_single_image wpb_content_element vc_align_left wpb_content_element wpb_animate_when_almost_visible wpb_fadeInRight fadeInRight vc_custom_1693469517452 image_align_xs_center inherit\">\n\t\t\n\t\t<figure class=\"wpb_wrapper vc_figure\">\n\t\t\t<div class=\"vc_single_image-wrapper default  vc_box_border_grey\"><img decoding=\"async\" width=\"653\" height=\"871\" src=\"https:\/\/johann-strauss-apotheke.at\/wp-content\/uploads\/2023\/08\/IMG_1895.jpg\" class=\"vc_single_image-img attachment-full\" alt=\"Houseplant\" title=\"Houseplant\" \/><\/div>\n\t\t<\/figure>\n\t<\/div>\n<\/div><\/div><\/div><\/div><div class=\"vc_row-full-width vc_clearfix\"><\/div><div id=\"contact\" data-vc-full-width=\"true\" data-vc-full-width-temp=\"true\" data-vc-full-width-init=\"false\" data-vc-parallax=\"1.8\" class=\"vc_row wpb_row vc_row-fluid vc_custom_1687439461465 vc_row-has-fill vc_general vc_parallax vc_parallax-content-moving row-overlay bg-image-ps-inherit\"><div class=\"wpb_column vc_column_container vc_col-sm-6\"><div class=\"vc_column-inner vc_custom_1533033549183\"><div class=\"wpb_wrapper\"><div class=\"wpb_gmaps_widget wpb_content_element\"><div class=\"wpb_wrapper\"><div class=\"wpb_map_wraper\"> <div class=\"brlbs-cmpnt-container brlbs-cmpnt-content-blocker brlbs-cmpnt-with-individual-styles\" data-borlabs-cookie-content-blocker-id=\"google-maps\" data-borlabs-cookie-content=\"PGlmcmFtZSBzcmM9Imh0dHBzOi8vd3d3Lmdvb2dsZS5jb20vbWFwcy9lbWJlZD9wYj0hMW0xOCExbTEyITFtMyExZDI2NjAuMDI5ODgxNzQ2MzAzNSEyZDE2LjM2NjE4MzY3Njc5NjQwMyEzZDQ4LjE4Njc3NTc0NzczNDIhMm0zITFmMCEyZjAhM2YwITNtMiExaTEwMjQhMmk3NjghNGYxMy4xITNtMyExbTIhMXMweDQ3NmRhOWQ0ZjNjYmVjMTclM0EweDkyYTQ2ZjQ1ZmRmYTlhM2IhMnNKb2hhbm4tU3RyYXUlQzMlOUYtR2Fzc2UlMjAzMiUyQyUyMDEwNDAlMjBXaWVuITVlMCEzbTIhMXNkZSEyc2F0ITR2MTY4NjEzODA4OTExNyE1bTIhMXNkZSEyc2F0IiB3aWR0aD0iNjAwIiBoZWlnaHQ9IjU1MCIgc3R5bGU9ImJvcmRlcjowOyIgYWxsb3dmdWxsc2NyZWVuPSIiIGxvYWRpbmc9ImxhenkiIHJlZmVycmVycG9saWN5PSJuby1yZWZlcnJlci13aGVuLWRvd25ncmFkZSI+PC9pZnJhbWU+\"><div class=\"brlbs-cmpnt-cb-preset-b brlbs-cmpnt-cb-google-maps\"> <div class=\"brlbs-cmpnt-cb-thumbnail\" style=\"background-image: url('https:\/\/johann-strauss-apotheke.at\/wp-content\/uploads\/borlabs-cookie\/1\/brlbs-cb-google-maps-main.png')\"><\/div> <div class=\"brlbs-cmpnt-cb-main\"> <div class=\"brlbs-cmpnt-cb-content\"> <p class=\"brlbs-cmpnt-cb-description\">\u015eu anda bir yer tutucu i\u00e7eri\u011fi g\u00f6r\u00fcnt\u00fcl\u00fcyorsunuz <strong>Google Haritalar<\/strong>. As\u0131l i\u00e7eri\u011fe eri\u015fmek i\u00e7in a\u015fa\u011f\u0131daki d\u00fc\u011fmeyi t\u0131klay\u0131n. L\u00fctfen bunu yapt\u0131\u011f\u0131n\u0131zda \u00fc\u00e7\u00fcnc\u00fc taraf sa\u011flay\u0131c\u0131larla veri payla\u015faca\u011f\u0131n\u0131z\u0131 unutmay\u0131n.<\/p> <a class=\"brlbs-cmpnt-cb-provider-toggle\" href=\"#\" data-borlabs-cookie-show-provider-information role=\"button\">Daha Fazla Bilgi<\/a> <\/div> <div class=\"brlbs-cmpnt-cb-buttons\"> <a class=\"brlbs-cmpnt-cb-btn\" href=\"#\" data-borlabs-cookie-unblock role=\"button\">\u0130\u00e7erik engelini kald\u0131r\u0131n<\/a> <a class=\"brlbs-cmpnt-cb-btn\" href=\"#\" data-borlabs-cookie-accept-service role=\"button\" style=\"display: inherit\">Gerekli hizmeti kabul edin ve i\u00e7erik engelini kald\u0131r\u0131n<\/a> <\/div> <\/div> <\/div><\/div><\/div><\/div><\/div><\/div><\/div><\/div><div class=\"wpb_column vc_column_container vc_col-sm-6\"><div class=\"vc_column-inner vc_custom_1533033599033\"><div class=\"wpb_wrapper\"><div class=\"vc_empty_space\"   style=\"height: 10px\"><span class=\"vc_empty_space_inner\"><\/span><\/div><div id=\"ct-heading\" class=\"ct-heading align-left align-left-md align-left-sm align-left-xs\">\n            <style type=\"text\/css\">\n            @media (min-width: 991px) and (max-width: 1200px) {\n                #ct-heading .ct-heading-tag {\n                                            font-size: 30px !important;\n                                                        }\n            }\n        <\/style>\n    \n            <style type=\"text\/css\">\n            @media (min-width: 768px) and (max-width: 991px) {\n                #ct-heading .ct-heading-tag {\n                                            font-size: 30px !important;\n                                                        }\n            }\n        <\/style>\n    \n            <style type=\"text\/css\">\n            @media screen and (max-width: 767px) {\n                #ct-heading .ct-heading-tag {\n                                            font-size: 30px !important;\n                                                        }\n            }\n        <\/style>\n        \n        \n    <h3 class=\"ct-heading-tag\" style=\"margin-bottom:12px;font-size:30px;font-weight:600; \">\n                                    Bize ula\u015f\u0131n                                    <\/h3>\n\n    \n    <\/div><div class=\"vc_empty_space\"   style=\"height: 26px\"><span class=\"vc_empty_space_inner\"><\/span><\/div>    <div class=\"ct-contact-form-default   form-style1\">\n        <div class=\"ct-contact-form-inner\">\n            \n<div class=\"wpcf7 no-js\" id=\"wpcf7-f819-o1\" lang=\"en-US\" dir=\"ltr\" data-wpcf7-id=\"819\">\n<div class=\"screen-reader-response\"><p role=\"status\" aria-live=\"polite\" aria-atomic=\"true\"><\/p> <ul><\/ul><\/div>\n<form action=\"\/tr\/wp-json\/wp\/v2\/pages\/1846#wpcf7-f819-o1\" method=\"post\" class=\"wpcf7-form init\" aria-label=\"\u0130leti\u015fim formu\" novalidate=\"novalidate\" data-status=\"init\" data-trp-original-action=\"\/tr\/wp-json\/wp\/v2\/pages\/1846#wpcf7-f819-o1\">\n<fieldset class=\"hidden-fields-container\"><input type=\"hidden\" name=\"_wpcf7\" value=\"819\" \/><input type=\"hidden\" name=\"_wpcf7_version\" value=\"6.1.5\" \/><input type=\"hidden\" name=\"_wpcf7_locale\" value=\"en_US\" \/><input type=\"hidden\" name=\"_wpcf7_unit_tag\" value=\"wpcf7-f819-o1\" \/><input type=\"hidden\" name=\"_wpcf7_container_post\" value=\"0\" \/><input type=\"hidden\" name=\"_wpcf7_posted_data_hash\" value=\"\" \/>\n<\/fieldset>\n<div class=\"row\">\n\t<div class=\"col-sm-12 col-md-6 col-lg-6\">\n\t\t<div class=\"input-filled\">\n\t\t\t<p><span class=\"wpcf7-form-control-wrap\" data-name=\"firstname\"><input size=\"40\" maxlength=\"400\" class=\"wpcf7-form-control wpcf7-text wpcf7-validates-as-required\" aria-required=\"true\" aria-invalid=\"false\" placeholder=\"\u0130lk isim*\" value=\"\" type=\"text\" name=\"firstname\" \/><\/span>\n\t\t\t<\/p>\n\t\t<\/div>\n\t<\/div>\n\t<div class=\"col-sm-12 col-md-6 col-lg-6\">\n\t\t<div class=\"input-filled\">\n\t\t\t<p><span class=\"wpcf7-form-control-wrap\" data-name=\"lastname\"><input size=\"40\" maxlength=\"400\" class=\"wpcf7-form-control wpcf7-text wpcf7-validates-as-required\" aria-required=\"true\" aria-invalid=\"false\" placeholder=\"Soyad\u0131*\" value=\"\" type=\"text\" name=\"lastname\" \/><\/span>\n\t\t\t<\/p>\n\t\t<\/div>\n\t<\/div>\n<\/div>\n<div class=\"row\">\n\t<div class=\"col-sm-12 col-md-6 col-lg-6\">\n\t\t<div class=\"input-filled\">\n\t\t\t<p><span class=\"wpcf7-form-control-wrap\" data-name=\"email\"><input size=\"40\" maxlength=\"400\" class=\"wpcf7-form-control wpcf7-email wpcf7-validates-as-required wpcf7-text wpcf7-validates-as-email\" aria-required=\"true\" aria-invalid=\"false\" placeholder=\"E-posta adresi*\" value=\"\" type=\"email\" name=\"email\" \/><\/span>\n\t\t\t<\/p>\n\t\t<\/div>\n\t<\/div>\n\t<div class=\"col-sm-12 col-md-6 col-lg-6\">\n\t\t<div class=\"input-filled\">\n\t\t\t<p><span class=\"wpcf7-form-control-wrap\" data-name=\"phone\"><input size=\"40\" maxlength=\"400\" class=\"wpcf7-form-control wpcf7-tel wpcf7-validates-as-required wpcf7-text wpcf7-validates-as-tel\" aria-required=\"true\" aria-invalid=\"false\" placeholder=\"Telefon numaras\u0131*\" value=\"\" type=\"tel\" name=\"phone\" \/><\/span>\n\t\t\t<\/p>\n\t\t<\/div>\n\t<\/div>\n<\/div>\n<div class=\"row\">\n\t<div class=\"col-12\">\n\t\t<div class=\"input-filled\">\n\t\t\t<p><span class=\"wpcf7-form-control-wrap\" data-name=\"message\"><textarea cols=\"40\" rows=\"10\" maxlength=\"2000\" class=\"wpcf7-form-control wpcf7-textarea wpcf7-validates-as-required\" aria-required=\"true\" aria-invalid=\"false\" placeholder=\"Mesaj*\" name=\"message\"><\/textarea><\/span>\n\t\t\t<\/p>\n\t\t<\/div>\n\t<\/div>\n<\/div>\n<div class=\"row\">\n\t<div class=\"col-12\">\n\t\t<div class=\"\">\n\t\t\t<p><span class=\"wpcf7-form-control-wrap\" data-name=\"call\"><span class=\"wpcf7-form-control wpcf7-checkbox\"><span class=\"wpcf7-list-item first last\"><label><input type=\"checkbox\" name=\"call[]\" value=\"Ich bitte um einen R\u00fcckruf.\" \/><span class=\"wpcf7-list-item-label\">L\u00fctfen beni ara.<\/span><\/label><\/span><\/span><\/span>\n\t\t\t<\/p>\n\t\t<\/div>\n\t<\/div>\n\t<div class=\"col-12\">\n\t\t<div class=\"\">\n\t\t\t<p><span class=\"wpcf7-form-control-wrap\" data-name=\"priacy\"><span class=\"wpcf7-form-control wpcf7-checkbox wpcf7-validates-as-required\"><span class=\"wpcf7-list-item first last\"><label><input type=\"checkbox\" name=\"priacy[]\" value=\"Ich erkl\u00e4re mich mit dem Datenschutz einverstanden*.\" \/><span class=\"wpcf7-list-item-label\">Gizlilik politikas\u0131n\u0131* kabul ediyorum.<\/span><\/label><\/span><\/span><\/span>\n\t\t\t<\/p>\n\t\t<\/div>\n\t<\/div>\n<\/div>\n<div class=\"cf7-cf-turnstile\" style=\"margin-top: 0px; margin-bottom: -15px;\"> <div id=\"cf-turnstile-cf7-3798525646\" class=\"cf-turnstile\" data-sitekey=\"0x4AAAAAAAVmoJqBun6Tj3PG\" data-theme=\"light\" data-language=\"auto\" data-size=\"\" data-retry=\"auto\" data-retry-interval=\"1000\" data-refresh-expired=\"auto\" data-refresh-timeout=\"auto\" data-action=\"contact-form-7\" data-callback=\"turnstileCF7Callback\" data-appearance=\"interaction-only\"><\/div> <script>document.addEventListener(\"DOMContentLoaded\", function() { setTimeout(function(){ var e=document.getElementById(\"cf-turnstile-cf7-3798525646\"); if(e&&!e.innerHTML.trim()){turnstile.render(e, {sitekey:\"0x4AAAAAAAVmoJqBun6Tj3PG\"});} }, 200); });<\/script> <style>#cf-turnstile-cf7-3798525646 iframe { margin-bottom: 15px; }<\/style> <style>#cf-turnstile-cf7-3798525646 { margin-left: -15px; }<\/style> <script>document.addEventListener(\"DOMContentLoaded\",function(){document.querySelectorAll('.wpcf7-form').forEach(function(e){e.addEventListener('submit',function(){if(document.getElementById('cf-turnstile-cf7-3798525646')){setTimeout(function(){turnstile.reset('#cf-turnstile-cf7-3798525646');},1000)}})})});<\/script> <\/div>\n<div class=\"row\">\n\t<div class=\"col-12 rm-margin\">\n\t\t<p><input class=\"wpcf7-form-control wpcf7-submit has-spinner btn\" type=\"submit\" value=\"G\u00f6nder\" \/>\n\t\t<\/p>\n\t<\/div>\n<\/div><div class=\"wpcf7-response-output\" aria-hidden=\"true\"><\/div>\n<input type=\"hidden\" name=\"trp-form-language\" value=\"tr\"\/><\/form>\n<\/div>\n        <\/div>\n    <\/div>\n<\/div><\/div><\/div><\/div><div class=\"vc_row-full-width vc_clearfix\"><\/div>\n<\/div>","protected":false},"excerpt":{"rendered":"Zimmerpflanzen als gr\u00fcne Wand Pflanzenfreund*innen aufgepasst! Seite August 2023 bietet unsere vertikale Innenraumbegr\u00fcnung mit unterschiedlichsten Zimmerpflanzen viele Vorteile wie unteranderem ein verbessertes Raumklima sowie einen enormen \u00e4sthetischen Mehrwert. Innenraumbegr\u00fcnung Hydrokulturen [...]","protected":false},"author":4,"featured_media":0,"parent":0,"menu_order":82,"comment_status":"closed","ping_status":"closed","template":"","meta":{"inline_featured_image":false,"_price":"","_stock":"","_tribe_ticket_header":"","_tribe_default_ticket_provider":"","_tribe_ticket_capacity":"0","_ticket_start_date":"","_ticket_end_date":"","_tribe_ticket_show_description":"","_tribe_ticket_show_not_going":false,"_tribe_ticket_use_global_stock":"","_tribe_ticket_global_stock_level":"","_global_stock_mode":"","_global_stock_cap":"","_tribe_rsvp_for_event":"","_tribe_ticket_going_count":"","_tribe_ticket_not_going_count":"","_tribe_tickets_list":"[]","_tribe_ticket_has_attendee_info_fields":false,"footnotes":"","_tec_slr_enabled":"","_tec_slr_layout":""},"class_list":["post-1846","page","type-page","status-publish","hentry"],"ticketed":false,"_links":{"self":[{"href":"https:\/\/johann-strauss-apotheke.at\/tr\/wp-json\/wp\/v2\/pages\/1846","targetHints":{"allow":["GET"]}}],"collection":[{"href":"https:\/\/johann-strauss-apotheke.at\/tr\/wp-json\/wp\/v2\/pages"}],"about":[{"href":"https:\/\/johann-strauss-apotheke.at\/tr\/wp-json\/wp\/v2\/types\/page"}],"author":[{"embeddable":true,"href":"https:\/\/johann-strauss-apotheke.at\/tr\/wp-json\/wp\/v2\/users\/4"}],"replies":[{"embeddable":true,"href":"https:\/\/johann-strauss-apotheke.at\/tr\/wp-json\/wp\/v2\/comments?post=1846"}],"version-history":[{"count":2,"href":"https:\/\/johann-strauss-apotheke.at\/tr\/wp-json\/wp\/v2\/pages\/1846\/revisions"}],"predecessor-version":[{"id":6807,"href":"https:\/\/johann-strauss-apotheke.at\/tr\/wp-json\/wp\/v2\/pages\/1846\/revisions\/6807"}],"wp:attachment":[{"href":"https:\/\/johann-strauss-apotheke.at\/tr\/wp-json\/wp\/v2\/media?parent=1846"}],"curies":[{"name":"wp","href":"https:\/\/api.w.org\/{rel}","templated":true}]}}