{"id":2077,"date":"2023-10-15T18:49:33","date_gmt":"2023-10-15T16:49:33","guid":{"rendered":"https:\/\/johann-strauss-apotheke.at\/?page_id=2077"},"modified":"2026-05-10T21:03:11","modified_gmt":"2026-05-10T19:03:11","slug":"hiv-hizli-test","status":"publish","type":"page","link":"https:\/\/johann-strauss-apotheke.at\/tr\/hiv-std\/hiv-schnelltest\/","title":{"rendered":"HIV h\u0131zl\u0131 testi"},"content":{"rendered":"<div class=\"wpb-content-wrapper\"><div data-vc-full-width=\"true\" data-vc-full-width-temp=\"true\" data-vc-full-width-init=\"false\" class=\"vc_row wpb_row vc_row-fluid box-center vc_custom_1713276032680 bg-image-ps-inherit\"><div class=\"wpb_column vc_column_container vc_col-sm-12 vc_col-lg-7 vc_col-md-7\"><div class=\"vc_column-inner\"><div class=\"wpb_wrapper\">\n\t<div class=\"wpb_text_column wpb_content_element text-center\" >\n\t\t<div class=\"wpb_wrapper\">\n\t\t\t<h1 style=\"text-align: center;\">HIV h\u0131zl\u0131 testi - basit ve g\u00fcvenli<\/h1>\n<p style=\"text-align: center;\">Mevcut HIV durumunuzu biliyor musunuz? G\u00fcvenilir kendi kendine testlerimizle, kendi evinizin rahatl\u0131\u011f\u0131nda h\u0131zl\u0131 ve gizli bir \u015fekilde kesinlik elde edebilirsiniz. Bu <a href=\"https:\/\/www.ratiopharm.at\/produkte\/weitere-produkte\/autotest-vihr-ratiopharm.html#:~:text=Der%20autotest%20VIH%C2%AE%20ratiopharm,eine%20HIV%2DInfektion%20sicher%20ausschlie%C3%9Fen.\" rel=\"nofollow noopener\" target=\"_blank\">ratiopharm'dan HIV kabuk testi<\/a> h\u0131zl\u0131 kesinlik i\u00e7in.<\/p>\n\n\t\t<\/div>\n\t<\/div>\n\n\t<div  class=\"wpb_single_image wpb_content_element vc_align_left wpb_content_element  svg-blatt inherit inherit\">\n\t\t\n\t\t<figure class=\"wpb_wrapper vc_figure\">\n\t\t\t<div class=\"vc_single_image-wrapper default  vc_box_border_grey\"><img decoding=\"async\" width=\"1\" height=\"1\" src=\"https:\/\/johann-strauss-apotheke.at\/wp-content\/uploads\/2023\/06\/blatt.svg\" class=\"vc_single_image-img attachment-full\" alt=\"\" title=\"sayfa svg\" \/><\/div>\n\t\t<\/figure>\n\t<\/div>\n<\/div><\/div><\/div><\/div><div class=\"vc_row-full-width vc_clearfix\"><\/div><div data-vc-full-width=\"true\" data-vc-full-width-temp=\"true\" data-vc-full-width-init=\"false\" class=\"vc_row wpb_row vc_row-fluid vc_custom_1689744599290 vc_row-has-fill bg-image-ps-inherit\"><div class=\"wpb_column vc_column_container vc_col-sm-12 vc_col-lg-8 vc_col-md-8\"><div class=\"vc_column-inner vc_custom_1689744602898\"><div class=\"wpb_wrapper\">\n\t<div class=\"wpb_text_column wpb_content_element\" >\n\t\t<div class=\"wpb_wrapper\">\n\t\t\t<h2>HIV h\u0131zl\u0131 testi - g\u00fcvenlik ve \u00f6nleme<\/h2>\n<p>HIV durumunuzu kontrol edin ve \u00f6nlemeye katk\u0131da bulunun.<\/p>\n<p>2018 y\u0131l\u0131ndan bu yana, kendi kendine test i\u00e7in CE sertifikal\u0131 HIV testleri Avusturya'daki kamu eczaneleri taraf\u0131ndan sat\u0131labilmektedir. Eczanemizden evde kullan\u0131m i\u00e7in g\u00fcvenilir bir HIV h\u0131zl\u0131 testi temin edebilirsiniz.<\/p>\n<p>HIV h\u0131zl\u0131 testi hakk\u0131ndaki en \u00f6nemli bilgileri sizin i\u00e7in \u00f6zetledik. Ba\u015fka sorular\u0131n\u0131z olursa, size yerinde veya telefonla bilgi vermekten memnuniyet duyar\u0131z.<\/p>\n<p>Ayr\u0131nt\u0131l\u0131 kullan\u0131m talimatlar\u0131 <a href=\"https:\/\/aids.at\/tests-und-beratung\/infoseite-hiv-selbsttest\/#hfaq-post-7723\" rel=\"nofollow noopener\" target=\"_blank\">burada bulabilirsiniz<\/a>. HIV konusunda daha fazla bilgiye \u015fu adresten ula\u015fabilirsiniz <a href=\"https:\/\/johann-strauss-apotheke.at\/tr\/hiv-std\/\">buray\u0131 okuyun<\/a>.<\/p>\n\n\t\t<\/div>\n\t<\/div>\n<\/div><\/div><\/div><div class=\"wpb_column vc_column_container vc_col-sm-12 vc_col-lg-4 vc_col-md-4 vc_col-has-fill\"><div class=\"vc_column-inner vc_custom_1754752836439\"><div class=\"wpb_wrapper\">\n\t<div  class=\"wpb_single_image wpb_content_element vc_align_left wpb_content_element vc_custom_1754753078766 image_align_xs_center inherit\">\n\t\t\n\t\t<figure class=\"wpb_wrapper vc_figure\">\n\t\t\t<div class=\"vc_single_image-wrapper default  vc_box_border_grey\"><img decoding=\"async\" width=\"600\" height=\"706\" src=\"https:\/\/johann-strauss-apotheke.at\/wp-content\/uploads\/2025\/08\/hiv.jpg\" class=\"vc_single_image-img attachment-full\" alt=\"HIV h\u0131zl\u0131 testi konusunda HIV d\u00f6ng\u00fcs\u00fc.\" title=\"\u00a9 Canva\" \/><\/div>\n\t\t<\/figure>\n\t<\/div>\n<\/div><\/div><\/div><\/div><div class=\"vc_row-full-width vc_clearfix\"><\/div><div data-vc-full-width=\"true\" data-vc-full-width-temp=\"true\" data-vc-full-width-init=\"false\" class=\"vc_row wpb_row vc_row-fluid vc_custom_1686816998570 vc_row-o-equal-height vc_row-flex bg-image-ps-inherit\"><div class=\"wpb_column vc_column_container vc_col-sm-12 vc_col-lg-4 vc_col-md-4\"><div class=\"vc_column-inner vc_custom_1754752845557\"><div class=\"wpb_wrapper\">\n\t<div  class=\"wpb_single_image wpb_content_element vc_align_right wpb_content_element vc_custom_1754753125000 image_align_xs_center inherit\">\n\t\t\n\t\t<figure class=\"wpb_wrapper vc_figure\">\n\t\t\t<div class=\"vc_single_image-wrapper default  vc_box_border_grey\"><img decoding=\"async\" width=\"600\" height=\"706\" src=\"https:\/\/johann-strauss-apotheke.at\/wp-content\/uploads\/2025\/08\/hiv-schnelltest.jpg\" class=\"vc_single_image-img attachment-full\" alt=\"Resimde mavi lateks eldivenli ve elinde HIV h\u0131zl\u0131 testi tutan bir ki\u015fi g\u00f6r\u00fclmektedir.\" title=\"\u00a9 Canva\" \/><\/div>\n\t\t<\/figure>\n\t<\/div>\n<\/div><\/div><\/div><div class=\"wpb_column vc_column_container vc_col-sm-12 vc_col-lg-8 vc_col-md-8 vc_col-has-fill\"><div class=\"vc_column-inner vc_custom_1689744615744\"><div class=\"wpb_wrapper\">\n\t<div class=\"wpb_text_column wpb_content_element\" >\n\t\t<div class=\"wpb_wrapper\">\n\t\t\t<h2>HIV h\u0131zl\u0131 testi hakk\u0131nda s\u0131k\u00e7a sorulan sorular<\/h2>\n<h3>HIV h\u0131zl\u0131 testleri g\u00fcvenilir midir?<\/h3>\n<p>Hi\u00e7bir HIV h\u0131zl\u0131 testi 0 % kesinlik sunmaz. Yanl\u0131\u015f pozitif sonu\u00e7lar (yanl\u0131\u015fl\u0131kla pozitif olarak g\u00f6r\u00fcnt\u00fclenen HIV negatif numuneler) m\u00fcmk\u00fcnd\u00fcr. Yanl\u0131\u015f saklama veya son kullanma tarihinin ge\u00e7mi\u015f olmas\u0131 sonu\u00e7lar\u0131 etkileyebilir.<\/p>\n<h3>H\u0131zl\u0131 HIV testini nas\u0131l do\u011fru kullanabilirim?<\/h3>\n<p>Piyasada \u00e7e\u015fitli kendi kendine testler bulunmaktad\u0131r. Tam uygulama i\u00e7in l\u00fctfen paket bro\u015f\u00fcr\u00fcne bak\u0131n. Herhangi bir sorunuz varsa, size yerinde \u015fahsen tavsiyede bulunmaktan memnuniyet duyar\u0131z.<\/p>\n<h3>Test sonucu reaktif \u00e7\u0131karsa ne yapmal\u0131?<\/h3>\n<p>Reaktif bir sonu\u00e7 iki \u00e7izgi g\u00f6sterir (kontrol ve test \u00e7izgisi), bu nedenle test \u00e7izgisi farkl\u0131 \u015fekilde telaffuz edilebilir. Yanl\u0131\u015f pozitif sonu\u00e7lar da ortaya \u00e7\u0131kt\u0131\u011f\u0131 i\u00e7in h\u0131zl\u0131 test tek ba\u015f\u0131na yeterli de\u011fildir. Ek bir HIV antijen\/antikor testi yap\u0131lmas\u0131 \u00f6nerilir. Bu testin pozitif \u00e7\u0131kmas\u0131 HIV enfeksiyonuna i\u015faret eder. Bu durumda eyaletinizdeki AIDS hizmet kurulu\u015funa ba\u015fvurun.<\/p>\n<h3>Negatif test sonucu ne anlama gelir?<\/h3>\n<p>Negatif sonu\u00e7 sadece son 3 ay i\u00e7inde HIV riski yoksa ve test do\u011fru bir \u015fekilde yap\u0131lm\u0131\u015fsa g\u00fcvenilirdir. Son 12 hafta i\u00e7indeki riskler h\u0131zl\u0131 test taraf\u0131ndan tespit edilmez. Bu durumda test 12 hafta sonra tekrarlanmal\u0131 veya HIV antijen\/antikor testi yap\u0131lmal\u0131d\u0131r.<\/p>\n<h3>Testi do\u011fru kullan\u0131p kullanmad\u0131\u011f\u0131m\u0131 nas\u0131l bilebilirim?<\/h3>\n<p>Bekleme s\u00fcresi boyunca renkli bir kontrol \u00e7izgisi g\u00f6r\u00fcnmelidir. Bu \u00e7izgi yoksa, test do\u011fru kullan\u0131lmam\u0131\u015f veya ar\u0131zal\u0131d\u0131r. B\u00f6yle bir durumda test tekrarlanmal\u0131d\u0131r. Alternatif olarak, netle\u015ftirme i\u00e7in bir HIV antijen\/antikor testi kullan\u0131labilir.<\/p>\n\n\t\t<\/div>\n\t<\/div>\n<\/div><\/div><\/div><\/div><div class=\"vc_row-full-width vc_clearfix\"><\/div><div data-vc-full-width=\"true\" data-vc-full-width-temp=\"true\" data-vc-full-width-init=\"false\" class=\"vc_row wpb_row vc_row-fluid vc_custom_1689744599290 vc_row-has-fill bg-image-ps-inherit\"><div class=\"wpb_column vc_column_container vc_col-sm-12 vc_col-lg-8 vc_col-md-8\"><div class=\"vc_column-inner vc_custom_1689744602898\"><div class=\"wpb_wrapper\">\n\t<div class=\"wpb_text_column wpb_content_element\" >\n\t\t<div class=\"wpb_wrapper\">\n\t\t\t<h2>ratiopharm'dan h\u0131zl\u0131 HIV testi - autotest VIH\u00ae<\/h2>\n<p>Autotest VIH\u00ae Johann Strauss eczanesinden re\u00e7etesiz olarak temin edilebilir ve fiyat\u0131 31,00 \u20ac'dur. Bu g\u00fcvenilir h\u0131zl\u0131 HIV testi ile evde gizlice test yapabilir ve olas\u0131 bir HIV enfeksiyonunu erken bir a\u015famada tan\u0131yabilirsiniz. Test i\u00e7in sadece bir damla kan gerekir - \u015feker hastalar\u0131n\u0131n kan \u015fekeri seviyelerini \u00f6l\u00e7mek i\u00e7in ihtiya\u00e7 duyduklar\u0131 miktarla kar\u015f\u0131la\u015ft\u0131r\u0131labilir.<\/p>\n<p>Autotest VIH\u00ae bir antikor testidir ve antikorlar ancak bu s\u00fcreden sonra olu\u015ftu\u011fu i\u00e7in son riskli temastan 12 hafta sonra g\u00fcvenilir bir sonu\u00e7 verir. Daha erken bir test kesin olmayan, negatif bir sonuca yol a\u00e7abilir.<\/p>\n<p>Test sonucu pozitif \u00e7\u0131karsa, sonucu do\u011frulamak i\u00e7in laboratuvarda bir do\u011frulama testi yap\u0131lmas\u0131 gerekir. Burada a\u015fa\u011f\u0131dakileri bulabilirsiniz <a href=\"https:\/\/www.ratiopharm.de\/assets\/products\/de\/howto\/Gebrauchsanweisung_autotest%20VIH%C2%AE.pdf?pzn=13965199#:~:text=Stecken%20Sie%20die%20Verd%C3%BCnnungsl%C3%B6sung%20C,mit%20dem%20Finger%20nach%20unten.&amp;text=Folienbeutel%20A%20AH%20AH%20HV,der%20Verd%C3%BCnnungsl%C3%B6sung%20C%20zu%20durchstechen.\" target=\"_blank\" rel=\"noopener nofollow\">Ger\u00e7ekle\u015ftirme i\u00e7in talimatlar<\/a> .. <b>otomatik test VIH<sup>\u00ae<\/sup><\/b> ratiopharm'dan.<\/p>\n<div class=\"textmedia__header textmedia__header--0\">\n<div class=\"group\/conversation-turn relative flex w-full min-w-0 flex-col agent-turn\">\n<div class=\"flex-col gap-1 md:gap-3\">\n<div class=\"flex max-w-full flex-col flex-grow\">\n<div class=\"min-h-8 text-message flex w-full flex-col items-end gap-2 whitespace-normal break-words text-start &#091;.text-message+&amp;&#093;:mt-5\" dir=\"auto\" data-message-author-role=\"assistant\" data-message-id=\"6f38caf1-a9f4-4f90-a6e1-975b96d5d01d\" data-message-model-slug=\"gpt-4o\">\n<div class=\"flex w-full flex-col gap-1 empty:hidden first:pt-&#091;3px&#093;\">\n<div class=\"markdown prose w-full break-words dark:prose-invert light\">\n<h2>G\u00fcvenli\u011finiz ve kesinli\u011finiz i\u00e7in h\u0131zl\u0131 HIV testi<\/h2>\n<ul>\n<li>Parmak ucundan al\u0131nan bir damla kan ile basit kendi kendine test<\/li>\n<li>Test s\u00fcresi: yakla\u015f\u0131k 5 dakika<\/li>\n<li>Sadece 15 dakika i\u00e7inde sonu\u00e7 al\u0131nabilir<\/li>\n<li>Son riskli temas en az 3 ay \u00f6nce ger\u00e7ekle\u015fmi\u015fse HIV enfeksiyonunun g\u00fcvenilir tespiti<\/li>\n<\/ul>\n<p>Ba\u015fvuru veya test sonu\u00e7lar\u0131 hakk\u0131nda herhangi bir sorunuz varsa, Aids Hilfe \u00d6sterreich \u00fccretsiz bir <strong>YARDIM HATTI<\/strong> alt\u0131nda <strong>0800 252289<\/strong>, uzman tavsiyesi alaca\u011f\u0131n\u0131z yer.<\/p>\n<\/div>\n<\/div>\n<\/div>\n<\/div>\n<\/div>\n<\/div>\n<\/div>\n\n\t\t<\/div>\n\t<\/div>\n<\/div><\/div><\/div><div class=\"wpb_column vc_column_container vc_col-sm-12 vc_col-lg-4 vc_col-md-4 vc_col-has-fill\"><div class=\"vc_column-inner vc_custom_1754752856908\"><div class=\"wpb_wrapper\">\n\t<div  class=\"wpb_single_image wpb_content_element vc_align_left wpb_content_element vc_custom_1754753173089 image_align_xs_center inherit\">\n\t\t\n\t\t<figure class=\"wpb_wrapper vc_figure\">\n\t\t\t<div class=\"vc_single_image-wrapper default  vc_box_border_grey\"><img decoding=\"async\" width=\"600\" height=\"706\" src=\"https:\/\/johann-strauss-apotheke.at\/wp-content\/uploads\/2025\/08\/autotest-VIH.jpg\" class=\"vc_single_image-img attachment-full\" alt=\"Resimde Ratiopharm&#039;\u0131n HIV h\u0131zl\u0131 testi autotest VIH g\u00f6sterilmektedir\" title=\"\u00a9 Ratiopharm\" \/><\/div>\n\t\t<\/figure>\n\t<\/div>\n<\/div><\/div><\/div><\/div><div class=\"vc_row-full-width vc_clearfix\"><\/div><div id=\"contact\" data-vc-full-width=\"true\" data-vc-full-width-temp=\"true\" data-vc-full-width-init=\"false\" data-vc-parallax=\"1.8\" class=\"vc_row wpb_row vc_row-fluid vc_custom_1687439461465 vc_row-has-fill vc_general vc_parallax vc_parallax-content-moving row-overlay bg-image-ps-inherit\"><div class=\"wpb_column vc_column_container vc_col-sm-6\"><div class=\"vc_column-inner vc_custom_1533033549183\"><div class=\"wpb_wrapper\"><div class=\"wpb_gmaps_widget wpb_content_element\"><div class=\"wpb_wrapper\"><div class=\"wpb_map_wraper\"> <div class=\"brlbs-cmpnt-container brlbs-cmpnt-content-blocker brlbs-cmpnt-with-individual-styles\" data-borlabs-cookie-content-blocker-id=\"google-maps\" data-borlabs-cookie-content=\"PGlmcmFtZSBzcmM9Imh0dHBzOi8vd3d3Lmdvb2dsZS5jb20vbWFwcy9lbWJlZD9wYj0hMW0xOCExbTEyITFtMyExZDI2NjAuMDI5ODgxNzQ2MzAzNSEyZDE2LjM2NjE4MzY3Njc5NjQwMyEzZDQ4LjE4Njc3NTc0NzczNDIhMm0zITFmMCEyZjAhM2YwITNtMiExaTEwMjQhMmk3NjghNGYxMy4xITNtMyExbTIhMXMweDQ3NmRhOWQ0ZjNjYmVjMTclM0EweDkyYTQ2ZjQ1ZmRmYTlhM2IhMnNKb2hhbm4tU3RyYXUlQzMlOUYtR2Fzc2UlMjAzMiUyQyUyMDEwNDAlMjBXaWVuITVlMCEzbTIhMXNkZSEyc2F0ITR2MTY4NjEzODA4OTExNyE1bTIhMXNkZSEyc2F0IiB3aWR0aD0iNjAwIiBoZWlnaHQ9IjU1MCIgc3R5bGU9ImJvcmRlcjowOyIgYWxsb3dmdWxsc2NyZWVuPSIiIGxvYWRpbmc9ImxhenkiIHJlZmVycmVycG9saWN5PSJuby1yZWZlcnJlci13aGVuLWRvd25ncmFkZSI+PC9pZnJhbWU+\"><div class=\"brlbs-cmpnt-cb-preset-b brlbs-cmpnt-cb-google-maps\"> <div class=\"brlbs-cmpnt-cb-thumbnail\" style=\"background-image: url('https:\/\/johann-strauss-apotheke.at\/wp-content\/uploads\/borlabs-cookie\/1\/brlbs-cb-google-maps-main.png')\"><\/div> <div class=\"brlbs-cmpnt-cb-main\"> <div class=\"brlbs-cmpnt-cb-content\"> <p class=\"brlbs-cmpnt-cb-description\">\u015eu anda bir yer tutucu i\u00e7eri\u011fi g\u00f6r\u00fcnt\u00fcl\u00fcyorsunuz <strong>Google Haritalar<\/strong>. As\u0131l i\u00e7eri\u011fe eri\u015fmek i\u00e7in a\u015fa\u011f\u0131daki d\u00fc\u011fmeyi t\u0131klay\u0131n. L\u00fctfen bunu yapt\u0131\u011f\u0131n\u0131zda \u00fc\u00e7\u00fcnc\u00fc taraf sa\u011flay\u0131c\u0131larla veri payla\u015faca\u011f\u0131n\u0131z\u0131 unutmay\u0131n.<\/p> <a class=\"brlbs-cmpnt-cb-provider-toggle\" href=\"#\" data-borlabs-cookie-show-provider-information role=\"button\">Daha Fazla Bilgi<\/a> <\/div> <div class=\"brlbs-cmpnt-cb-buttons\"> <a class=\"brlbs-cmpnt-cb-btn\" href=\"#\" data-borlabs-cookie-unblock role=\"button\">\u0130\u00e7erik engelini kald\u0131r\u0131n<\/a> <a class=\"brlbs-cmpnt-cb-btn\" href=\"#\" data-borlabs-cookie-accept-service role=\"button\" style=\"display: inherit\">Gerekli hizmeti kabul edin ve i\u00e7erik engelini kald\u0131r\u0131n<\/a> <\/div> <\/div> <\/div><\/div><\/div><\/div><\/div><\/div><\/div><\/div><div class=\"wpb_column vc_column_container vc_col-sm-6\"><div class=\"vc_column-inner vc_custom_1533033599033\"><div class=\"wpb_wrapper\"><div class=\"vc_empty_space\"   style=\"height: 10px\"><span class=\"vc_empty_space_inner\"><\/span><\/div><div id=\"ct-heading\" class=\"ct-heading align-left align-left-md align-left-sm align-left-xs\">\n            <style type=\"text\/css\">\n            @media (min-width: 991px) and (max-width: 1200px) {\n                #ct-heading .ct-heading-tag {\n                                            font-size: 30px !important;\n                                                        }\n            }\n        <\/style>\n    \n            <style type=\"text\/css\">\n            @media (min-width: 768px) and (max-width: 991px) {\n                #ct-heading .ct-heading-tag {\n                                            font-size: 30px !important;\n                                                        }\n            }\n        <\/style>\n    \n            <style type=\"text\/css\">\n            @media screen and (max-width: 767px) {\n                #ct-heading .ct-heading-tag {\n                                            font-size: 30px !important;\n                                                        }\n            }\n        <\/style>\n        \n        \n    <h3 class=\"ct-heading-tag\" style=\"margin-bottom:12px;font-size:30px;font-weight:600; \">\n                                    Bize ula\u015f\u0131n                                    <\/h3>\n\n    \n    <\/div><div class=\"vc_empty_space\"   style=\"height: 26px\"><span class=\"vc_empty_space_inner\"><\/span><\/div>    <div class=\"ct-contact-form-default   form-style1\">\n        <div class=\"ct-contact-form-inner\">\n            \n<div class=\"wpcf7 no-js\" id=\"wpcf7-f819-o1\" lang=\"en-US\" dir=\"ltr\" data-wpcf7-id=\"819\">\n<div class=\"screen-reader-response\"><p role=\"status\" aria-live=\"polite\" aria-atomic=\"true\"><\/p> <ul><\/ul><\/div>\n<form action=\"\/tr\/wp-json\/wp\/v2\/pages\/2077#wpcf7-f819-o1\" method=\"post\" class=\"wpcf7-form init\" aria-label=\"\u0130leti\u015fim formu\" novalidate=\"novalidate\" data-status=\"init\" data-trp-original-action=\"\/tr\/wp-json\/wp\/v2\/pages\/2077#wpcf7-f819-o1\">\n<fieldset class=\"hidden-fields-container\"><input type=\"hidden\" name=\"_wpcf7\" value=\"819\" \/><input type=\"hidden\" name=\"_wpcf7_version\" value=\"6.1.5\" \/><input type=\"hidden\" name=\"_wpcf7_locale\" value=\"en_US\" \/><input type=\"hidden\" name=\"_wpcf7_unit_tag\" value=\"wpcf7-f819-o1\" \/><input type=\"hidden\" name=\"_wpcf7_container_post\" value=\"0\" \/><input type=\"hidden\" name=\"_wpcf7_posted_data_hash\" value=\"\" \/>\n<\/fieldset>\n<div class=\"row\">\n\t<div class=\"col-sm-12 col-md-6 col-lg-6\">\n\t\t<div class=\"input-filled\">\n\t\t\t<p><span class=\"wpcf7-form-control-wrap\" data-name=\"firstname\"><input size=\"40\" maxlength=\"400\" class=\"wpcf7-form-control wpcf7-text wpcf7-validates-as-required\" aria-required=\"true\" aria-invalid=\"false\" placeholder=\"\u0130lk isim*\" value=\"\" type=\"text\" name=\"firstname\" \/><\/span>\n\t\t\t<\/p>\n\t\t<\/div>\n\t<\/div>\n\t<div class=\"col-sm-12 col-md-6 col-lg-6\">\n\t\t<div class=\"input-filled\">\n\t\t\t<p><span class=\"wpcf7-form-control-wrap\" data-name=\"lastname\"><input size=\"40\" maxlength=\"400\" class=\"wpcf7-form-control wpcf7-text wpcf7-validates-as-required\" aria-required=\"true\" aria-invalid=\"false\" placeholder=\"Soyad\u0131*\" value=\"\" type=\"text\" name=\"lastname\" \/><\/span>\n\t\t\t<\/p>\n\t\t<\/div>\n\t<\/div>\n<\/div>\n<div class=\"row\">\n\t<div class=\"col-sm-12 col-md-6 col-lg-6\">\n\t\t<div class=\"input-filled\">\n\t\t\t<p><span class=\"wpcf7-form-control-wrap\" data-name=\"email\"><input size=\"40\" maxlength=\"400\" class=\"wpcf7-form-control wpcf7-email wpcf7-validates-as-required wpcf7-text wpcf7-validates-as-email\" aria-required=\"true\" aria-invalid=\"false\" placeholder=\"E-posta adresi*\" value=\"\" type=\"email\" name=\"email\" \/><\/span>\n\t\t\t<\/p>\n\t\t<\/div>\n\t<\/div>\n\t<div class=\"col-sm-12 col-md-6 col-lg-6\">\n\t\t<div class=\"input-filled\">\n\t\t\t<p><span class=\"wpcf7-form-control-wrap\" data-name=\"phone\"><input size=\"40\" maxlength=\"400\" class=\"wpcf7-form-control wpcf7-tel wpcf7-validates-as-required wpcf7-text wpcf7-validates-as-tel\" aria-required=\"true\" aria-invalid=\"false\" placeholder=\"Telefon numaras\u0131*\" value=\"\" type=\"tel\" name=\"phone\" \/><\/span>\n\t\t\t<\/p>\n\t\t<\/div>\n\t<\/div>\n<\/div>\n<div class=\"row\">\n\t<div class=\"col-12\">\n\t\t<div class=\"input-filled\">\n\t\t\t<p><span class=\"wpcf7-form-control-wrap\" data-name=\"message\"><textarea cols=\"40\" rows=\"10\" maxlength=\"2000\" class=\"wpcf7-form-control wpcf7-textarea wpcf7-validates-as-required\" aria-required=\"true\" aria-invalid=\"false\" placeholder=\"Mesaj*\" name=\"message\"><\/textarea><\/span>\n\t\t\t<\/p>\n\t\t<\/div>\n\t<\/div>\n<\/div>\n<div class=\"row\">\n\t<div class=\"col-12\">\n\t\t<div class=\"\">\n\t\t\t<p><span class=\"wpcf7-form-control-wrap\" data-name=\"call\"><span class=\"wpcf7-form-control wpcf7-checkbox\"><span class=\"wpcf7-list-item first last\"><label><input type=\"checkbox\" name=\"call[]\" value=\"Ich bitte um einen R\u00fcckruf.\" \/><span class=\"wpcf7-list-item-label\">L\u00fctfen beni ara.<\/span><\/label><\/span><\/span><\/span>\n\t\t\t<\/p>\n\t\t<\/div>\n\t<\/div>\n\t<div class=\"col-12\">\n\t\t<div class=\"\">\n\t\t\t<p><span class=\"wpcf7-form-control-wrap\" data-name=\"priacy\"><span class=\"wpcf7-form-control wpcf7-checkbox wpcf7-validates-as-required\"><span class=\"wpcf7-list-item first last\"><label><input type=\"checkbox\" name=\"priacy[]\" value=\"Ich erkl\u00e4re mich mit dem Datenschutz einverstanden*.\" \/><span class=\"wpcf7-list-item-label\">Gizlilik politikas\u0131n\u0131* kabul ediyorum.<\/span><\/label><\/span><\/span><\/span>\n\t\t\t<\/p>\n\t\t<\/div>\n\t<\/div>\n<\/div>\n<div class=\"cf7-cf-turnstile\" style=\"margin-top: 0px; margin-bottom: -15px;\"> <div id=\"cf-turnstile-cf7-566999334\" class=\"cf-turnstile\" data-sitekey=\"0x4AAAAAAAVmoJqBun6Tj3PG\" data-theme=\"light\" data-language=\"auto\" data-size=\"\" data-retry=\"auto\" data-retry-interval=\"1000\" data-refresh-expired=\"auto\" data-refresh-timeout=\"auto\" data-action=\"contact-form-7\" data-callback=\"turnstileCF7Callback\" data-appearance=\"interaction-only\"><\/div> <script>document.addEventListener(\"DOMContentLoaded\", function() { setTimeout(function(){ var e=document.getElementById(\"cf-turnstile-cf7-566999334\"); if(e&&!e.innerHTML.trim()){turnstile.render(e, {sitekey:\"0x4AAAAAAAVmoJqBun6Tj3PG\"});} }, 200); });<\/script> <style>#cf-turnstile-cf7-566999334 iframe { margin-bottom: 15px; }<\/style> <style>#cf-turnstile-cf7-566999334 { margin-left: -15px; }<\/style> <script>document.addEventListener(\"DOMContentLoaded\",function(){document.querySelectorAll('.wpcf7-form').forEach(function(e){e.addEventListener('submit',function(){if(document.getElementById('cf-turnstile-cf7-566999334')){setTimeout(function(){turnstile.reset('#cf-turnstile-cf7-566999334');},1000)}})})});<\/script> <\/div>\n<div class=\"row\">\n\t<div class=\"col-12 rm-margin\">\n\t\t<p><input class=\"wpcf7-form-control wpcf7-submit has-spinner btn\" type=\"submit\" value=\"G\u00f6nder\" \/>\n\t\t<\/p>\n\t<\/div>\n<\/div><div class=\"wpcf7-response-output\" aria-hidden=\"true\"><\/div>\n<input type=\"hidden\" name=\"trp-form-language\" value=\"tr\"\/><\/form>\n<\/div>\n        <\/div>\n    <\/div>\n<\/div><\/div><\/div><\/div><div class=\"vc_row-full-width vc_clearfix\"><\/div>\n<\/div>","protected":false},"excerpt":{"rendered":"HIV Schnelltest \u2013 Einfach und sicher Kennen Sie Ihren aktuellen HIV-Status? Mit unseren zuverl\u00e4ssigen Selbsttests k\u00f6nnen Sie schnell und diskret Gewissheit erlangen \u2013 bequem von zu Hause aus. Der HIV [...]","protected":false},"author":4,"featured_media":0,"parent":3082,"menu_order":5,"comment_status":"closed","ping_status":"closed","template":"","meta":{"inline_featured_image":false,"_price":"","_stock":"","_tribe_ticket_header":"","_tribe_default_ticket_provider":"","_tribe_ticket_capacity":"0","_ticket_start_date":"","_ticket_end_date":"","_tribe_ticket_show_description":"","_tribe_ticket_show_not_going":false,"_tribe_ticket_use_global_stock":"","_tribe_ticket_global_stock_level":"","_global_stock_mode":"","_global_stock_cap":"","_tribe_rsvp_for_event":"","_tribe_ticket_going_count":"","_tribe_ticket_not_going_count":"","_tribe_tickets_list":"[]","_tribe_ticket_has_attendee_info_fields":false,"footnotes":"","_tec_slr_enabled":"","_tec_slr_layout":""},"class_list":["post-2077","page","type-page","status-publish","hentry"],"rttpg_featured_image_url":null,"rttpg_author":{"display_name":"marketing@johann-strauss-apotheke.at","author_link":"https:\/\/johann-strauss-apotheke.at\/tr\/author\/marketingjohann-strauss-apotheke-at\/"},"rttpg_comment":0,"rttpg_category":null,"rttpg_excerpt":null,"ticketed":false,"_links":{"self":[{"href":"https:\/\/johann-strauss-apotheke.at\/tr\/wp-json\/wp\/v2\/pages\/2077","targetHints":{"allow":["GET"]}}],"collection":[{"href":"https:\/\/johann-strauss-apotheke.at\/tr\/wp-json\/wp\/v2\/pages"}],"about":[{"href":"https:\/\/johann-strauss-apotheke.at\/tr\/wp-json\/wp\/v2\/types\/page"}],"author":[{"embeddable":true,"href":"https:\/\/johann-strauss-apotheke.at\/tr\/wp-json\/wp\/v2\/users\/4"}],"replies":[{"embeddable":true,"href":"https:\/\/johann-strauss-apotheke.at\/tr\/wp-json\/wp\/v2\/comments?post=2077"}],"version-history":[{"count":17,"href":"https:\/\/johann-strauss-apotheke.at\/tr\/wp-json\/wp\/v2\/pages\/2077\/revisions"}],"predecessor-version":[{"id":7541,"href":"https:\/\/johann-strauss-apotheke.at\/tr\/wp-json\/wp\/v2\/pages\/2077\/revisions\/7541"}],"up":[{"embeddable":true,"href":"https:\/\/johann-strauss-apotheke.at\/tr\/wp-json\/wp\/v2\/pages\/3082"}],"wp:attachment":[{"href":"https:\/\/johann-strauss-apotheke.at\/tr\/wp-json\/wp\/v2\/media?parent=2077"}],"curies":[{"name":"wp","href":"https:\/\/api.w.org\/{rel}","templated":true}]}}