{"id":5140,"date":"2025-01-08T18:27:24","date_gmt":"2025-01-08T17:27:24","guid":{"rendered":"https:\/\/johann-strauss-apotheke.at\/?page_id=5140"},"modified":"2025-08-22T18:40:58","modified_gmt":"2025-08-22T16:40:58","slug":"indirmeler","status":"publish","type":"page","link":"https:\/\/johann-strauss-apotheke.at\/tr\/downloads\/","title":{"rendered":"\u0130ndirmeler"},"content":{"rendered":"<div class=\"wpb-content-wrapper\"><div class=\"vc_row wpb_row vc_row-fluid bg-image-ps-inherit\"><div class=\"wpb_column vc_column_container vc_col-sm-12\"><div class=\"vc_column-inner\"><div class=\"wpb_wrapper\">\n\t<div class=\"wpb_text_column wpb_content_element\" >\n\t\t<div class=\"wpb_wrapper\">\n\t\t\t<h1>\u0130ndirmeler<\/h1>\n<p><strong>Hayat\u0131n\u0131z i\u00e7in \u00e7e\u015fitli i\u00e7erikler<\/strong> - Sa\u011fl\u0131k, esenlik ve queer konular\u0131nda \u00fccretsiz indirmeleri ke\u015ffedin. Basit, eri\u015filebilir ve de\u011ferli ilhamlarla dolu. \u0130htiyac\u0131n\u0131z olan bilgileri \u015fimdi al\u0131n!<\/p>\n<p><strong>Hayat\u0131n\u0131z i\u00e7in Farkl\u0131 \u0130\u00e7erikler<\/strong> - Sa\u011fl\u0131k, esenlik ve queer konular\u0131nda \u00fccretsiz indirmeleri ke\u015ffedin. Basit, eri\u015filebilir ve de\u011ferli i\u00e7g\u00f6r\u00fclerle dolu. Sizi g\u00fc\u00e7lendiren bilgileri \u015fimdi al\u0131n!<\/p>\n\n\t\t<\/div>\n\t<\/div>\n<\/div><\/div><\/div><\/div><div class=\"vc_row wpb_row vc_row-fluid vc_custom_1736443523733 vc_row-has-fill bg-image-ps-inherit\"><div class=\"wpb_column vc_column_container vc_col-sm-6\"><div class=\"vc_column-inner\"><div class=\"wpb_wrapper\">\n\t<div class=\"wpb_text_column wpb_content_element\" >\n\t\t<div class=\"wpb_wrapper\">\n\t\t\t<p><strong>Hormon replasman tedavisi (HRT) g\u00f6ren trans* bireyler ve HIV pozitif m\u00fclteciler i\u00e7in rehber<\/strong><\/p>\n<p>Hormon Replasman Tedavisi (HRT) g\u00f6ren trans* bireyler ve HIV-pozitif m\u00fclteciler i\u00e7in rehber<\/p>\n<p><a href=\"https:\/\/johann-strauss-apotheke.at\/wp-content\/uploads\/2025\/01\/Zugang-zu-medizinischer-Unterstuetzung-fuer-trans-Personen_DE_online.docx\" target=\"_blank\" rel=\"noopener\">PDF'i \u015fimdi indirin<\/a> | <a href=\"https:\/\/johann-strauss-apotheke.at\/wp-content\/uploads\/2025\/01\/Access-to-medical-support-for-transgender-people_E_online.docx\" target=\"_blank\" rel=\"noopener\">PDF'i \u015fimdi indirin<\/a><\/p>\n\n\t\t<\/div>\n\t<\/div>\n<\/div><\/div><\/div><div class=\"wpb_column vc_column_container vc_col-sm-6\"><div class=\"vc_column-inner\"><div class=\"wpb_wrapper\">\n\t<div class=\"wpb_text_column wpb_content_element\" >\n\t\t<div class=\"wpb_wrapper\">\n\t\t\t<p><strong>Okula sa\u011fl\u0131kl\u0131 ve haz\u0131rl\u0131kl\u0131 bir ba\u015flang\u0131\u00e7 i\u00e7in \u00f6nemli eczane \u00fcr\u00fcnlerini i\u00e7eren kontrol listesi<\/strong><\/p>\n<p>Sa\u011fl\u0131kl\u0131 ve iyi haz\u0131rlanm\u0131\u015f bir okula d\u00f6n\u00fc\u015f ba\u015flang\u0131c\u0131 i\u00e7in gerekli eczane malzemelerinin kontrol listesi<\/p>\n<p><a href=\"https:\/\/johann-strauss-apotheke.at\/wp-content\/uploads\/2025\/08\/Schulstart_Check_Liste_DE.pdf\" target=\"_blank\" rel=\"noopener\">PDF'i \u015fimdi indirin<\/a> | <a href=\"https:\/\/johann-strauss-apotheke.at\/wp-content\/uploads\/2025\/08\/Schulstart_Check_Liste_E.pdf\" target=\"_blank\" rel=\"noopener\">PDF'i \u015fimdi indirin<\/a><\/p>\n\n\t\t<\/div>\n\t<\/div>\n<\/div><\/div><\/div><\/div>\n<\/div>","protected":false},"excerpt":{"rendered":"Downloads Vielf\u00e4ltige Inhalte f\u00fcr Ihr Leben \u2013 Entdecken Sie kostenlose Downloads zu Gesundheit, Wohlbefinden und queeren Themen. Einfach, zug\u00e4nglich und voller wertvoller Impulse. Holen Sie sich jetzt die Informationen, die [...]","protected":false},"author":4,"featured_media":0,"parent":0,"menu_order":80,"comment_status":"closed","ping_status":"closed","template":"","meta":{"inline_featured_image":false,"_price":"","_stock":"","_tribe_ticket_header":"","_tribe_default_ticket_provider":"","_tribe_ticket_capacity":"0","_ticket_start_date":"","_ticket_end_date":"","_tribe_ticket_show_description":"","_tribe_ticket_show_not_going":false,"_tribe_ticket_use_global_stock":"","_tribe_ticket_global_stock_level":"","_global_stock_mode":"","_global_stock_cap":"","_tribe_rsvp_for_event":"","_tribe_ticket_going_count":"","_tribe_ticket_not_going_count":"","_tribe_tickets_list":"[]","_tribe_ticket_has_attendee_info_fields":false,"footnotes":"","_tec_slr_enabled":"","_tec_slr_layout":""},"class_list":["post-5140","page","type-page","status-publish","hentry"],"ticketed":false,"_links":{"self":[{"href":"https:\/\/johann-strauss-apotheke.at\/tr\/wp-json\/wp\/v2\/pages\/5140","targetHints":{"allow":["GET"]}}],"collection":[{"href":"https:\/\/johann-strauss-apotheke.at\/tr\/wp-json\/wp\/v2\/pages"}],"about":[{"href":"https:\/\/johann-strauss-apotheke.at\/tr\/wp-json\/wp\/v2\/types\/page"}],"author":[{"embeddable":true,"href":"https:\/\/johann-strauss-apotheke.at\/tr\/wp-json\/wp\/v2\/users\/4"}],"replies":[{"embeddable":true,"href":"https:\/\/johann-strauss-apotheke.at\/tr\/wp-json\/wp\/v2\/comments?post=5140"}],"version-history":[{"count":14,"href":"https:\/\/johann-strauss-apotheke.at\/tr\/wp-json\/wp\/v2\/pages\/5140\/revisions"}],"predecessor-version":[{"id":6233,"href":"https:\/\/johann-strauss-apotheke.at\/tr\/wp-json\/wp\/v2\/pages\/5140\/revisions\/6233"}],"wp:attachment":[{"href":"https:\/\/johann-strauss-apotheke.at\/tr\/wp-json\/wp\/v2\/media?parent=5140"}],"curies":[{"name":"wp","href":"https:\/\/api.w.org\/{rel}","templated":true}]}}