{"id":5307,"date":"2025-02-21T22:11:48","date_gmt":"2025-02-21T21:11:48","guid":{"rendered":"https:\/\/johann-strauss-apotheke.at\/?page_id=5307"},"modified":"2026-01-15T12:21:16","modified_gmt":"2026-01-15T11:21:16","slug":"semi%cc%87ner-etki%cc%87nli%cc%87gi%cc%87","status":"publish","type":"page","link":"https:\/\/johann-strauss-apotheke.at\/tr\/produkte-services\/seminar-veranstaltung\/","title":{"rendered":"Seminer odas\u0131"},"content":{"rendered":"<div class=\"wpb-content-wrapper\"><div data-vc-full-width=\"true\" data-vc-full-width-temp=\"true\" data-vc-full-width-init=\"false\" class=\"vc_row wpb_row vc_row-fluid box-center vc_custom_1713274443125 bg-image-ps-inherit\"><div class=\"wpb_column vc_column_container vc_col-sm-12 vc_col-lg-8 vc_col-md-8\"><div class=\"vc_column-inner\"><div class=\"wpb_wrapper\">\n\t<div class=\"wpb_text_column wpb_content_element\" >\n\t\t<div class=\"wpb_wrapper\">\n\t\t\t<h1 style=\"text-align: center;\">Etkinlik ve seminer odan\u0131z<\/h1>\n<p style=\"text-align: center;\">\u0130\u00e7inde <a href=\"https:\/\/johann-strauss-apotheke.at\/tr\/\">Johann Strauss Eczanesi Viyana<\/a> \u015eehrin kalbindeki etkinlik merkezi size iyi donan\u0131ml\u0131 bir etkinlik alan\u0131 sunuyor - toplant\u0131lar, seminerler, e\u011fitim kurslar\u0131, \u00fcr\u00fcn sunumlar\u0131, konferanslar veya \u00f6zel etkinlikler i\u00e7in ideal bir yer. Bireysel ihtiya\u00e7lar\u0131n\u0131z i\u00e7in bu modern alan\u0131 kullan\u0131n. Bizimle ileti\u015fime ge\u00e7mekten \u00e7ekinmeyin - etkinli\u011finizin planlanmas\u0131 ve ger\u00e7ekle\u015ftirilmesinde size destek olaca\u011f\u0131z.<\/p>\n\n\t\t<\/div>\n\t<\/div>\n\n\t<div  class=\"wpb_single_image wpb_content_element vc_align_center wpb_content_element  svg-blatt inherit inherit\">\n\t\t\n\t\t<figure class=\"wpb_wrapper vc_figure\">\n\t\t\t<div class=\"vc_single_image-wrapper default  vc_box_border_grey\"><img decoding=\"async\" width=\"1\" height=\"1\" src=\"https:\/\/johann-strauss-apotheke.at\/wp-content\/uploads\/2023\/06\/blatt.svg\" class=\"vc_single_image-img attachment-full\" alt=\"\" title=\"sayfa svg\" \/><\/div>\n\t\t<\/figure>\n\t<\/div>\n<\/div><\/div><\/div><\/div><div class=\"vc_row-full-width vc_clearfix\"><\/div><div data-vc-full-width=\"true\" data-vc-full-width-temp=\"true\" data-vc-full-width-init=\"false\" class=\"vc_row wpb_row vc_row-fluid box-center vc_custom_1740172352096 vc_row-has-fill bg-image-ps-inherit\"><div class=\"wpb_column vc_column_container vc_col-sm-8 vc_col-lg-8 vc_col-md-8\"><div class=\"vc_column-inner vc_custom_1734107341745\"><div class=\"wpb_wrapper\">\n\t<div class=\"wpb_text_column wpb_content_element\" >\n\t\t<div class=\"wpb_wrapper\">\n\t\t\t<h2 data-start=\"526\" data-end=\"577\">Etkinli\u011finiz i\u00e7in m\u00fckemmel alan<\/h2>\n<p data-start=\"578\" data-end=\"862\">Bizim c\u00f6mert <strong data-start=\"596\" data-end=\"611\">Etkinlik alan\u0131<\/strong> i\u00e7in alan sunar <strong data-start=\"629\" data-end=\"651\">50 ki\u015fiye kadar<\/strong> i\u00e7inde <strong data-start=\"655\" data-end=\"673\">Sinema koltuklar\u0131<\/strong> ve verimli toplant\u0131lar ve e\u011fitim oturumlar\u0131 i\u00e7in m\u00fckemmel bir ortam yarat\u0131r. Alternatif olarak, bir resepsiyon veya a\u011f olu\u015fturma etkinli\u011fi planl\u0131yorsan\u0131z bar masalar\u0131 da mevcuttur.<\/p>\n<h3 data-start=\"864\" data-end=\"911\">Ba\u015far\u0131n\u0131z i\u00e7in modern ekipmanlar<\/h3>\n<p data-start=\"912\" data-end=\"1326\">B\u00f6ylece senin <strong>Etkinlik<\/strong> sorunsuz bir \u015fekilde, size profesyonel ekipman sa\u011fl\u0131yoruz:<\/p>\n<ul>\n<li data-start=\"912\" data-end=\"1326\"><strong data-start=\"1058\" data-end=\"1076\">Sinema koltuklar\u0131<\/strong> 50 ki\u015fiye kadar<\/li>\n<li data-start=\"912\" data-end=\"1326\"><strong>Gard\u0131rop<\/strong> misafirleriniz i\u00e7in<\/li>\n<li data-start=\"912\" data-end=\"1326\"><strong data-start=\"1104\" data-end=\"1118\">Bar masalar\u0131<\/strong> resepsiyon ve a\u011f olu\u015fturma i\u00e7in<\/li>\n<li data-start=\"912\" data-end=\"1326\"><strong data-start=\"1162\" data-end=\"1185\">Y\u00fcksek kaliteli teknoloji<\/strong>Projekt\u00f6r, mikrofon, hoparl\u00f6r, lazer i\u015faretleyici<\/li>\n<li data-start=\"912\" data-end=\"1326\"><strong>\u00dccretsiz<\/strong> Beyaz tahta ve pano<\/li>\n<li data-start=\"912\" data-end=\"1326\"><strong data-start=\"1223\" data-end=\"1249\">\u00dccretsiz kahve, \u00e7ay ve su<\/strong> t\u00fcm misafirler i\u00e7in<\/li>\n<li data-start=\"912\" data-end=\"1326\"><strong data-start=\"1269\" data-end=\"1285\">Alkols\u00fcz i\u00e7ecekler<\/strong> istek \u00fczerine (t\u00fcketime g\u00f6re \u00fccretlendirilir)<\/li>\n<\/ul>\n\n\t\t<\/div>\n\t<\/div>\n<\/div><\/div><\/div><div class=\"wpb_column vc_column_container vc_col-sm-4 vc_col-lg-4 vc_col-md-4\"><div class=\"vc_column-inner vc_custom_1734107234755\"><div class=\"wpb_wrapper\">\n\t<div  class=\"wpb_single_image wpb_content_element vc_align_right wpb_content_element inherit inherit\">\n\t\t\n\t\t<figure class=\"wpb_wrapper vc_figure\">\n\t\t\t<div class=\"vc_single_image-wrapper default  vc_box_border_grey\"><img decoding=\"async\" class=\"vc_single_image-img\" src=\"https:\/\/johann-strauss-apotheke.at\/wp-content\/uploads\/2025\/06\/Seminar-1.jpg\" width=\"600\" height=\"706\" alt=\"Resimde siyah tiyatro tarz\u0131 sandalyelerin bulundu\u011fu bir seminer odas\u0131 g\u00f6r\u00fcl\u00fcyor.\" title=\"\" \/><\/div>\n\t\t<\/figure>\n\t<\/div>\n<\/div><\/div><\/div><\/div><div class=\"vc_row-full-width vc_clearfix\"><\/div><div data-vc-full-width=\"true\" data-vc-full-width-temp=\"true\" data-vc-full-width-init=\"false\" class=\"vc_row wpb_row vc_row-fluid vc_custom_1734107246927 bg-image-ps-inherit\"><div class=\"wpb_column vc_column_container vc_col-sm-4\"><div class=\"vc_column-inner vc_custom_1734107252993\"><div class=\"wpb_wrapper\">\n\t<div  class=\"wpb_single_image wpb_content_element vc_align_left wpb_content_element inherit inherit\">\n\t\t\n\t\t<figure class=\"wpb_wrapper vc_figure\">\n\t\t\t<div class=\"vc_single_image-wrapper default  vc_box_border_grey\"><img decoding=\"async\" class=\"vc_single_image-img\" src=\"https:\/\/johann-strauss-apotheke.at\/wp-content\/uploads\/2025\/02\/Design-ohne-Titel-1.jpg\" width=\"600\" height=\"706\" alt=\"Eczanede seminer ve etkinlik alan\u0131\" title=\"\u00a9 Canva\" \/><\/div>\n\t\t<\/figure>\n\t<\/div>\n<\/div><\/div><\/div><div class=\"wpb_column vc_column_container vc_col-sm-8\"><div class=\"vc_column-inner vc_custom_1734107352664\"><div class=\"wpb_wrapper\">\n\t<div class=\"wpb_text_column wpb_content_element\" >\n\t\t<div class=\"wpb_wrapper\">\n\t\t\t<h2 data-start=\"1328\" data-end=\"1382\">\u00d6zel ekstra: misafirleriniz i\u00e7in hediye \u00e7antalar\u0131<\/h2>\n<p data-start=\"1328\" data-end=\"1382\">Misafirlerinize k\u00fc\u00e7\u00fck bir hediye vermek ister misiniz? \u0130stek \u00fczerine \u015funlar\u0131 sa\u011flayabiliriz <strong data-start=\"1478\" data-end=\"1504\">Y\u00fcksek kaliteli hediye \u00e7antalar\u0131<\/strong> se\u00e7ili \u00fcr\u00fcnlerle. Hediye \u00e7antas\u0131 ba\u015f\u0131na fiyat: <strong>\u20ac 5,50<\/strong><\/p>\n<h2 data-start=\"1582\" data-end=\"1618\">Misafirleriniz i\u00e7in yemek servisi<\/h2>\n<p data-start=\"1582\" data-end=\"1618\"><strong>Yemek ister misiniz?<\/strong> K\u00fc\u00e7\u00fck at\u0131\u015ft\u0131rmal\u0131klardan kapsaml\u0131 ikramlara kadar sizin i\u00e7in uygun yiyecek ve i\u00e7ecekleri organize etmekten mutluluk duyaca\u011f\u0131z. Sadece neye ihtiyac\u0131n\u0131z oldu\u011funu bize bildirin. Alternatif olarak, ihtiya\u00e7lar\u0131n\u0131z\u0131 kar\u015f\u0131layan bir restoranda sizin i\u00e7in bir masa rezerve edebiliriz.<\/p>\n<p data-start=\"1582\" data-end=\"1618\"><strong>\u0130kramlar\u0131n\u0131z i\u00e7in fikirler:<\/strong><\/p>\n<p data-start=\"1582\" data-end=\"1618\"><a href=\"https:\/\/www.veganwirtin.at\/wien\/veganes-catering-wien\/\" target=\"_blank\" rel=\"noopener nofollow\">Vegan ev sahibesi:<\/a> Lezzetli vegan lezzetler.<br \/>\n<a href=\"https:\/\/www.cafevitrine.at\/\" target=\"_blank\" rel=\"noopener nofollow\">Caf\u00e9 Vitrine:<\/a> Ev yap\u0131m\u0131 Polonyal\u0131 pierogi.<\/p>\n<h2 data-start=\"1809\" data-end=\"1865\">Etkinli\u011finiz i\u00e7in bireysel program<\/h2>\n<p data-start=\"1866\" data-end=\"2141\">Hala do\u011fru destekleyici program\u0131 m\u0131 ar\u0131yorsunuz? Etkinli\u011finiz i\u00e7in kozmetik e\u011fitimi, \u00fcr\u00fcn sunumlar\u0131 veya di\u011fer \u00f6zelle\u015ftirilmi\u015f i\u00e7eriklerle sizi desteklemekten mutluluk duyaca\u011f\u0131z. Bizimle ileti\u015fime ge\u00e7in ve birlikte \u00e7e\u015fitli bir program tasarlayal\u0131m!<\/p>\n\n\t\t<\/div>\n\t<\/div>\n<\/div><\/div><\/div><\/div><div class=\"vc_row-full-width vc_clearfix\"><\/div><div data-vc-full-width=\"true\" data-vc-full-width-temp=\"true\" data-vc-full-width-init=\"false\" class=\"vc_row wpb_row vc_row-fluid vc_custom_1740172360941 vc_row-has-fill bg-image-ps-inherit\"><div class=\"wpb_column vc_column_container vc_col-sm-8\"><div class=\"vc_column-inner vc_custom_1734107367073\"><div class=\"wpb_wrapper\">\n\t<div class=\"wpb_text_column wpb_content_element\" >\n\t\t<div class=\"wpb_wrapper\">\n\t\t\t<h2 data-start=\"0\" data-end=\"419\">\u015eimdi rezervasyon yap\u0131labilir<\/h2>\n<p data-start=\"0\" data-end=\"419\">Tercih etti\u011finiz tarihi zaman\u0131nda belirleyin ve profesyonel ve iyi donan\u0131ml\u0131 bir etkinlik salonundan yararlan\u0131n. \u0130ster seminer, toplant\u0131, e\u011fitim veya \u00f6zel bir etkinlik planl\u0131yor olun - size m\u00fckemmel bir konum sunuyoruz ve ger\u00e7ekle\u015ftirmenizde size destek olmaktan mutluluk duyaca\u011f\u0131z. Etkinli\u011finizi tam bir ba\u015far\u0131ya d\u00f6n\u00fc\u015ft\u00fcrmek i\u00e7in birlikte \u00e7al\u0131\u015fal\u0131m.<\/p>\n<h3>Seminer odas\u0131 kiralama<\/h3>\n<ul>\n<li><strong data-start=\"2201\" data-end=\"2214\">Yar\u0131m g\u00fcn:<\/strong> \u20ac 450<\/li>\n<\/ul>\n<p data-start=\"2249\" data-end=\"2338\"><strong>L\u00fctfen unutmay\u0131n:<\/strong> Oda g\u00fcn \u0131\u015f\u0131\u011f\u0131 almamaktad\u0131r ve engelsiz de\u011fildir. <a href=\"https:\/\/johann-strauss-apotheke.at\/tr\/eczane-vi%cc%87yana\/iletisim\/\">Bug\u00fcn bize ula\u015f\u0131n<\/a> - Sizi ve misafirlerinizi otelimizde a\u011f\u0131rlamak i\u00e7in sab\u0131rs\u0131zlan\u0131yoruz.<\/p>\n\n\t\t<\/div>\n\t<\/div>\n<\/div><\/div><\/div><div class=\"wpb_column vc_column_container vc_col-sm-4\"><div class=\"vc_column-inner vc_custom_1734107322654\"><div class=\"wpb_wrapper\">\n\t<div  class=\"wpb_single_image wpb_content_element vc_align_left wpb_content_element inherit inherit\">\n\t\t\n\t\t<figure class=\"wpb_wrapper vc_figure\">\n\t\t\t<div class=\"vc_single_image-wrapper default  vc_box_border_grey\"><img decoding=\"async\" class=\"vc_single_image-img\" src=\"https:\/\/johann-strauss-apotheke.at\/wp-content\/uploads\/2025\/06\/Seminar-2.jpg\" width=\"600\" height=\"706\" alt=\"Resimde siyah tiyatro tarz\u0131 sandalyelerin bulundu\u011fu bir seminer odas\u0131 g\u00f6r\u00fcl\u00fcyor.\" title=\"\" \/><\/div>\n\t\t<\/figure>\n\t<\/div>\n<\/div><\/div><\/div><\/div><div class=\"vc_row-full-width vc_clearfix\"><\/div><div data-vc-full-width=\"true\" data-vc-full-width-temp=\"true\" data-vc-full-width-init=\"false\" class=\"vc_row wpb_row vc_row-fluid vc_custom_1734107246927 bg-image-ps-inherit\"><div class=\"wpb_column vc_column_container vc_col-sm-4\"><div class=\"vc_column-inner vc_custom_1734107252993\"><div class=\"wpb_wrapper\">\n\t<div  class=\"wpb_single_image wpb_content_element vc_align_left wpb_content_element inherit inherit\">\n\t\t\n\t\t<figure class=\"wpb_wrapper vc_figure\">\n\t\t\t<div class=\"vc_single_image-wrapper default  vc_box_border_grey\"><img decoding=\"async\" class=\"vc_single_image-img\" src=\"https:\/\/johann-strauss-apotheke.at\/wp-content\/uploads\/2025\/02\/Design-ohne-Titel-2.jpg\" width=\"600\" height=\"706\" alt=\"Eczanede seminer ve etkinlik alan\u0131 rezervasyonu\" title=\"\u00a9 Canva\" \/><\/div>\n\t\t<\/figure>\n\t<\/div>\n<\/div><\/div><\/div><div class=\"wpb_column vc_column_container vc_col-sm-8\"><div class=\"vc_column-inner vc_custom_1734107352664\"><div class=\"wpb_wrapper\">\n\t<div class=\"wpb_text_column wpb_content_element\" >\n\t\t<div class=\"wpb_wrapper\">\n\t\t\t<h2 data-start=\"0\" data-end=\"74\">Etkinli\u011finiz i\u00e7in bize ula\u015f\u0131n<\/h2>\n<p data-start=\"76\" data-end=\"329\">Herhangi bir sorunuz var m\u0131 veya etkinlik odas\u0131n\u0131 kullanmak ister misiniz? <a href=\"https:\/\/johann-strauss-apotheke.at\/tr\/\">Johann Strauss Eczanesi Viyana<\/a> Bir sonraki etkinli\u011finiz veya semineriniz i\u00e7in? Hizmetinizdeyiz ve etkinli\u011finizi isteklerinize g\u00f6re d\u00fczenlemenize yard\u0131mc\u0131 olmaktan mutluluk duyaca\u011f\u0131z.<\/p>\n<p data-start=\"331\" data-end=\"424\"><strong>Sorular\u0131n\u0131z ve rezervasyonlar\u0131n\u0131z i\u00e7in bize \u015fu telefon numaras\u0131ndan ula\u015fabilirsiniz<\/strong><br data-start=\"399\" data-end=\"402\" \/>+43 1 505 2 164<\/p>\n<p data-start=\"426\" data-end=\"507\"><strong>Ya da bize bir e-posta g\u00f6nderin:<\/strong><br data-start=\"461\" data-end=\"464\" \/><a href=\"mailto:marketing@johann-strauss-apotheke.at\" rel=\"noopener\" data-start=\"469\" data-end=\"505\">office@johann-strauss-apotheke.at<\/a><\/p>\n<p data-start=\"509\" data-end=\"626\" data-is-last-node=\"\" data-is-only-node=\"\">Etkinli\u011finizi tam bir ba\u015far\u0131ya ula\u015ft\u0131rmak ve planlama konusunda size destek olmak i\u00e7in sab\u0131rs\u0131zlan\u0131yoruz.<\/p>\n\n\t\t<\/div>\n\t<\/div>\n<\/div><\/div><\/div><\/div><div class=\"vc_row-full-width vc_clearfix\"><\/div><div id=\"contact\" data-vc-full-width=\"true\" data-vc-full-width-temp=\"true\" data-vc-full-width-init=\"false\" data-vc-parallax=\"1.8\" class=\"vc_row wpb_row vc_row-fluid vc_custom_1687439461465 vc_row-has-fill vc_general vc_parallax vc_parallax-content-moving row-overlay bg-image-ps-inherit\"><div class=\"wpb_column vc_column_container vc_col-sm-6\"><div class=\"vc_column-inner vc_custom_1533033549183\"><div class=\"wpb_wrapper\"><div class=\"wpb_gmaps_widget wpb_content_element\"><div class=\"wpb_wrapper\"><div class=\"wpb_map_wraper\"> <div class=\"brlbs-cmpnt-container brlbs-cmpnt-content-blocker brlbs-cmpnt-with-individual-styles\" data-borlabs-cookie-content-blocker-id=\"google-maps\" data-borlabs-cookie-content=\"PGlmcmFtZSBzcmM9Imh0dHBzOi8vd3d3Lmdvb2dsZS5jb20vbWFwcy9lbWJlZD9wYj0hMW0xOCExbTEyITFtMyExZDI2NjAuMDI5ODgxNzQ2MzAzNSEyZDE2LjM2NjE4MzY3Njc5NjQwMyEzZDQ4LjE4Njc3NTc0NzczNDIhMm0zITFmMCEyZjAhM2YwITNtMiExaTEwMjQhMmk3NjghNGYxMy4xITNtMyExbTIhMXMweDQ3NmRhOWQ0ZjNjYmVjMTclM0EweDkyYTQ2ZjQ1ZmRmYTlhM2IhMnNKb2hhbm4tU3RyYXUlQzMlOUYtR2Fzc2UlMjAzMiUyQyUyMDEwNDAlMjBXaWVuITVlMCEzbTIhMXNkZSEyc2F0ITR2MTY4NjEzODA4OTExNyE1bTIhMXNkZSEyc2F0IiB3aWR0aD0iNjAwIiBoZWlnaHQ9IjU1MCIgc3R5bGU9ImJvcmRlcjowOyIgYWxsb3dmdWxsc2NyZWVuPSIiIGxvYWRpbmc9ImxhenkiIHJlZmVycmVycG9saWN5PSJuby1yZWZlcnJlci13aGVuLWRvd25ncmFkZSI+PC9pZnJhbWU+\"><div class=\"brlbs-cmpnt-cb-preset-b brlbs-cmpnt-cb-google-maps\"> <div class=\"brlbs-cmpnt-cb-thumbnail\" style=\"background-image: url('https:\/\/johann-strauss-apotheke.at\/wp-content\/uploads\/borlabs-cookie\/1\/brlbs-cb-google-maps-main.png')\"><\/div> <div class=\"brlbs-cmpnt-cb-main\"> <div class=\"brlbs-cmpnt-cb-content\"> <p class=\"brlbs-cmpnt-cb-description\">\u015eu anda bir yer tutucu i\u00e7eri\u011fi g\u00f6r\u00fcnt\u00fcl\u00fcyorsunuz <strong>Google Haritalar<\/strong>. As\u0131l i\u00e7eri\u011fe eri\u015fmek i\u00e7in a\u015fa\u011f\u0131daki d\u00fc\u011fmeyi t\u0131klay\u0131n. L\u00fctfen bunu yapt\u0131\u011f\u0131n\u0131zda \u00fc\u00e7\u00fcnc\u00fc taraf sa\u011flay\u0131c\u0131larla veri payla\u015faca\u011f\u0131n\u0131z\u0131 unutmay\u0131n.<\/p> <a class=\"brlbs-cmpnt-cb-provider-toggle\" href=\"#\" data-borlabs-cookie-show-provider-information role=\"button\">Daha Fazla Bilgi<\/a> <\/div> <div class=\"brlbs-cmpnt-cb-buttons\"> <a class=\"brlbs-cmpnt-cb-btn\" href=\"#\" data-borlabs-cookie-unblock role=\"button\">\u0130\u00e7erik engelini kald\u0131r\u0131n<\/a> <a class=\"brlbs-cmpnt-cb-btn\" href=\"#\" data-borlabs-cookie-accept-service role=\"button\" style=\"display: inherit\">Gerekli hizmeti kabul edin ve i\u00e7erik engelini kald\u0131r\u0131n<\/a> <\/div> <\/div> <\/div><\/div><\/div><\/div><\/div><\/div><\/div><\/div><div class=\"wpb_column vc_column_container vc_col-sm-6\"><div class=\"vc_column-inner vc_custom_1533033599033\"><div class=\"wpb_wrapper\"><div class=\"vc_empty_space\"   style=\"height: 10px\"><span class=\"vc_empty_space_inner\"><\/span><\/div><div id=\"ct-heading\" class=\"ct-heading align-left align-left-md align-left-sm align-left-xs\">\n            <style type=\"text\/css\">\n            @media (min-width: 991px) and (max-width: 1200px) {\n                #ct-heading .ct-heading-tag {\n                                            font-size: 30px !important;\n                                                        }\n            }\n        <\/style>\n    \n            <style type=\"text\/css\">\n            @media (min-width: 768px) and (max-width: 991px) {\n                #ct-heading .ct-heading-tag {\n                                            font-size: 30px !important;\n                                                        }\n            }\n        <\/style>\n    \n            <style type=\"text\/css\">\n            @media screen and (max-width: 767px) {\n                #ct-heading .ct-heading-tag {\n                                            font-size: 30px !important;\n                                                        }\n            }\n        <\/style>\n        \n        \n    <h3 class=\"ct-heading-tag\" style=\"margin-bottom:12px;font-size:30px;font-weight:600; \">\n                                    Bize ula\u015f\u0131n                                    <\/h3>\n\n    \n    <\/div><div class=\"vc_empty_space\"   style=\"height: 26px\"><span class=\"vc_empty_space_inner\"><\/span><\/div>    <div class=\"ct-contact-form-default   form-style1\">\n        <div class=\"ct-contact-form-inner\">\n            \n<div class=\"wpcf7 no-js\" id=\"wpcf7-f819-o1\" lang=\"en-US\" dir=\"ltr\" data-wpcf7-id=\"819\">\n<div class=\"screen-reader-response\"><p role=\"status\" aria-live=\"polite\" aria-atomic=\"true\"><\/p> <ul><\/ul><\/div>\n<form action=\"\/tr\/wp-json\/wp\/v2\/pages\/5307#wpcf7-f819-o1\" method=\"post\" class=\"wpcf7-form init\" aria-label=\"\u0130leti\u015fim formu\" novalidate=\"novalidate\" data-status=\"init\" data-trp-original-action=\"\/tr\/wp-json\/wp\/v2\/pages\/5307#wpcf7-f819-o1\">\n<fieldset class=\"hidden-fields-container\"><input type=\"hidden\" name=\"_wpcf7\" value=\"819\" \/><input type=\"hidden\" name=\"_wpcf7_version\" value=\"6.1.5\" \/><input type=\"hidden\" name=\"_wpcf7_locale\" value=\"en_US\" \/><input type=\"hidden\" name=\"_wpcf7_unit_tag\" value=\"wpcf7-f819-o1\" \/><input type=\"hidden\" name=\"_wpcf7_container_post\" value=\"0\" \/><input type=\"hidden\" name=\"_wpcf7_posted_data_hash\" value=\"\" \/>\n<\/fieldset>\n<div class=\"row\">\n\t<div class=\"col-sm-12 col-md-6 col-lg-6\">\n\t\t<div class=\"input-filled\">\n\t\t\t<p><span class=\"wpcf7-form-control-wrap\" data-name=\"firstname\"><input size=\"40\" maxlength=\"400\" class=\"wpcf7-form-control wpcf7-text wpcf7-validates-as-required\" aria-required=\"true\" aria-invalid=\"false\" placeholder=\"\u0130lk isim*\" value=\"\" type=\"text\" name=\"firstname\" \/><\/span>\n\t\t\t<\/p>\n\t\t<\/div>\n\t<\/div>\n\t<div class=\"col-sm-12 col-md-6 col-lg-6\">\n\t\t<div class=\"input-filled\">\n\t\t\t<p><span class=\"wpcf7-form-control-wrap\" data-name=\"lastname\"><input size=\"40\" maxlength=\"400\" class=\"wpcf7-form-control wpcf7-text wpcf7-validates-as-required\" aria-required=\"true\" aria-invalid=\"false\" placeholder=\"Soyad\u0131*\" value=\"\" type=\"text\" name=\"lastname\" \/><\/span>\n\t\t\t<\/p>\n\t\t<\/div>\n\t<\/div>\n<\/div>\n<div class=\"row\">\n\t<div class=\"col-sm-12 col-md-6 col-lg-6\">\n\t\t<div class=\"input-filled\">\n\t\t\t<p><span class=\"wpcf7-form-control-wrap\" data-name=\"email\"><input size=\"40\" maxlength=\"400\" class=\"wpcf7-form-control wpcf7-email wpcf7-validates-as-required wpcf7-text wpcf7-validates-as-email\" aria-required=\"true\" aria-invalid=\"false\" placeholder=\"E-posta adresi*\" value=\"\" type=\"email\" name=\"email\" \/><\/span>\n\t\t\t<\/p>\n\t\t<\/div>\n\t<\/div>\n\t<div class=\"col-sm-12 col-md-6 col-lg-6\">\n\t\t<div class=\"input-filled\">\n\t\t\t<p><span class=\"wpcf7-form-control-wrap\" data-name=\"phone\"><input size=\"40\" maxlength=\"400\" class=\"wpcf7-form-control wpcf7-tel wpcf7-validates-as-required wpcf7-text wpcf7-validates-as-tel\" aria-required=\"true\" aria-invalid=\"false\" placeholder=\"Telefon numaras\u0131*\" value=\"\" type=\"tel\" name=\"phone\" \/><\/span>\n\t\t\t<\/p>\n\t\t<\/div>\n\t<\/div>\n<\/div>\n<div class=\"row\">\n\t<div class=\"col-12\">\n\t\t<div class=\"input-filled\">\n\t\t\t<p><span class=\"wpcf7-form-control-wrap\" data-name=\"message\"><textarea cols=\"40\" rows=\"10\" maxlength=\"2000\" class=\"wpcf7-form-control wpcf7-textarea wpcf7-validates-as-required\" aria-required=\"true\" aria-invalid=\"false\" placeholder=\"Mesaj*\" name=\"message\"><\/textarea><\/span>\n\t\t\t<\/p>\n\t\t<\/div>\n\t<\/div>\n<\/div>\n<div class=\"row\">\n\t<div class=\"col-12\">\n\t\t<div class=\"\">\n\t\t\t<p><span class=\"wpcf7-form-control-wrap\" data-name=\"call\"><span class=\"wpcf7-form-control wpcf7-checkbox\"><span class=\"wpcf7-list-item first last\"><label><input type=\"checkbox\" name=\"call[]\" value=\"Ich bitte um einen R\u00fcckruf.\" \/><span class=\"wpcf7-list-item-label\">L\u00fctfen beni ara.<\/span><\/label><\/span><\/span><\/span>\n\t\t\t<\/p>\n\t\t<\/div>\n\t<\/div>\n\t<div class=\"col-12\">\n\t\t<div class=\"\">\n\t\t\t<p><span class=\"wpcf7-form-control-wrap\" data-name=\"priacy\"><span class=\"wpcf7-form-control wpcf7-checkbox wpcf7-validates-as-required\"><span class=\"wpcf7-list-item first last\"><label><input type=\"checkbox\" name=\"priacy[]\" value=\"Ich erkl\u00e4re mich mit dem Datenschutz einverstanden*.\" \/><span class=\"wpcf7-list-item-label\">Gizlilik politikas\u0131n\u0131* kabul ediyorum.<\/span><\/label><\/span><\/span><\/span>\n\t\t\t<\/p>\n\t\t<\/div>\n\t<\/div>\n<\/div>\n<div class=\"cf7-cf-turnstile\" style=\"margin-top: 0px; margin-bottom: -15px;\"> <div id=\"cf-turnstile-cf7-171072072\" class=\"cf-turnstile\" data-sitekey=\"0x4AAAAAAAVmoJqBun6Tj3PG\" data-theme=\"light\" data-language=\"auto\" data-size=\"\" data-retry=\"auto\" data-retry-interval=\"1000\" data-refresh-expired=\"auto\" data-refresh-timeout=\"auto\" data-action=\"contact-form-7\" data-callback=\"turnstileCF7Callback\" data-appearance=\"interaction-only\"><\/div> <script>document.addEventListener(\"DOMContentLoaded\", function() { setTimeout(function(){ var e=document.getElementById(\"cf-turnstile-cf7-171072072\"); if(e&&!e.innerHTML.trim()){turnstile.render(e, {sitekey:\"0x4AAAAAAAVmoJqBun6Tj3PG\"});} }, 200); });<\/script> <style>#cf-turnstile-cf7-171072072 iframe { margin-bottom: 15px; }<\/style> <style>#cf-turnstile-cf7-171072072 { margin-left: -15px; }<\/style> <script>document.addEventListener(\"DOMContentLoaded\",function(){document.querySelectorAll('.wpcf7-form').forEach(function(e){e.addEventListener('submit',function(){if(document.getElementById('cf-turnstile-cf7-171072072')){setTimeout(function(){turnstile.reset('#cf-turnstile-cf7-171072072');},1000)}})})});<\/script> <\/div>\n<div class=\"row\">\n\t<div class=\"col-12 rm-margin\">\n\t\t<p><input class=\"wpcf7-form-control wpcf7-submit has-spinner btn\" type=\"submit\" value=\"G\u00f6nder\" \/>\n\t\t<\/p>\n\t<\/div>\n<\/div><div class=\"wpcf7-response-output\" aria-hidden=\"true\"><\/div>\n<input type=\"hidden\" name=\"trp-form-language\" value=\"tr\"\/><\/form>\n<\/div>\n        <\/div>\n    <\/div>\n<\/div><\/div><\/div><\/div><div class=\"vc_row-full-width vc_clearfix\"><\/div>\n<\/div>","protected":false},"excerpt":{"rendered":"Ihr Veranstaltungs- und Seminarraum In der Johann Strauss Apotheke Wien steht Ihnen ein bestens ausgestatteter Veranstaltungsbereich zur Verf\u00fcgung \u2013 die ideale Location f\u00fcr Meetings, Seminare, Schulungen, Produktpr\u00e4sentationen, Vortr\u00e4ge oder exklusive [...]","protected":false},"author":4,"featured_media":5864,"parent":3173,"menu_order":2,"comment_status":"closed","ping_status":"closed","template":"","meta":{"inline_featured_image":false,"_price":"","_stock":"","_tribe_ticket_header":"","_tribe_default_ticket_provider":"","_tribe_ticket_capacity":"0","_ticket_start_date":"","_ticket_end_date":"","_tribe_ticket_show_description":"","_tribe_ticket_show_not_going":false,"_tribe_ticket_use_global_stock":"","_tribe_ticket_global_stock_level":"","_global_stock_mode":"","_global_stock_cap":"","_tribe_rsvp_for_event":"","_tribe_ticket_going_count":"","_tribe_ticket_not_going_count":"","_tribe_tickets_list":"[]","_tribe_ticket_has_attendee_info_fields":false,"footnotes":"","_tec_slr_enabled":"","_tec_slr_layout":""},"class_list":["post-5307","page","type-page","status-publish","has-post-thumbnail","hentry"],"ticketed":false,"_links":{"self":[{"href":"https:\/\/johann-strauss-apotheke.at\/tr\/wp-json\/wp\/v2\/pages\/5307","targetHints":{"allow":["GET"]}}],"collection":[{"href":"https:\/\/johann-strauss-apotheke.at\/tr\/wp-json\/wp\/v2\/pages"}],"about":[{"href":"https:\/\/johann-strauss-apotheke.at\/tr\/wp-json\/wp\/v2\/types\/page"}],"author":[{"embeddable":true,"href":"https:\/\/johann-strauss-apotheke.at\/tr\/wp-json\/wp\/v2\/users\/4"}],"replies":[{"embeddable":true,"href":"https:\/\/johann-strauss-apotheke.at\/tr\/wp-json\/wp\/v2\/comments?post=5307"}],"version-history":[{"count":15,"href":"https:\/\/johann-strauss-apotheke.at\/tr\/wp-json\/wp\/v2\/pages\/5307\/revisions"}],"predecessor-version":[{"id":6785,"href":"https:\/\/johann-strauss-apotheke.at\/tr\/wp-json\/wp\/v2\/pages\/5307\/revisions\/6785"}],"up":[{"embeddable":true,"href":"https:\/\/johann-strauss-apotheke.at\/tr\/wp-json\/wp\/v2\/pages\/3173"}],"wp:featuredmedia":[{"embeddable":true,"href":"https:\/\/johann-strauss-apotheke.at\/tr\/wp-json\/wp\/v2\/media\/5864"}],"wp:attachment":[{"href":"https:\/\/johann-strauss-apotheke.at\/tr\/wp-json\/wp\/v2\/media?parent=5307"}],"curies":[{"name":"wp","href":"https:\/\/api.w.org\/{rel}","templated":true}]}}