{"id":6584,"date":"2025-11-16T20:15:21","date_gmt":"2025-11-16T19:15:21","guid":{"rendered":"https:\/\/johann-strauss-apotheke.at\/?page_id=6584"},"modified":"2026-01-15T12:14:34","modified_gmt":"2026-01-15T11:14:34","slug":"hedi%cc%87ye-fi%cc%87ki%cc%87rleri%cc%87","status":"publish","type":"page","link":"https:\/\/johann-strauss-apotheke.at\/tr\/apotheke-wien\/geschenkideen\/","title":{"rendered":"Geschenkideen"},"content":{"rendered":"<div class=\"wpb-content-wrapper\"><div data-vc-full-width=\"true\" data-vc-full-width-temp=\"true\" data-vc-full-width-init=\"false\" class=\"vc_row wpb_row vc_row-fluid box-center vc_custom_1713274488565 bg-image-ps-inherit\"><div class=\"wpb_column vc_column_container vc_col-sm-12 vc_col-lg-8 vc_col-md-8\"><div class=\"vc_column-inner\"><div class=\"wpb_wrapper\">\n\t<div class=\"wpb_text_column wpb_content_element text-center\" >\n\t\t<div class=\"wpb_wrapper\">\n\t\t\t<h1 style=\"text-align: center;\">Eczaneden hediye fikirlerimiz<\/h1>\n<p style=\"text-align: center;\">Eczanemizde hediye olarak ideal olan bir\u00e7ok \u00fcr\u00fcn bulacaks\u0131n\u0131z. \u0130ster k\u00fc\u00e7\u00fck hediyeler, ister kendinizi iyi hissettirecek \u00f6zel \u00fcr\u00fcnler olsun - burada herkes i\u00e7in uygun bir \u015fey var.<\/p>\n\n\t\t<\/div>\n\t<\/div>\n\n\t<div  class=\"wpb_single_image wpb_content_element vc_align_center wpb_content_element  svg-blatt inherit inherit\">\n\t\t\n\t\t<figure class=\"wpb_wrapper vc_figure\">\n\t\t\t<div class=\"vc_single_image-wrapper default  vc_box_border_grey\"><img decoding=\"async\" width=\"1\" height=\"1\" src=\"https:\/\/johann-strauss-apotheke.at\/wp-content\/uploads\/2023\/06\/blatt.svg\" class=\"vc_single_image-img attachment-full\" alt=\"\" title=\"sayfa svg\" \/><\/div>\n\t\t<\/figure>\n\t<\/div>\n<\/div><\/div><\/div><\/div><div class=\"vc_row-full-width vc_clearfix\"><\/div><div data-vc-full-width=\"true\" data-vc-full-width-temp=\"true\" data-vc-full-width-init=\"false\" class=\"vc_row wpb_row vc_row-fluid vc_custom_1689743043816 vc_row-has-fill bg-image-ps-inherit\"><div class=\"wpb_column vc_column_container vc_col-sm-12 vc_col-lg-8 vc_col-md-8\"><div class=\"vc_column-inner vc_custom_1689743047440\"><div class=\"wpb_wrapper\">\n\t<div class=\"wpb_text_column wpb_content_element\" >\n\t\t<div class=\"wpb_wrapper\">\n\t\t\t<h2 data-start=\"599\" data-end=\"656\">Eczaneden gelen hediyeler neden \u00f6zeldir?<\/h2>\n<p data-start=\"658\" data-end=\"972\">Eczane \u00fcr\u00fcnlerinin kendine \u00f6zg\u00fc bir cazibesi vard\u0131r: kalite, sa\u011fl\u0131k ve bak\u0131m\u0131 temsil ederler. \u0130ster y\u00fcksek kaliteli \u00e7ay, ister do\u011fal bak\u0131m \u00fcr\u00fcnleri veya g\u00fcnl\u00fck ya\u015fam i\u00e7in k\u00fc\u00e7\u00fck yard\u0131mc\u0131lar olsun - bir\u00e7ok \u00fcr\u00fcn, \u00f6zellikle refah ve s\u00fcrd\u00fcr\u00fclebilirli\u011fe de\u011fer veren insanlar i\u00e7in m\u00fckemmel hediyelerdir.<\/p>\n<p data-start=\"974\" data-end=\"1274\">Bir ba\u015fka avantaj: Eczanede sadece \u00fcr\u00fcn de\u011fil, ayn\u0131 zamanda tavsiye de al\u0131rs\u0131n\u0131z. Bu, hediyenin al\u0131c\u0131n\u0131n ihtiya\u00e7lar\u0131n\u0131 kar\u015f\u0131layaca\u011f\u0131ndan emin olabilece\u011finiz anlam\u0131na gelir. Ayr\u0131ca, ba\u015fka bir yerde bulamayaca\u011f\u0131n\u0131z bir\u00e7ok sezonluk teklif, \u00f6zel markalar veya k\u00fc\u00e7\u00fck spesiyaliteler de vard\u0131r.<\/p>\n\n\t\t<\/div>\n\t<\/div>\n<\/div><\/div><\/div><div class=\"wpb_column vc_column_container vc_col-sm-12 vc_col-lg-4 vc_col-md-4 vc_col-has-fill\"><div class=\"vc_column-inner vc_custom_1718184140508\"><div class=\"wpb_wrapper\">\n\t<div  class=\"wpb_single_image wpb_content_element vc_align_left wpb_content_element vc_custom_1763320367202 image_align_xs_center inherit\">\n\t\t\n\t\t<figure class=\"wpb_wrapper vc_figure\">\n\t\t\t<div class=\"vc_single_image-wrapper default  vc_box_border_grey\"><img decoding=\"async\" class=\"vc_single_image-img\" src=\"https:\/\/johann-strauss-apotheke.at\/wp-content\/uploads\/2025\/11\/Geschenk-3.jpg\" width=\"600\" height=\"706\" alt=\"Johann Strauss Eczanesi&#039;nden hediye fikirleri\" title=\"\u00a9 Canva\" \/><\/div>\n\t\t<\/figure>\n\t<\/div>\n<\/div><\/div><\/div><\/div><div class=\"vc_row-full-width vc_clearfix\"><\/div><div data-vc-full-width=\"true\" data-vc-full-width-temp=\"true\" data-vc-full-width-init=\"false\" class=\"vc_row wpb_row vc_row-fluid vc_custom_1754758930824 bg-image-ps-inherit\"><div class=\"wpb_column vc_column_container vc_col-sm-12 vc_col-lg-4 vc_col-md-4 vc_col-has-fill\"><div class=\"vc_column-inner vc_custom_1718184140508\"><div class=\"wpb_wrapper\">\n\t<div  class=\"wpb_single_image wpb_content_element vc_align_left wpb_content_element vc_custom_1763320389168 image_align_xs_center inherit\">\n\t\t\n\t\t<figure class=\"wpb_wrapper vc_figure\">\n\t\t\t<div class=\"vc_single_image-wrapper default  vc_box_border_grey\"><img decoding=\"async\" class=\"vc_single_image-img\" src=\"https:\/\/johann-strauss-apotheke.at\/wp-content\/uploads\/2025\/11\/Geschenk-1.jpg\" width=\"600\" height=\"706\" alt=\"Johann Strauss Eczanesi&#039;nden hediye fikirleri\" title=\"\u00a9 Canva\" \/><\/div>\n\t\t<\/figure>\n\t<\/div>\n<\/div><\/div><\/div><div class=\"wpb_column vc_column_container vc_col-sm-12 vc_col-lg-8 vc_col-md-8\"><div class=\"vc_column-inner vc_custom_1689743047440\"><div class=\"wpb_wrapper\">\n\t<div class=\"wpb_text_column wpb_content_element\" >\n\t\t<div class=\"wpb_wrapper\">\n\t\t\t<h2 data-start=\"1281\" data-end=\"1330\">Her b\u00fct\u00e7eye uygun pop\u00fcler hediye fikirleri<\/h2>\n<p data-start=\"1332\" data-end=\"1481\">Eczaneden al\u0131nan bir\u00e7ok \u00fcr\u00fcn, hediyelerden y\u00fcksek kaliteli sa\u011fl\u0131kl\u0131 ya\u015fam hediyelerine kadar \u00e7e\u015fitli durumlar i\u00e7in uygundur. \u00d6zellikle pop\u00fcler olanlar<\/p>\n<ul>\n<li data-start=\"1485\" data-end=\"1569\">El kremleri, banyo katk\u0131 maddeleri, v\u00fccut losyonlar\u0131 veya kozmetik setleri gibi bak\u0131m \u00fcr\u00fcnleri<\/li>\n<li data-start=\"1572\" data-end=\"1640\">Rahatlat\u0131c\u0131 bitki \u00e7aylar\u0131 veya k\u0131\u015f \u00e7ay\u0131 kar\u0131\u015f\u0131mlar\u0131<\/li>\n<li data-start=\"1643\" data-end=\"1706\">Tatl\u0131 at\u0131\u015ft\u0131rmal\u0131klar, vitamin pastilleri veya y\u00fcksek kaliteli ballar<\/li>\n<li data-start=\"1709\" data-end=\"1784\">U\u00e7ucu ya\u011flar veya koku dif\u00fcz\u00f6rleri<\/li>\n<li data-start=\"1787\" data-end=\"1879\">So\u011fuk g\u00fcnler i\u00e7in \u00fcr\u00fcnler, \u00f6rne\u011fin s\u0131cak tutan sevimli oyuncaklar veya kuru ciltler i\u00e7in bak\u0131m \u00fcr\u00fcnleri<\/li>\n<\/ul>\n<p>\u0130ster pratik, ister rahatlat\u0131c\u0131 ya da \u00f6zellikle \u00f6zenli bir \u015fey ar\u0131yor olun - <a href=\"https:\/\/johann-strauss-apotheke.at\/tr\/\">Johann Strauss Eczanesi<\/a> her b\u00fct\u00e7eye uygun do\u011fru hediyeyi bulacaks\u0131n\u0131z.<\/p>\n\n\t\t<\/div>\n\t<\/div>\n<\/div><\/div><\/div><\/div><div class=\"vc_row-full-width vc_clearfix\"><\/div><div data-vc-full-width=\"true\" data-vc-full-width-temp=\"true\" data-vc-full-width-init=\"false\" class=\"vc_row wpb_row vc_row-fluid vc_custom_1689743043816 vc_row-has-fill bg-image-ps-inherit\"><div class=\"wpb_column vc_column_container vc_col-sm-12 vc_col-lg-8 vc_col-md-8\"><div class=\"vc_column-inner vc_custom_1689743047440\"><div class=\"wpb_wrapper\">\n\t<div class=\"wpb_text_column wpb_content_element\" >\n\t\t<div class=\"wpb_wrapper\">\n\t\t\t<h2 data-start=\"1886\" data-end=\"1933\">Eczaneden hediye fikirlerimiz<\/h2>\n<p data-start=\"204\" data-end=\"498\">\u0130ster k\u00fc\u00e7\u00fck hediyeler ister kendinizi iyi hissettirecek \u00f6zel \u00fcr\u00fcnler olsun, burada herkes i\u00e7in uygun bir \u015feyler var. Ayr\u0131ca sizin i\u00e7in ki\u015fiselle\u015ftirilmi\u015f hediye setleri haz\u0131rlamaktan da mutluluk duyar\u0131z. Ayr\u0131ca esnek bir hediye olarak m\u00fckemmel olan kuponlar da sunuyoruz: <a class=\"decorated-link\" href=\"https:\/\/johann-strauss-apotheke.at\/tr\/eczane-vi%cc%87yana\/kupon\/\" data-start=\"649\" data-end=\"688\">Kuponlar\u0131m\u0131z i\u00e7in buraya t\u0131klay\u0131n<\/a>.<\/p>\n<p data-start=\"1935\" data-end=\"2121\">\u0130\u015fte favori hediye fikirlerimizden baz\u0131lar\u0131:<\/p>\n<ul>\n<li data-start=\"1935\" data-end=\"2121\"><a href=\"https:\/\/www.dreberhardt.com\/\" target=\"_blank\" rel=\"noopener nofollow\">Dr Eberhardt'\u0131n<\/a> Koku ya\u011flar\u0131 ve hediye setleri<\/li>\n<li data-start=\"1935\" data-end=\"2121\">Bal \u00fcr\u00fcnleri <a href=\"https:\/\/wiener-bezirksimkerei.at\/\" target=\"_blank\" rel=\"noopener nofollow\">Viyana b\u00f6lgesi ar\u0131 kovan\u0131<\/a><\/li>\n<li data-start=\"1935\" data-end=\"2121\">\u00c7e\u015fitli tasar\u0131mlarda \u00e7ay fincanlar\u0131 <a href=\"https:\/\/www.sonnentor.com\/de-at\/\" target=\"_blank\" rel=\"noopener nofollow\">SONNENTOR\u00ae<\/a><\/li>\n<li data-start=\"1935\" data-end=\"2121\">Habibi \u00e7ocuklar i\u00e7in s\u0131cac\u0131k sevimli oyuncaklar<\/li>\n<li data-start=\"1935\" data-end=\"2121\">G\u00fczel kokulu mumlar<\/li>\n<li data-start=\"1935\" data-end=\"2121\">Reiter ar\u0131 kovan\u0131ndan \u00e7at\u0131rdayan mumlar<\/li>\n<li data-start=\"1935\" data-end=\"2121\">ve \u00e7ok daha fazlas\u0131...<\/li>\n<\/ul>\n<p>Ne se\u00e7erseniz se\u00e7in - eczanemizden alaca\u011f\u0131n\u0131z bir hediye ile sevdiklerinizi pratik, ki\u015fisel ve \u00f6zel bir \u015fekilde mutlu edebilirsiniz.<\/p>\n\n\t\t<\/div>\n\t<\/div>\n<\/div><\/div><\/div><div class=\"wpb_column vc_column_container vc_col-sm-12 vc_col-lg-4 vc_col-md-4 vc_col-has-fill\"><div class=\"vc_column-inner vc_custom_1718184140508\"><div class=\"wpb_wrapper\">\n\t<div  class=\"wpb_single_image wpb_content_element vc_align_left wpb_content_element vc_custom_1763320404201 image_align_xs_center inherit\">\n\t\t\n\t\t<figure class=\"wpb_wrapper vc_figure\">\n\t\t\t<div class=\"vc_single_image-wrapper default  vc_box_border_grey\"><img decoding=\"async\" class=\"vc_single_image-img\" src=\"https:\/\/johann-strauss-apotheke.at\/wp-content\/uploads\/2025\/11\/Geschenk-2.jpg\" width=\"600\" height=\"706\" alt=\"Johann Strauss Eczanesi&#039;nden hediye fikirleri\" title=\"\u00a9 Canva\" \/><\/div>\n\t\t<\/figure>\n\t<\/div>\n<\/div><\/div><\/div><\/div><div class=\"vc_row-full-width vc_clearfix\"><\/div><div id=\"contact\" data-vc-full-width=\"true\" data-vc-full-width-temp=\"true\" data-vc-full-width-init=\"false\" data-vc-parallax=\"1.8\" class=\"vc_row wpb_row vc_row-fluid vc_custom_1687439461465 vc_row-has-fill vc_general vc_parallax vc_parallax-content-moving row-overlay bg-image-ps-inherit\"><div class=\"wpb_column vc_column_container vc_col-sm-6\"><div class=\"vc_column-inner vc_custom_1533033549183\"><div class=\"wpb_wrapper\"><div class=\"wpb_gmaps_widget wpb_content_element\"><div class=\"wpb_wrapper\"><div class=\"wpb_map_wraper\"> <div class=\"brlbs-cmpnt-container brlbs-cmpnt-content-blocker brlbs-cmpnt-with-individual-styles\" data-borlabs-cookie-content-blocker-id=\"google-maps\" data-borlabs-cookie-content=\"PGlmcmFtZSBzcmM9Imh0dHBzOi8vd3d3Lmdvb2dsZS5jb20vbWFwcy9lbWJlZD9wYj0hMW0xOCExbTEyITFtMyExZDI2NjAuMDI5ODgxNzQ2MzAzNSEyZDE2LjM2NjE4MzY3Njc5NjQwMyEzZDQ4LjE4Njc3NTc0NzczNDIhMm0zITFmMCEyZjAhM2YwITNtMiExaTEwMjQhMmk3NjghNGYxMy4xITNtMyExbTIhMXMweDQ3NmRhOWQ0ZjNjYmVjMTclM0EweDkyYTQ2ZjQ1ZmRmYTlhM2IhMnNKb2hhbm4tU3RyYXUlQzMlOUYtR2Fzc2UlMjAzMiUyQyUyMDEwNDAlMjBXaWVuITVlMCEzbTIhMXNkZSEyc2F0ITR2MTY4NjEzODA4OTExNyE1bTIhMXNkZSEyc2F0IiB3aWR0aD0iNjAwIiBoZWlnaHQ9IjU1MCIgc3R5bGU9ImJvcmRlcjowOyIgYWxsb3dmdWxsc2NyZWVuPSIiIGxvYWRpbmc9ImxhenkiIHJlZmVycmVycG9saWN5PSJuby1yZWZlcnJlci13aGVuLWRvd25ncmFkZSI+PC9pZnJhbWU+\"><div class=\"brlbs-cmpnt-cb-preset-b brlbs-cmpnt-cb-google-maps\"> <div class=\"brlbs-cmpnt-cb-thumbnail\" style=\"background-image: url('https:\/\/johann-strauss-apotheke.at\/wp-content\/uploads\/borlabs-cookie\/1\/brlbs-cb-google-maps-main.png')\"><\/div> <div class=\"brlbs-cmpnt-cb-main\"> <div class=\"brlbs-cmpnt-cb-content\"> <p class=\"brlbs-cmpnt-cb-description\">\u015eu anda bir yer tutucu i\u00e7eri\u011fi g\u00f6r\u00fcnt\u00fcl\u00fcyorsunuz <strong>Google Haritalar<\/strong>. As\u0131l i\u00e7eri\u011fe eri\u015fmek i\u00e7in a\u015fa\u011f\u0131daki d\u00fc\u011fmeyi t\u0131klay\u0131n. L\u00fctfen bunu yapt\u0131\u011f\u0131n\u0131zda \u00fc\u00e7\u00fcnc\u00fc taraf sa\u011flay\u0131c\u0131larla veri payla\u015faca\u011f\u0131n\u0131z\u0131 unutmay\u0131n.<\/p> <a class=\"brlbs-cmpnt-cb-provider-toggle\" href=\"#\" data-borlabs-cookie-show-provider-information role=\"button\">Daha Fazla Bilgi<\/a> <\/div> <div class=\"brlbs-cmpnt-cb-buttons\"> <a class=\"brlbs-cmpnt-cb-btn\" href=\"#\" data-borlabs-cookie-unblock role=\"button\">\u0130\u00e7erik engelini kald\u0131r\u0131n<\/a> <a class=\"brlbs-cmpnt-cb-btn\" href=\"#\" data-borlabs-cookie-accept-service role=\"button\" style=\"display: inherit\">Gerekli hizmeti kabul edin ve i\u00e7erik engelini kald\u0131r\u0131n<\/a> <\/div> <\/div> <\/div><\/div><\/div><\/div><\/div><\/div><\/div><\/div><div class=\"wpb_column vc_column_container vc_col-sm-6\"><div class=\"vc_column-inner vc_custom_1533033599033\"><div class=\"wpb_wrapper\"><div class=\"vc_empty_space\"   style=\"height: 10px\"><span class=\"vc_empty_space_inner\"><\/span><\/div><div id=\"ct-heading\" class=\"ct-heading align-left align-left-md align-left-sm align-left-xs\">\n            <style type=\"text\/css\">\n            @media (min-width: 991px) and (max-width: 1200px) {\n                #ct-heading .ct-heading-tag {\n                                            font-size: 30px !important;\n                                                        }\n            }\n        <\/style>\n    \n            <style type=\"text\/css\">\n            @media (min-width: 768px) and (max-width: 991px) {\n                #ct-heading .ct-heading-tag {\n                                            font-size: 30px !important;\n                                                        }\n            }\n        <\/style>\n    \n            <style type=\"text\/css\">\n            @media screen and (max-width: 767px) {\n                #ct-heading .ct-heading-tag {\n                                            font-size: 30px !important;\n                                                        }\n            }\n        <\/style>\n        \n        \n    <h3 class=\"ct-heading-tag\" style=\"margin-bottom:12px;font-size:30px;font-weight:600; \">\n                                    Bize ula\u015f\u0131n                                    <\/h3>\n\n    \n    <\/div><div class=\"vc_empty_space\"   style=\"height: 26px\"><span class=\"vc_empty_space_inner\"><\/span><\/div>    <div class=\"ct-contact-form-default   form-style1\">\n        <div class=\"ct-contact-form-inner\">\n            \n<div class=\"wpcf7 no-js\" id=\"wpcf7-f819-o1\" lang=\"en-US\" dir=\"ltr\" data-wpcf7-id=\"819\">\n<div class=\"screen-reader-response\"><p role=\"status\" aria-live=\"polite\" aria-atomic=\"true\"><\/p> <ul><\/ul><\/div>\n<form action=\"\/tr\/wp-json\/wp\/v2\/pages\/6584#wpcf7-f819-o1\" method=\"post\" class=\"wpcf7-form init\" aria-label=\"\u0130leti\u015fim formu\" novalidate=\"novalidate\" data-status=\"init\" data-trp-original-action=\"\/tr\/wp-json\/wp\/v2\/pages\/6584#wpcf7-f819-o1\">\n<fieldset class=\"hidden-fields-container\"><input type=\"hidden\" name=\"_wpcf7\" value=\"819\" \/><input type=\"hidden\" name=\"_wpcf7_version\" value=\"6.1.5\" \/><input type=\"hidden\" name=\"_wpcf7_locale\" value=\"en_US\" \/><input type=\"hidden\" name=\"_wpcf7_unit_tag\" value=\"wpcf7-f819-o1\" \/><input type=\"hidden\" name=\"_wpcf7_container_post\" value=\"0\" \/><input type=\"hidden\" name=\"_wpcf7_posted_data_hash\" value=\"\" \/>\n<\/fieldset>\n<div class=\"row\">\n\t<div class=\"col-sm-12 col-md-6 col-lg-6\">\n\t\t<div class=\"input-filled\">\n\t\t\t<p><span class=\"wpcf7-form-control-wrap\" data-name=\"firstname\"><input size=\"40\" maxlength=\"400\" class=\"wpcf7-form-control wpcf7-text wpcf7-validates-as-required\" aria-required=\"true\" aria-invalid=\"false\" placeholder=\"\u0130lk isim*\" value=\"\" type=\"text\" name=\"firstname\" \/><\/span>\n\t\t\t<\/p>\n\t\t<\/div>\n\t<\/div>\n\t<div class=\"col-sm-12 col-md-6 col-lg-6\">\n\t\t<div class=\"input-filled\">\n\t\t\t<p><span class=\"wpcf7-form-control-wrap\" data-name=\"lastname\"><input size=\"40\" maxlength=\"400\" class=\"wpcf7-form-control wpcf7-text wpcf7-validates-as-required\" aria-required=\"true\" aria-invalid=\"false\" placeholder=\"Soyad\u0131*\" value=\"\" type=\"text\" name=\"lastname\" \/><\/span>\n\t\t\t<\/p>\n\t\t<\/div>\n\t<\/div>\n<\/div>\n<div class=\"row\">\n\t<div class=\"col-sm-12 col-md-6 col-lg-6\">\n\t\t<div class=\"input-filled\">\n\t\t\t<p><span class=\"wpcf7-form-control-wrap\" data-name=\"email\"><input size=\"40\" maxlength=\"400\" class=\"wpcf7-form-control wpcf7-email wpcf7-validates-as-required wpcf7-text wpcf7-validates-as-email\" aria-required=\"true\" aria-invalid=\"false\" placeholder=\"E-posta adresi*\" value=\"\" type=\"email\" name=\"email\" \/><\/span>\n\t\t\t<\/p>\n\t\t<\/div>\n\t<\/div>\n\t<div class=\"col-sm-12 col-md-6 col-lg-6\">\n\t\t<div class=\"input-filled\">\n\t\t\t<p><span class=\"wpcf7-form-control-wrap\" data-name=\"phone\"><input size=\"40\" maxlength=\"400\" class=\"wpcf7-form-control wpcf7-tel wpcf7-validates-as-required wpcf7-text wpcf7-validates-as-tel\" aria-required=\"true\" aria-invalid=\"false\" placeholder=\"Telefon numaras\u0131*\" value=\"\" type=\"tel\" name=\"phone\" \/><\/span>\n\t\t\t<\/p>\n\t\t<\/div>\n\t<\/div>\n<\/div>\n<div class=\"row\">\n\t<div class=\"col-12\">\n\t\t<div class=\"input-filled\">\n\t\t\t<p><span class=\"wpcf7-form-control-wrap\" data-name=\"message\"><textarea cols=\"40\" rows=\"10\" maxlength=\"2000\" class=\"wpcf7-form-control wpcf7-textarea wpcf7-validates-as-required\" aria-required=\"true\" aria-invalid=\"false\" placeholder=\"Mesaj*\" name=\"message\"><\/textarea><\/span>\n\t\t\t<\/p>\n\t\t<\/div>\n\t<\/div>\n<\/div>\n<div class=\"row\">\n\t<div class=\"col-12\">\n\t\t<div class=\"\">\n\t\t\t<p><span class=\"wpcf7-form-control-wrap\" data-name=\"call\"><span class=\"wpcf7-form-control wpcf7-checkbox\"><span class=\"wpcf7-list-item first last\"><label><input type=\"checkbox\" name=\"call[]\" value=\"Ich bitte um einen R\u00fcckruf.\" \/><span class=\"wpcf7-list-item-label\">L\u00fctfen beni ara.<\/span><\/label><\/span><\/span><\/span>\n\t\t\t<\/p>\n\t\t<\/div>\n\t<\/div>\n\t<div class=\"col-12\">\n\t\t<div class=\"\">\n\t\t\t<p><span class=\"wpcf7-form-control-wrap\" data-name=\"priacy\"><span class=\"wpcf7-form-control wpcf7-checkbox wpcf7-validates-as-required\"><span class=\"wpcf7-list-item first last\"><label><input type=\"checkbox\" name=\"priacy[]\" value=\"Ich erkl\u00e4re mich mit dem Datenschutz einverstanden*.\" \/><span class=\"wpcf7-list-item-label\">Gizlilik politikas\u0131n\u0131* kabul ediyorum.<\/span><\/label><\/span><\/span><\/span>\n\t\t\t<\/p>\n\t\t<\/div>\n\t<\/div>\n<\/div>\n<div class=\"cf7-cf-turnstile\" style=\"margin-top: 0px; margin-bottom: -15px;\"> <div id=\"cf-turnstile-cf7-3488774306\" class=\"cf-turnstile\" data-sitekey=\"0x4AAAAAAAVmoJqBun6Tj3PG\" data-theme=\"light\" data-language=\"auto\" data-size=\"\" data-retry=\"auto\" data-retry-interval=\"1000\" data-refresh-expired=\"auto\" data-refresh-timeout=\"auto\" data-action=\"contact-form-7\" data-callback=\"turnstileCF7Callback\" data-appearance=\"interaction-only\"><\/div> <script>document.addEventListener(\"DOMContentLoaded\", function() { setTimeout(function(){ var e=document.getElementById(\"cf-turnstile-cf7-3488774306\"); if(e&&!e.innerHTML.trim()){turnstile.render(e, {sitekey:\"0x4AAAAAAAVmoJqBun6Tj3PG\"});} }, 200); });<\/script> <style>#cf-turnstile-cf7-3488774306 iframe { margin-bottom: 15px; }<\/style> <style>#cf-turnstile-cf7-3488774306 { margin-left: -15px; }<\/style> <script>document.addEventListener(\"DOMContentLoaded\",function(){document.querySelectorAll('.wpcf7-form').forEach(function(e){e.addEventListener('submit',function(){if(document.getElementById('cf-turnstile-cf7-3488774306')){setTimeout(function(){turnstile.reset('#cf-turnstile-cf7-3488774306');},1000)}})})});<\/script> <\/div>\n<div class=\"row\">\n\t<div class=\"col-12 rm-margin\">\n\t\t<p><input class=\"wpcf7-form-control wpcf7-submit has-spinner btn\" type=\"submit\" value=\"G\u00f6nder\" \/>\n\t\t<\/p>\n\t<\/div>\n<\/div><div class=\"wpcf7-response-output\" aria-hidden=\"true\"><\/div>\n<input type=\"hidden\" name=\"trp-form-language\" value=\"tr\"\/><\/form>\n<\/div>\n        <\/div>\n    <\/div>\n<\/div><\/div><\/div><\/div><div class=\"vc_row-full-width vc_clearfix\"><\/div>\n<\/div>","protected":false},"excerpt":{"rendered":"Unsere Geschenkideen aus der Apotheke In unserer Apotheke finden Sie viele Produkte, die sich ideal als Geschenk eignen. Ob kleine Aufmerksamkeiten oder besondere Wohlf\u00fchlartikel \u2013 hier ist f\u00fcr jeden etwas [...]","protected":false},"author":4,"featured_media":6592,"parent":883,"menu_order":3,"comment_status":"closed","ping_status":"closed","template":"","meta":{"inline_featured_image":false,"_price":"","_stock":"","_tribe_ticket_header":"","_tribe_default_ticket_provider":"","_tribe_ticket_capacity":"0","_ticket_start_date":"","_ticket_end_date":"","_tribe_ticket_show_description":"","_tribe_ticket_show_not_going":false,"_tribe_ticket_use_global_stock":"","_tribe_ticket_global_stock_level":"","_global_stock_mode":"","_global_stock_cap":"","_tribe_rsvp_for_event":"","_tribe_ticket_going_count":"","_tribe_ticket_not_going_count":"","_tribe_tickets_list":"[]","_tribe_ticket_has_attendee_info_fields":false,"footnotes":"","_tec_slr_enabled":"","_tec_slr_layout":""},"class_list":["post-6584","page","type-page","status-publish","has-post-thumbnail","hentry"],"ticketed":false,"_links":{"self":[{"href":"https:\/\/johann-strauss-apotheke.at\/tr\/wp-json\/wp\/v2\/pages\/6584","targetHints":{"allow":["GET"]}}],"collection":[{"href":"https:\/\/johann-strauss-apotheke.at\/tr\/wp-json\/wp\/v2\/pages"}],"about":[{"href":"https:\/\/johann-strauss-apotheke.at\/tr\/wp-json\/wp\/v2\/types\/page"}],"author":[{"embeddable":true,"href":"https:\/\/johann-strauss-apotheke.at\/tr\/wp-json\/wp\/v2\/users\/4"}],"replies":[{"embeddable":true,"href":"https:\/\/johann-strauss-apotheke.at\/tr\/wp-json\/wp\/v2\/comments?post=6584"}],"version-history":[{"count":6,"href":"https:\/\/johann-strauss-apotheke.at\/tr\/wp-json\/wp\/v2\/pages\/6584\/revisions"}],"predecessor-version":[{"id":6768,"href":"https:\/\/johann-strauss-apotheke.at\/tr\/wp-json\/wp\/v2\/pages\/6584\/revisions\/6768"}],"up":[{"embeddable":true,"href":"https:\/\/johann-strauss-apotheke.at\/tr\/wp-json\/wp\/v2\/pages\/883"}],"wp:featuredmedia":[{"embeddable":true,"href":"https:\/\/johann-strauss-apotheke.at\/tr\/wp-json\/wp\/v2\/media\/6592"}],"wp:attachment":[{"href":"https:\/\/johann-strauss-apotheke.at\/tr\/wp-json\/wp\/v2\/media?parent=6584"}],"curies":[{"name":"wp","href":"https:\/\/api.w.org\/{rel}","templated":true}]}}