{"id":831,"date":"2023-06-09T11:35:06","date_gmt":"2023-06-09T09:35:06","guid":{"rendered":"https:\/\/johann-strauss-apotheke.at\/?page_id=831"},"modified":"2026-02-08T12:13:27","modified_gmt":"2026-02-08T11:13:27","slug":"baski","status":"publish","type":"page","link":"https:\/\/johann-strauss-apotheke.at\/tr\/impressum\/","title":{"rendered":"K\u00fcnye"},"content":{"rendered":"<div class=\"wpb-content-wrapper\"><div class=\"vc_row wpb_row vc_row-fluid bg-image-ps-inherit\"><div class=\"wpb_column vc_column_container vc_col-sm-12\"><div class=\"vc_column-inner\"><div class=\"wpb_wrapper\">\n\t<div class=\"wpb_text_column wpb_content_element\" >\n\t\t<div class=\"wpb_wrapper\">\n\t\t\t<h1>K\u00fcnye<\/h1>\n<p>Johann Strauss Eczac\u0131l\u0131k Mag. pharm. Manuel Wendl KG<br \/>\nJohann-Strau\u00df-Gasse 32, 1040 Viyana<\/p>\n<p>T: <a href=\"tel:004315052164\">+43 1\u00a0505 21 64<\/a><br \/>\nF: +43 1 505 21 64 14<br \/>\nE: <a href=\"mailto:office@johann-strauss-apotheke.at\">office@johann-strauss-apotheke.at<\/a><\/p>\n<p>UID-No: ATU11324501<br \/>\n\u015eirket sicil no: FN 2329a HG Viyana<\/p>\n<p>\u015eirketin amac\u0131: Eczane<br \/>\nRuhsat sahibi: Mag. pharm. Manuel Wendl<\/p>\n<p>Yetkili denetim makam\u0131:<br \/>\nFederal Sa\u011fl\u0131k ve Kad\u0131n \u0130\u015fleri Bakanl\u0131\u011f\u0131 - <a href=\"https:\/\/www.ris.bka.gv.at\/\" target=\"_blank\" rel=\"noopener nofollow\">www.ris.bka.gv.at<\/a><\/p>\n<p>\u015eirket, Avusturya Eczac\u0131l\u0131k Yasas\u0131 uyar\u0131nca bir kamu eczanesidir.<\/p>\n<p>M\u00fcd\u00fcr, Avusturya Eczac\u0131lar Odas\u0131'n\u0131n bir \u00fcyesidir.<\/p>\n<p>Mesleki d\u00fczenleme: Eczac\u0131l\u0131k Yasas\u0131<\/p>\n<p>Pavlina Delcheva - Logo Tasar\u0131m\u0131<br \/>\nDI (FH) Birgit B\u00f6hm - Webdesign<br \/>\n<a href=\"https:\/\/komma99.at\/\" target=\"_blank\" rel=\"noopener nofollow\">Comma99<\/a> - Online Pazarlama Ajans\u0131<br \/>\nResimlerden: <a href=\"https:\/\/www.stefanjoham.com\" target=\"_blank\" rel=\"noopener nofollow\">Stefan Joham<\/a>, <a href=\"https:\/\/unsplash.com\/de\" target=\"_blank\" rel=\"noopener nofollow\">Unsplash<\/a>, <a href=\"https:\/\/www.canva.com\/de_de\/\" target=\"_blank\" rel=\"noopener nofollow\">Canva,<\/a>\u00a0<a href=\"https:\/\/www.pexels.com\/de-de\/\" target=\"_blank\" rel=\"noopener nofollow\">Pexels<\/a> ve <a href=\"https:\/\/www.zweiconcept.at\/\" target=\"_blank\" rel=\"noopener nofollow\">ZWEI Konsept<\/a><\/p>\n\n\t\t<\/div>\n\t<\/div>\n<\/div><\/div><\/div><\/div>\n<\/div>","protected":false},"excerpt":{"rendered":"Impressum Johann Strauss Apotheke Mag. pharm. Manuel Wendl KG Johann-Strau\u00df-Gasse 32, 1040 Wien T: +43 1\u00a0505 21 64 F: +43 1\u00a0505 21 64 14 E: office@johann-strauss-apotheke.at UID-Nr.: ATU11324501 Firmenbuch-Nr.: FN [...]","protected":false},"author":1,"featured_media":0,"parent":0,"menu_order":80,"comment_status":"closed","ping_status":"closed","template":"","meta":{"inline_featured_image":false,"_price":"","_stock":"","_tribe_ticket_header":"","_tribe_default_ticket_provider":"","_tribe_ticket_capacity":"0","_ticket_start_date":"","_ticket_end_date":"","_tribe_ticket_show_description":"","_tribe_ticket_show_not_going":false,"_tribe_ticket_use_global_stock":"","_tribe_ticket_global_stock_level":"","_global_stock_mode":"","_global_stock_cap":"","_tribe_rsvp_for_event":"","_tribe_ticket_going_count":"","_tribe_ticket_not_going_count":"","_tribe_tickets_list":"[]","_tribe_ticket_has_attendee_info_fields":false,"footnotes":"","_tec_slr_enabled":"","_tec_slr_layout":""},"class_list":["post-831","page","type-page","status-publish","hentry"],"ticketed":false,"_links":{"self":[{"href":"https:\/\/johann-strauss-apotheke.at\/tr\/wp-json\/wp\/v2\/pages\/831","targetHints":{"allow":["GET"]}}],"collection":[{"href":"https:\/\/johann-strauss-apotheke.at\/tr\/wp-json\/wp\/v2\/pages"}],"about":[{"href":"https:\/\/johann-strauss-apotheke.at\/tr\/wp-json\/wp\/v2\/types\/page"}],"author":[{"embeddable":true,"href":"https:\/\/johann-strauss-apotheke.at\/tr\/wp-json\/wp\/v2\/users\/1"}],"replies":[{"embeddable":true,"href":"https:\/\/johann-strauss-apotheke.at\/tr\/wp-json\/wp\/v2\/comments?post=831"}],"version-history":[{"count":3,"href":"https:\/\/johann-strauss-apotheke.at\/tr\/wp-json\/wp\/v2\/pages\/831\/revisions"}],"predecessor-version":[{"id":6856,"href":"https:\/\/johann-strauss-apotheke.at\/tr\/wp-json\/wp\/v2\/pages\/831\/revisions\/6856"}],"wp:attachment":[{"href":"https:\/\/johann-strauss-apotheke.at\/tr\/wp-json\/wp\/v2\/media?parent=831"}],"curies":[{"name":"wp","href":"https:\/\/api.w.org\/{rel}","templated":true}]}}